{"id":4044,"date":"2016-11-24T10:42:46","date_gmt":"2016-11-24T10:42:46","guid":{"rendered":"http:\/\/www.allclosuresin.com\/site\/?page_id=4044"},"modified":"2017-03-06T11:36:38","modified_gmt":"2017-03-06T11:36:38","slug":"the-company","status":"publish","type":"page","link":"http:\/\/www.allclosuresin.com\/es\/empresa\/","title":{"rendered":"La Empresa"},"content":{"rendered":"<div class=\"wpb-content-wrapper\"><p>[vc_row][vc_column reveal_effect=\u00bbfadeIn\u00bb reveal_duration=\u00bb0.7&#8243; reveal_delay=\u00bb0.1&#8243;][lab_heading title=\u00bbLa Empresa\u00bb]Acerca de nosotros[\/lab_heading][\/vc_column][\/vc_row][vc_row][vc_column reveal_effect=\u00bbfadeIn\u00bb width=\u00bb5\/12&#8243; reveal_duration=\u00bb1&#8243; reveal_delay=\u00bb0.3&#8243;][vc_single_image image=\u00bb4181&#8243; img_size=\u00bbfull\u00bb][\/vc_column][vc_column reveal_effect=\u00bbfadeIn\u00bb width=\u00bb7\/12&#8243; reveal_duration=\u00bb1.5&#8243; reveal_delay=\u00bb0.5&#8243;][vc_column_text]All Closures In, S.A. (ACIn) es una empresa nueva, fundada a finales de 2015, liderada por un equipo de gesti\u00f3n con gran experiencia en el sector de los tapones para vino y dedicada a suministrar tapones de corcho fabricados a medida de las necesidades espec\u00edficas de los vinicultores. Operamos directamente en Portugal, Espa\u00f1a y Francia y contamos con acuerdos de distribuci\u00f3n para el resto del mundo.<\/p>\n<p>Los consumidores de todo el mundo est\u00e1n dispuestos a pagar m\u00e1s por aquellos vinos que cuentan con tapones de corcho, porque reconocen la calidad superior de esta materia prima y aprecian sus propiedades inigualables en lo que respecta a la sostenibilidad.<\/p>\n<p>Un tap\u00f3n de corcho garantiza que el vino envejezca correctamente en botella y los productores de vinos y bebidas alcoh\u00f3licas entienden la elecci\u00f3n del corcho como un elemento fundamental en el \u00e1mbito de sus objetivos de calidad y estrategia empresarial, buscando el mejor proveedor para satisfacer sus necesidades.<\/p>\n<p>La garant\u00eda de calidad premium y la personalizaci\u00f3n son t\u00e9rminos clave en el mundo empresarial moderno y que exigen empresas \u00e1giles y capaces de satisfacer las necesidades espec\u00edficas de cada cliente.<br \/>\nLiderada por un equipo de gesti\u00f3n que cuenta con una gran experiencia en el sector de los tapones de vino, ACIn fue fundada para prestar apoyo a los vinicultores a la hora de escoger el mejor tap\u00f3n de corcho para sus vinos y bebidas alcoh\u00f3licas, con la mejor relaci\u00f3n calidad-precio.<\/p>\n<p>Gracias a una amplia variedad de tapones de corcho, junto con un enfoque personalizado y flexible, combinado con la amplia experiencia y los conocimientos de nuestro equipo de gesti\u00f3n, nos sentimos orgullosos de haber ganado, en nuestros primeros meses de actividad, la confianza de bodegas de gran prestigio y reconocidas en todo el mundo.[\/vc_column_text][\/vc_column][\/vc_row][vc_row][vc_column][vc_empty_space height=\u00bb100px\u00bb][\/vc_column][\/vc_row]<\/p>\n<\/div>","protected":false},"excerpt":{"rendered":"<p>[vc_row][vc_column reveal_effect=\u00bbfadeIn\u00bb reveal_duration=\u00bb0.7&#8243; reveal_delay=\u00bb0.1&#8243;][lab_heading title=\u00bbLa Empresa\u00bb]Acerca de nosotros[\/lab_heading][\/vc_column][\/vc_row][vc_row][vc_column reveal_effect=\u00bbfadeIn\u00bb width=\u00bb5\/12&#8243; reveal_duration=\u00bb1&#8243; reveal_delay=\u00bb0.3&#8243;][vc_single_image image=\u00bb4181&#8243; img_size=\u00bbfull\u00bb][\/vc_column][vc_column reveal_effect=\u00bbfadeIn\u00bb width=\u00bb7\/12&#8243; reveal_duration=\u00bb1.5&#8243; reveal_delay=\u00bb0.5&#8243;][vc_column_text]All Closures In, S.A. (ACIn) es una empresa nueva, fundada a finales de 2015, liderada por un equipo de gesti\u00f3n con gran experiencia en el sector de los tapones para vino y dedicada a suministrar tapones de corcho&hellip;<\/p>\n","protected":false},"author":1,"featured_media":0,"parent":0,"menu_order":0,"comment_status":"closed","ping_status":"closed","template":"","meta":{"_exactmetrics_skip_tracking":false,"_exactmetrics_sitenote_active":false,"_exactmetrics_sitenote_note":"","_exactmetrics_sitenote_category":0,"footnotes":""},"acf":[],"yoast_head":"<!-- This site is optimized with the Yoast SEO plugin v22.0 - https:\/\/yoast.com\/wordpress\/plugins\/seo\/ -->\n<title>La Empresa - ALL CLOSURES IN<\/title>\n<meta name=\"description\" content=\"All Closures In, S.A. es una empresa dedicada a proporcionar tapones adaptados a las necesidades espec\u00edficas de cada productor de vino.\" \/>\n<meta name=\"robots\" content=\"index, follow, max-snippet:-1, max-image-preview:large, max-video-preview:-1\" \/>\n<link rel=\"canonical\" href=\"http:\/\/www.allclosuresin.com\/es\/empresa\/\" \/>\n<meta property=\"og:locale\" content=\"es_ES\" \/>\n<meta property=\"og:type\" content=\"article\" \/>\n<meta property=\"og:title\" content=\"La Empresa - ALL CLOSURES IN\" \/>\n<meta property=\"og:description\" content=\"All Closures In, S.A. es una empresa dedicada a proporcionar tapones adaptados a las necesidades espec\u00edficas de cada productor de vino.\" \/>\n<meta property=\"og:url\" content=\"http:\/\/www.allclosuresin.com\/es\/empresa\/\" \/>\n<meta property=\"og:site_name\" content=\"ALL CLOSURES IN\" \/>\n<meta property=\"article:modified_time\" content=\"2017-03-06T11:36:38+00:00\" \/>\n<meta name=\"twitter:card\" content=\"summary_large_image\" \/>\n<meta name=\"twitter:label1\" content=\"Tiempo de lectura\" \/>\n\t<meta name=\"twitter:data1\" content=\"8 minutos\" \/>\n<script type=\"application\/ld+json\" class=\"yoast-schema-graph\">{\"@context\":\"https:\/\/schema.org\",\"@graph\":[{\"@type\":\"WebPage\",\"@id\":\"http:\/\/www.allclosuresin.com\/es\/empresa\/\",\"url\":\"http:\/\/www.allclosuresin.com\/es\/empresa\/\",\"name\":\"La Empresa - ALL CLOSURES IN\",\"isPartOf\":{\"@id\":\"http:\/\/www.allclosuresin.com\/es\/#website\"},\"datePublished\":\"2016-11-24T10:42:46+00:00\",\"dateModified\":\"2017-03-06T11:36:38+00:00\",\"description\":\"All Closures In, S.A. es una empresa dedicada a proporcionar tapones adaptados a las necesidades espec\u00edficas de cada productor de vino.\",\"breadcrumb\":{\"@id\":\"http:\/\/www.allclosuresin.com\/es\/empresa\/#breadcrumb\"},\"inLanguage\":\"es\",\"potentialAction\":[{\"@type\":\"ReadAction\",\"target\":[[\"http:\/\/www.allclosuresin.com\/es\/empresa\/\"]]}]},{\"@type\":\"BreadcrumbList\",\"@id\":\"http:\/\/www.allclosuresin.com\/es\/empresa\/#breadcrumb\",\"itemListElement\":[{\"@type\":\"ListItem\",\"position\":1,\"name\":\"In\u00edcio\",\"item\":\"http:\/\/www.allclosuresin.com\/es\/\"},{\"@type\":\"ListItem\",\"position\":2,\"name\":\"La Empresa\"}]},{\"@type\":\"WebSite\",\"@id\":\"http:\/\/www.allclosuresin.com\/es\/#website\",\"url\":\"http:\/\/www.allclosuresin.com\/es\/\",\"name\":\"ALL CLOSURES IN\",\"description\":\"UN SELLO DE CONFIANZA - Los productos de valor deben protegerse\",\"publisher\":{\"@id\":\"http:\/\/www.allclosuresin.com\/es\/#organization\"},\"potentialAction\":[{\"@type\":\"SearchAction\",\"target\":{\"@type\":\"EntryPoint\",\"urlTemplate\":\"http:\/\/www.allclosuresin.com\/es\/?s={search_term_string}\"},\"query-input\":\"required name=search_term_string\"}],\"inLanguage\":\"es\"},{\"@type\":\"Organization\",\"@id\":\"http:\/\/www.allclosuresin.com\/es\/#organization\",\"name\":\"All Closures In\",\"url\":\"http:\/\/www.allclosuresin.com\/es\/\",\"logo\":{\"@type\":\"ImageObject\",\"inLanguage\":\"es\",\"@id\":\"http:\/\/www.allclosuresin.com\/es\/#\/schema\/logo\/image\/\",\"url\":\"http:\/\/www.allclosuresin.com\/wp-content\/uploads\/2016\/11\/logo_grande.png\",\"contentUrl\":\"http:\/\/www.allclosuresin.com\/wp-content\/uploads\/2016\/11\/logo_grande.png\",\"width\":413,\"height\":292,\"caption\":\"All Closures In\"},\"image\":{\"@id\":\"http:\/\/www.allclosuresin.com\/es\/#\/schema\/logo\/image\/\"}}]}<\/script>\n<!-- \/ Yoast SEO plugin. -->","yoast_head_json":{"title":"La Empresa - ALL CLOSURES IN","description":"All Closures In, S.A. es una empresa dedicada a proporcionar tapones adaptados a las necesidades espec\u00edficas de cada productor de vino.","robots":{"index":"index","follow":"follow","max-snippet":"max-snippet:-1","max-image-preview":"max-image-preview:large","max-video-preview":"max-video-preview:-1"},"canonical":"http:\/\/www.allclosuresin.com\/es\/empresa\/","og_locale":"es_ES","og_type":"article","og_title":"La Empresa - ALL CLOSURES IN","og_description":"All Closures In, S.A. es una empresa dedicada a proporcionar tapones adaptados a las necesidades espec\u00edficas de cada productor de vino.","og_url":"http:\/\/www.allclosuresin.com\/es\/empresa\/","og_site_name":"ALL CLOSURES IN","article_modified_time":"2017-03-06T11:36:38+00:00","twitter_card":"summary_large_image","twitter_misc":{"Tiempo de lectura":"8 minutos"},"schema":{"@context":"https:\/\/schema.org","@graph":[{"@type":"WebPage","@id":"http:\/\/www.allclosuresin.com\/es\/empresa\/","url":"http:\/\/www.allclosuresin.com\/es\/empresa\/","name":"La Empresa - ALL CLOSURES IN","isPartOf":{"@id":"http:\/\/www.allclosuresin.com\/es\/#website"},"datePublished":"2016-11-24T10:42:46+00:00","dateModified":"2017-03-06T11:36:38+00:00","description":"All Closures In, S.A. es una empresa dedicada a proporcionar tapones adaptados a las necesidades espec\u00edficas de cada productor de vino.","breadcrumb":{"@id":"http:\/\/www.allclosuresin.com\/es\/empresa\/#breadcrumb"},"inLanguage":"es","potentialAction":[{"@type":"ReadAction","target":[["http:\/\/www.allclosuresin.com\/es\/empresa\/"]]}]},{"@type":"BreadcrumbList","@id":"http:\/\/www.allclosuresin.com\/es\/empresa\/#breadcrumb","itemListElement":[{"@type":"ListItem","position":1,"name":"In\u00edcio","item":"http:\/\/www.allclosuresin.com\/es\/"},{"@type":"ListItem","position":2,"name":"La Empresa"}]},{"@type":"WebSite","@id":"http:\/\/www.allclosuresin.com\/es\/#website","url":"http:\/\/www.allclosuresin.com\/es\/","name":"ALL CLOSURES IN","description":"UN SELLO DE CONFIANZA - Los productos de valor deben protegerse","publisher":{"@id":"http:\/\/www.allclosuresin.com\/es\/#organization"},"potentialAction":[{"@type":"SearchAction","target":{"@type":"EntryPoint","urlTemplate":"http:\/\/www.allclosuresin.com\/es\/?s={search_term_string}"},"query-input":"required name=search_term_string"}],"inLanguage":"es"},{"@type":"Organization","@id":"http:\/\/www.allclosuresin.com\/es\/#organization","name":"All Closures In","url":"http:\/\/www.allclosuresin.com\/es\/","logo":{"@type":"ImageObject","inLanguage":"es","@id":"http:\/\/www.allclosuresin.com\/es\/#\/schema\/logo\/image\/","url":"http:\/\/www.allclosuresin.com\/wp-content\/uploads\/2016\/11\/logo_grande.png","contentUrl":"http:\/\/www.allclosuresin.com\/wp-content\/uploads\/2016\/11\/logo_grande.png","width":413,"height":292,"caption":"All Closures In"},"image":{"@id":"http:\/\/www.allclosuresin.com\/es\/#\/schema\/logo\/image\/"}}]}},"_links":{"self":[{"href":"http:\/\/www.allclosuresin.com\/es\/wp-json\/wp\/v2\/pages\/4044"}],"collection":[{"href":"http:\/\/www.allclosuresin.com\/es\/wp-json\/wp\/v2\/pages"}],"about":[{"href":"http:\/\/www.allclosuresin.com\/es\/wp-json\/wp\/v2\/types\/page"}],"author":[{"embeddable":true,"href":"http:\/\/www.allclosuresin.com\/es\/wp-json\/wp\/v2\/users\/1"}],"replies":[{"embeddable":true,"href":"http:\/\/www.allclosuresin.com\/es\/wp-json\/wp\/v2\/comments?post=4044"}],"version-history":[{"count":4,"href":"http:\/\/www.allclosuresin.com\/es\/wp-json\/wp\/v2\/pages\/4044\/revisions"}],"predecessor-version":[{"id":4746,"href":"http:\/\/www.allclosuresin.com\/es\/wp-json\/wp\/v2\/pages\/4044\/revisions\/4746"}],"wp:attachment":[{"href":"http:\/\/www.allclosuresin.com\/es\/wp-json\/wp\/v2\/media?parent=4044"}],"curies":[{"name":"wp","href":"https:\/\/api.w.org\/{rel}","templated":true}]}}