{"id":4063,"date":"2016-11-24T12:42:27","date_gmt":"2016-11-24T12:42:27","guid":{"rendered":"http:\/\/www.allclosuresin.com\/site\/?page_id=4063"},"modified":"2017-03-06T11:58:27","modified_gmt":"2017-03-06T11:58:27","slug":"sostenibilidad","status":"publish","type":"page","link":"http:\/\/www.allclosuresin.com\/es\/sostenibilidad\/","title":{"rendered":"Sostenibilidad"},"content":{"rendered":"<div class=\"wpb-content-wrapper\"><p>[vc_row][vc_column reveal_effect=\u00bbfadeIn\u00bb reveal_duration=\u00bb0.7&#8243;][lab_heading title=\u00bbSostenibilidad\u00bb]El poder de la sostenibilidad y la protecci\u00f3n del planeta[\/lab_heading][\/vc_column][\/vc_row][vc_row no_bottom_margin=\u00bbyes\u00bb css=\u00bb.vc_custom_1449173575424{margin-bottom: 0px !important;}\u00bb][vc_column reveal_effect=\u00bbfadeIn\u00bb width=\u00bb1\/2&#8243; reveal_duration=\u00bb1&#8243; css=\u00bb.vc_custom_1427135159400{margin-right: 0px !important;padding-right: 0px !important;}\u00bb][vc_single_image image=\u00bb4420&#8243; img_size=\u00bbfull\u00bb css=\u00bb.vc_custom_1480686270654{margin-bottom: 0px !important;}\u00bb][\/vc_column][vc_column reveal_effect=\u00bbfadeIn\u00bb width=\u00bb1\/2&#8243; css=\u00bb.vc_custom_1426247184186{margin-left: 0px !important;padding-left: 0px !important;}\u00bb reveal_duration=\u00bb1&#8243;][lab_service_box css=\u00bb.vc_custom_1426246489664{padding-top: 45px !important;padding-right: 65px !important;padding-bottom: 45px !important;padding-left: 65px !important;}\u00bb][vc_icon type=\u00bbfontawesome\u00bb icon_fontawesome=\u00bbfa fa-pagelines\u00bb color=\u00bbvista_blue\u00bb background_style=\u00bbrounded-outline\u00bb background_color=\u00bbvista_blue\u00bb][lab_service_box_content title=\u00bbLa importancia ecol\u00f3gica de las dehesas de alcornoques\u00bb description=\u00bbLa conservaci\u00f3n de la biodiversidad, la regulaci\u00f3n del ciclo hidrol\u00f3gico, la protecci\u00f3n del suelo o la captura y almacenamiento de carbono son ejemplos de los servicios medioambientales que proporcionan los ecosistemas forestales, de los que son claros ejemplos las dehesas y los alcornocales.<\/p>\n<p>Los ecosistemas de las regiones mediterr\u00e1neas son especialmente ricos en flora y fauna y constituyen aut\u00e9nticos parajes de biodiversidad. La cuenca mediterr\u00e1nea posee una riqueza de especies muy superior a la que se puede encontrar en el resto de Europa. De ellas, m\u00e1s de la mitad se encuentran \u00fanicamente en el Mediterr\u00e1neo, por lo que se trata de especies end\u00e9micas de la regi\u00f3n. El alcornoque es una de esas especies. Adem\u00e1s, las dehesas y alcornocales son importantes reservas de biodiversidad.<br \/>\nEl alcornoque, una especie clave de la dehesa, es la base de una cadena tr\u00f3fica que incluye desde los insectos que se alimentan de sus hojas hasta las aves que cazan estos insectos. Las dehesas tambi\u00e9n proporcionan zonas de refugio, nidificaci\u00f3n y alimentaci\u00f3n a diversas especies de fauna, algunas de ellas protegidas.<\/p>\n<p>La longevidad de los \u00e1rboles (que pueden vivir, de media, 200 a\u00f1os) y la persistencia de la estructura de la comunidad vegetal contribuyen a la gran diversidad de plantas existentes en las dehesas.\u00bb][\/lab_service_box][\/vc_column][\/vc_row][vc_row no_bottom_margin=\u00bbyes\u00bb css=\u00bb.vc_custom_1449173593554{margin-bottom: 0px !important;}\u00bb][vc_column reveal_effect=\u00bbfadeIn\u00bb width=\u00bb1\/2&#8243; reveal_duration=\u00bb1&#8243;][lab_service_box css=\u00bb.vc_custom_1426246508339{margin-right: 0px !important;margin-left: 0px !important;padding-top: 45px !important;padding-right: 65px !important;padding-bottom: 45px !important;padding-left: 65px !important;}\u00bb][vc_icon type=\u00bbfontawesome\u00bb icon_fontawesome=\u00bbfa fa-tint\u00bb color=\u00bbvista_blue\u00bb background_style=\u00bbrounded-outline\u00bb background_color=\u00bbvista_blue\u00bb][lab_service_box_content title=\u00bbLa regulaci\u00f3n hidrol\u00f3gica y la conservaci\u00f3n del suelo\u00bb description=\u00bbLas superficies forestales, incluidas las dehesas de alcornoques, desempe\u00f1an un papel fundamental en la regulaci\u00f3n hidrol\u00f3gica. Los \u00e1rboles y sus ra\u00edces influyen en la infiltraci\u00f3n y la escorrent\u00eda superficial del agua. Las copas de los \u00e1rboles captan el agua de la lluvia y la \u00abcanalizan\u00bb hasta el suelo. Por lo general, el suelo situado bajo la copa es m\u00e1s permeable, tiene mayor capacidad de retenci\u00f3n de agua y es m\u00e1s rico en nutrientes que el suelo descubierto, por lo que est\u00e1 m\u00e1s protegido del impacto directo de la lluvia que, en determinadas ocasiones, puede provocar el arrastre y erosi\u00f3n de los suelos, contribuyendo a regular el ciclo del agua.<\/p>\n<p>En las dehesas de alcornoques, a pesar de que las copas se mantienen verdes durante todo el a\u00f1o, las hojas se renuevan anualmente. Las hojas viejas se descomponen, lo que ayuda a crear la materia org\u00e1nica del suelo, que recicla los nutrientes que absorben las plantas. Sin embargo, la principal contribuci\u00f3n para la acumulaci\u00f3n de la materia org\u00e1nica del suelo procede de las ra\u00edces finas de los alcornoques, que proliferan cerca de la superficie del suelo y que tienen un periodo de vida corto.<\/p>\n<p>Por su potencial valor econ\u00f3mico, los alcornocales tambi\u00e9n pueden ser cruciales para la creaci\u00f3n de \u00e1reas forestales que creen una barrera contra la desertizaci\u00f3n.\u00bb][\/lab_service_box][\/vc_column][vc_column reveal_effect=\u00bbfadeIn\u00bb width=\u00bb1\/2&#8243; css=\u00bb.vc_custom_1471595809282{margin-left: -15px !important;padding-right: 0px !important;padding-left: 0px !important;}\u00bb reveal_duration=\u00bb1&#8243;][vc_single_image image=\u00bb4368&#8243; img_size=\u00bbfull\u00bb css=\u00bb.vc_custom_1480686670630{margin-bottom: 0px !important;}\u00bb][\/vc_column][\/vc_row][vc_row css=\u00bb.vc_custom_1426246390316{margin-bottom: 0px !important;}\u00bb][vc_column reveal_effect=\u00bbfadeIn\u00bb width=\u00bb1\/2&#8243; reveal_duration=\u00bb1&#8243;][vc_single_image image=\u00bb4179&#8243; img_size=\u00bbfull\u00bb][\/vc_column][vc_column reveal_effect=\u00bbfadeIn\u00bb width=\u00bb1\/2&#8243; reveal_duration=\u00bb1&#8243;][lab_service_box css=\u00bb.vc_custom_1426246531346{padding-top: 45px !important;padding-right: 65px !important;padding-bottom: 45px !important;padding-left: 65px !important;}\u00bb][vc_icon type=\u00bbfontawesome\u00bb icon_fontawesome=\u00bbfa fa-leaf\u00bb color=\u00bbvista_blue\u00bb background_style=\u00bbrounded-outline\u00bb background_color=\u00bbvista_blue\u00bb][lab_service_box_content title=\u00bbEl tap\u00f3n de corcho y el medioambiente\u00bb description=\u00bbEl incremento de las concentraciones de gases de efecto invernadero en la atm\u00f3sfera, como el di\u00f3xido de carbono (CO2), es responsable de graves alteraciones en el clima.<\/p>\n<p>Anualmente, se extraen unas 200 mil toneladas de corcho y solo de Portugal sale aproximadamente la mitad de toda la producci\u00f3n mundial.<br \/>\nAproximadamente, un tercio del corcho producido se transforma en tapones.<\/p>\n<p>Como producto vegetal, el corcho retiene el carbono resultante de la asimilaci\u00f3n fotosint\u00e9tica del di\u00f3xido de carbono atmosf\u00e9rico (CO2). Una parte de ese carbono se emplea para el metabolismo y el resto para el crecimiento de la planta. El corcho procesado seguir\u00e1 reteniendo carbono (la mitad del peso en seco de cada tap\u00f3n). Esta funci\u00f3n \u00fanicamente termina cuando se devuelve el carbono a la atm\u00f3sfera en forma de CO2. Esta captura y almacenamiento de carbono en compuestos sin efecto invernadero, en especial de CO2, contribuye a reducir los efectos de las emisiones de gases de efecto invernadero.<\/p>\n<p>En comparaci\u00f3n con otros cierres, en lo que respecta a la emisi\u00f3n de gases de efecto invernadero, la producci\u00f3n y uso de cada tap\u00f3n emite 10 veces menos CO2 que un tap\u00f3n de pl\u00e1stico y 24 veces menos que una c\u00e1psula de aluminio.<\/p>\n<p>Adem\u00e1s de esto, y al contrario de lo que ocurre con las superficies forestales dedicadas a la producci\u00f3n de madera, la explotaci\u00f3n comercial del corcho no precisa de la tala del \u00e1rbol, que permanece intacto. \u00danicamente se extrae su corteza del tronco, en porciones gruesas y a intervalos de 9 a\u00f1os, que representa una proporci\u00f3n \u00ednfima de la producci\u00f3n total de los \u00e1rboles (apenas un 1 %). La recogida de una proporci\u00f3n tan peque\u00f1a del almacenamiento de carbono no altera la estructura forestal ni la fisiolog\u00eda de los \u00e1rboles.<\/p>\n<p>En definitiva, el tap\u00f3n es un producto natural, cuya extracci\u00f3n del corcho, adem\u00e1s de no afectar a los procesos del propio ecosistema, permite la prestaci\u00f3n de servicios medioambientales claves gracias a las dehesas y a los alcornocales. La cuidada gesti\u00f3n y el adecuado valor que se da a estos servicios resultan esenciales para su sostenibilidad y mantenimiento de los beneficios que generan para la sociedad.\u00bb][\/lab_service_box][\/vc_column][\/vc_row]<\/p>\n<\/div>","protected":false},"excerpt":{"rendered":"<p>[vc_row][vc_column reveal_effect=\u00bbfadeIn\u00bb reveal_duration=\u00bb0.7&#8243;][lab_heading title=\u00bbSostenibilidad\u00bb]El poder de la sostenibilidad y la protecci\u00f3n del planeta[\/lab_heading][\/vc_column][\/vc_row][vc_row no_bottom_margin=\u00bbyes\u00bb css=\u00bb.vc_custom_1449173575424{margin-bottom: 0px !important;}\u00bb][vc_column reveal_effect=\u00bbfadeIn\u00bb width=\u00bb1\/2&#8243; reveal_duration=\u00bb1&#8243; css=\u00bb.vc_custom_1427135159400{margin-right: 0px !important;padding-right: 0px !important;}\u00bb][vc_single_image image=\u00bb4420&#8243; img_size=\u00bbfull\u00bb css=\u00bb.vc_custom_1480686270654{margin-bottom: 0px !important;}\u00bb][\/vc_column][vc_column reveal_effect=\u00bbfadeIn\u00bb width=\u00bb1\/2&#8243; css=\u00bb.vc_custom_1426247184186{margin-left: 0px !important;padding-left: 0px !important;}\u00bb reveal_duration=\u00bb1&#8243;][lab_service_box css=\u00bb.vc_custom_1426246489664{padding-top: 45px !important;padding-right: 65px !important;padding-bottom: 45px !important;padding-left: 65px !important;}\u00bb][vc_icon type=\u00bbfontawesome\u00bb icon_fontawesome=\u00bbfa fa-pagelines\u00bb color=\u00bbvista_blue\u00bb background_style=\u00bbrounded-outline\u00bb background_color=\u00bbvista_blue\u00bb][lab_service_box_content title=\u00bbLa importancia&hellip;<\/p>\n","protected":false},"author":1,"featured_media":0,"parent":0,"menu_order":0,"comment_status":"closed","ping_status":"closed","template":"","meta":{"_exactmetrics_skip_tracking":false,"_exactmetrics_sitenote_active":false,"_exactmetrics_sitenote_note":"","_exactmetrics_sitenote_category":0,"footnotes":""},"acf":[],"yoast_head":"<!-- This site is optimized with the Yoast SEO plugin v22.0 - https:\/\/yoast.com\/wordpress\/plugins\/seo\/ -->\n<title>Sostenibilidad - ALL CLOSURES IN<\/title>\n<meta name=\"description\" content=\"El tap\u00f3n de corcho y el medioambiente. El poder de la sostenibilidad y la protecci\u00f3n del planeta.\" \/>\n<meta name=\"robots\" content=\"index, follow, max-snippet:-1, max-image-preview:large, max-video-preview:-1\" \/>\n<link rel=\"canonical\" href=\"http:\/\/www.allclosuresin.com\/es\/sostenibilidad\/\" \/>\n<meta property=\"og:locale\" content=\"es_ES\" \/>\n<meta property=\"og:type\" content=\"article\" \/>\n<meta property=\"og:title\" content=\"Sostenibilidad - ALL CLOSURES IN\" \/>\n<meta property=\"og:description\" content=\"El tap\u00f3n de corcho y el medioambiente. El poder de la sostenibilidad y la protecci\u00f3n del planeta.\" \/>\n<meta property=\"og:url\" content=\"http:\/\/www.allclosuresin.com\/es\/sostenibilidad\/\" \/>\n<meta property=\"og:site_name\" content=\"ALL CLOSURES IN\" \/>\n<meta property=\"article:modified_time\" content=\"2017-03-06T11:58:27+00:00\" \/>\n<meta name=\"twitter:card\" content=\"summary_large_image\" \/>\n<meta name=\"twitter:label1\" content=\"Tiempo de lectura\" \/>\n\t<meta name=\"twitter:data1\" content=\"23 minutos\" \/>\n<script type=\"application\/ld+json\" class=\"yoast-schema-graph\">{\"@context\":\"https:\/\/schema.org\",\"@graph\":[{\"@type\":\"WebPage\",\"@id\":\"http:\/\/www.allclosuresin.com\/es\/sostenibilidad\/\",\"url\":\"http:\/\/www.allclosuresin.com\/es\/sostenibilidad\/\",\"name\":\"Sostenibilidad - ALL CLOSURES IN\",\"isPartOf\":{\"@id\":\"http:\/\/www.allclosuresin.com\/es\/#website\"},\"datePublished\":\"2016-11-24T12:42:27+00:00\",\"dateModified\":\"2017-03-06T11:58:27+00:00\",\"description\":\"El tap\u00f3n de corcho y el medioambiente. El poder de la sostenibilidad y la protecci\u00f3n del planeta.\",\"breadcrumb\":{\"@id\":\"http:\/\/www.allclosuresin.com\/es\/sostenibilidad\/#breadcrumb\"},\"inLanguage\":\"es\",\"potentialAction\":[{\"@type\":\"ReadAction\",\"target\":[[\"http:\/\/www.allclosuresin.com\/es\/sostenibilidad\/\"]]}]},{\"@type\":\"BreadcrumbList\",\"@id\":\"http:\/\/www.allclosuresin.com\/es\/sostenibilidad\/#breadcrumb\",\"itemListElement\":[{\"@type\":\"ListItem\",\"position\":1,\"name\":\"In\u00edcio\",\"item\":\"http:\/\/www.allclosuresin.com\/es\/\"},{\"@type\":\"ListItem\",\"position\":2,\"name\":\"Sostenibilidad\"}]},{\"@type\":\"WebSite\",\"@id\":\"http:\/\/www.allclosuresin.com\/es\/#website\",\"url\":\"http:\/\/www.allclosuresin.com\/es\/\",\"name\":\"ALL CLOSURES IN\",\"description\":\"UN SELLO DE CONFIANZA - Los productos de valor deben protegerse\",\"publisher\":{\"@id\":\"http:\/\/www.allclosuresin.com\/es\/#organization\"},\"potentialAction\":[{\"@type\":\"SearchAction\",\"target\":{\"@type\":\"EntryPoint\",\"urlTemplate\":\"http:\/\/www.allclosuresin.com\/es\/?s={search_term_string}\"},\"query-input\":\"required name=search_term_string\"}],\"inLanguage\":\"es\"},{\"@type\":\"Organization\",\"@id\":\"http:\/\/www.allclosuresin.com\/es\/#organization\",\"name\":\"All Closures In\",\"url\":\"http:\/\/www.allclosuresin.com\/es\/\",\"logo\":{\"@type\":\"ImageObject\",\"inLanguage\":\"es\",\"@id\":\"http:\/\/www.allclosuresin.com\/es\/#\/schema\/logo\/image\/\",\"url\":\"http:\/\/www.allclosuresin.com\/wp-content\/uploads\/2016\/11\/logo_grande.png\",\"contentUrl\":\"http:\/\/www.allclosuresin.com\/wp-content\/uploads\/2016\/11\/logo_grande.png\",\"width\":413,\"height\":292,\"caption\":\"All Closures In\"},\"image\":{\"@id\":\"http:\/\/www.allclosuresin.com\/es\/#\/schema\/logo\/image\/\"}}]}<\/script>\n<!-- \/ Yoast SEO plugin. -->","yoast_head_json":{"title":"Sostenibilidad - ALL CLOSURES IN","description":"El tap\u00f3n de corcho y el medioambiente. El poder de la sostenibilidad y la protecci\u00f3n del planeta.","robots":{"index":"index","follow":"follow","max-snippet":"max-snippet:-1","max-image-preview":"max-image-preview:large","max-video-preview":"max-video-preview:-1"},"canonical":"http:\/\/www.allclosuresin.com\/es\/sostenibilidad\/","og_locale":"es_ES","og_type":"article","og_title":"Sostenibilidad - ALL CLOSURES IN","og_description":"El tap\u00f3n de corcho y el medioambiente. El poder de la sostenibilidad y la protecci\u00f3n del planeta.","og_url":"http:\/\/www.allclosuresin.com\/es\/sostenibilidad\/","og_site_name":"ALL CLOSURES IN","article_modified_time":"2017-03-06T11:58:27+00:00","twitter_card":"summary_large_image","twitter_misc":{"Tiempo de lectura":"23 minutos"},"schema":{"@context":"https:\/\/schema.org","@graph":[{"@type":"WebPage","@id":"http:\/\/www.allclosuresin.com\/es\/sostenibilidad\/","url":"http:\/\/www.allclosuresin.com\/es\/sostenibilidad\/","name":"Sostenibilidad - ALL CLOSURES IN","isPartOf":{"@id":"http:\/\/www.allclosuresin.com\/es\/#website"},"datePublished":"2016-11-24T12:42:27+00:00","dateModified":"2017-03-06T11:58:27+00:00","description":"El tap\u00f3n de corcho y el medioambiente. El poder de la sostenibilidad y la protecci\u00f3n del planeta.","breadcrumb":{"@id":"http:\/\/www.allclosuresin.com\/es\/sostenibilidad\/#breadcrumb"},"inLanguage":"es","potentialAction":[{"@type":"ReadAction","target":[["http:\/\/www.allclosuresin.com\/es\/sostenibilidad\/"]]}]},{"@type":"BreadcrumbList","@id":"http:\/\/www.allclosuresin.com\/es\/sostenibilidad\/#breadcrumb","itemListElement":[{"@type":"ListItem","position":1,"name":"In\u00edcio","item":"http:\/\/www.allclosuresin.com\/es\/"},{"@type":"ListItem","position":2,"name":"Sostenibilidad"}]},{"@type":"WebSite","@id":"http:\/\/www.allclosuresin.com\/es\/#website","url":"http:\/\/www.allclosuresin.com\/es\/","name":"ALL CLOSURES IN","description":"UN SELLO DE CONFIANZA - Los productos de valor deben protegerse","publisher":{"@id":"http:\/\/www.allclosuresin.com\/es\/#organization"},"potentialAction":[{"@type":"SearchAction","target":{"@type":"EntryPoint","urlTemplate":"http:\/\/www.allclosuresin.com\/es\/?s={search_term_string}"},"query-input":"required name=search_term_string"}],"inLanguage":"es"},{"@type":"Organization","@id":"http:\/\/www.allclosuresin.com\/es\/#organization","name":"All Closures In","url":"http:\/\/www.allclosuresin.com\/es\/","logo":{"@type":"ImageObject","inLanguage":"es","@id":"http:\/\/www.allclosuresin.com\/es\/#\/schema\/logo\/image\/","url":"http:\/\/www.allclosuresin.com\/wp-content\/uploads\/2016\/11\/logo_grande.png","contentUrl":"http:\/\/www.allclosuresin.com\/wp-content\/uploads\/2016\/11\/logo_grande.png","width":413,"height":292,"caption":"All Closures In"},"image":{"@id":"http:\/\/www.allclosuresin.com\/es\/#\/schema\/logo\/image\/"}}]}},"_links":{"self":[{"href":"http:\/\/www.allclosuresin.com\/es\/wp-json\/wp\/v2\/pages\/4063"}],"collection":[{"href":"http:\/\/www.allclosuresin.com\/es\/wp-json\/wp\/v2\/pages"}],"about":[{"href":"http:\/\/www.allclosuresin.com\/es\/wp-json\/wp\/v2\/types\/page"}],"author":[{"embeddable":true,"href":"http:\/\/www.allclosuresin.com\/es\/wp-json\/wp\/v2\/users\/1"}],"replies":[{"embeddable":true,"href":"http:\/\/www.allclosuresin.com\/es\/wp-json\/wp\/v2\/comments?post=4063"}],"version-history":[{"count":3,"href":"http:\/\/www.allclosuresin.com\/es\/wp-json\/wp\/v2\/pages\/4063\/revisions"}],"predecessor-version":[{"id":4747,"href":"http:\/\/www.allclosuresin.com\/es\/wp-json\/wp\/v2\/pages\/4063\/revisions\/4747"}],"wp:attachment":[{"href":"http:\/\/www.allclosuresin.com\/es\/wp-json\/wp\/v2\/media?parent=4063"}],"curies":[{"name":"wp","href":"https:\/\/api.w.org\/{rel}","templated":true}]}}