{"id":4144,"date":"2016-11-25T11:42:37","date_gmt":"2016-11-25T11:42:37","guid":{"rendered":"http:\/\/allclosuresin.com\/site\/?page_id=4144"},"modified":"2026-04-22T14:11:04","modified_gmt":"2026-04-22T14:11:04","slug":"contact","status":"publish","type":"page","link":"http:\/\/www.allclosuresin.com\/es\/contactos\/","title":{"rendered":"Contactos"},"content":{"rendered":"<div class=\"wpb-content-wrapper\"><p>[vc_row][vc_column reveal_effect=\u00bbfadeIn\u00bb reveal_duration=\u00bb0.1&#8243; reveal_delay=\u00bb0.1&#8243;][lab_google_map height=\u00bb500&#8243; zoom=\u00bb13&#8243; map_options=\u00bbfullwidth,map-style,drop-pins\u00bb map_controls=\u00bbplusMinusZoom\u00bb map_style=\u00bb#E-8_JTVCJTdCJTIyZmVhdHVyZVR5cGUlMjIlM0ElMjJhZG1pbmlzdHJhdGl2ZSUyMiUyQyUyMmVsZW1lbnRUeXBlJTIyJTNBJTIybGFiZWxzLnRleHQuZmlsbCUyMiUyQyUyMnN0eWxlcnMlMjIlM0ElNUIlN0IlMjJjb2xvciUyMiUzQSUyMiUyMzQ0NDQ0NCUyMiU3RCU1RCU3RCUyQyU3QiUyMmZlYXR1cmVUeXBlJTIyJTNBJTIybGFuZHNjYXBlJTIyJTJDJTIyZWxlbWVudFR5cGUlMjIlM0ElMjJhbGwlMjIlMkMlMjJzdHlsZXJzJTIyJTNBJTVCJTdCJTIyY29sb3IlMjIlM0ElMjIlMjNmMmYyZjIlMjIlN0QlNUQlN0QlMkMlN0IlMjJmZWF0dXJlVHlwZSUyMiUzQSUyMnBvaSUyMiUyQyUyMmVsZW1lbnRUeXBlJTIyJTNBJTIyYWxsJTIyJTJDJTIyc3R5bGVycyUyMiUzQSU1QiU3QiUyMnZpc2liaWxpdHklMjIlM0ElMjJvZmYlMjIlN0QlNUQlN0QlMkMlN0IlMjJmZWF0dXJlVHlwZSUyMiUzQSUyMnJvYWQlMjIlMkMlMjJlbGVtZW50VHlwZSUyMiUzQSUyMmFsbCUyMiUyQyUyMnN0eWxlcnMlMjIlM0ElNUIlN0IlMjJzYXR1cmF0aW9uJTIyJTNBLTEwMCU3RCUyQyU3QiUyMmxpZ2h0bmVzcyUyMiUzQTQ1JTdEJTVEJTdEJTJDJTdCJTIyZmVhdHVyZVR5cGUlMjIlM0ElMjJyb2FkLmhpZ2h3YXklMjIlMkMlMjJlbGVtZW50VHlwZSUyMiUzQSUyMmFsbCUyMiUyQyUyMnN0eWxlcnMlMjIlM0ElNUIlN0IlMjJ2aXNpYmlsaXR5JTIyJTNBJTIyc2ltcGxpZmllZCUyMiU3RCU1RCU3RCUyQyU3QiUyMmZlYXR1cmVUeXBlJTIyJTNBJTIycm9hZC5hcnRlcmlhbCUyMiUyQyUyMmVsZW1lbnRUeXBlJTIyJTNBJTIybGFiZWxzLmljb24lMjIlMkMlMjJzdHlsZXJzJTIyJTNBJTVCJTdCJTIydmlzaWJpbGl0eSUyMiUzQSUyMm9mZiUyMiU3RCU1RCU3RCUyQyU3QiUyMmZlYXR1cmVUeXBlJTIyJTNBJTIydHJhbnNpdCUyMiUyQyUyMmVsZW1lbnRUeXBlJTIyJTNBJTIyYWxsJTIyJTJDJTIyc3R5bGVycyUyMiUzQSU1QiU3QiUyMnZpc2liaWxpdHklMjIlM0ElMjJvZmYlMjIlN0QlNUQlN0QlMkMlN0IlMjJmZWF0dXJlVHlwZSUyMiUzQSUyMndhdGVyJTIyJTJDJTIyZWxlbWVudFR5cGUlMjIlM0ElMjJhbGwlMjIlMkMlMjJzdHlsZXJzJTIyJTNBJTVCJTdCJTIyY29sb3IlMjIlM0ElMjIlMjMyN0IwOUUlMjIlN0QlMkMlN0IlMjJ2aXNpYmlsaXR5JTIyJTNBJTIyb24lMjIlN0QlNUQlN0QlNUQ=\u00bb css=\u00bb.vc_custom_1427896498291{margin-bottom: 40px !important;}\u00bb][lab_google_map_location latitude=\u00bb40.977681&#8243; longitude=\u00bb-8.552984&#8243; marker_title=\u00bbAll Closures In\u00bb marker_description=\u00bbO nosso escrit\u00f3rio\u00bb][\/lab_google_map][\/vc_column][\/vc_row][vc_row][vc_column width=\u00bb1\/3&#8243; reveal_effect=\u00bbfadeIn\u00bb reveal_duration=\u00bb1&#8243; reveal_delay=\u00bb0.3&#8243;][vc_column_text]<\/p>\n<h3>Cont\u00e1ctenos.<\/h3>\n<p>Utilice el formulario<br \/>\no enviar un correo electr\u00f3nico directamente a<\/p>\n<p><a href=\"mailto:geral@allclosures.com\">geral@allclosures.com<\/a><br \/>\n+351 227 661 250[\/vc_column_text][vc_column_text]DIRECCI\u00d3N COMERCIAL<\/p>\n<p><a href=\"mailto:comercial@allclosures.com\">comercial@allclosures.com<\/a><br \/>\n+351 915 253 286[\/vc_column_text][vc_column_text]SERVICIO DE ATENCI\u00d3N AL CLIENTE<\/p>\n<p><a href=\"mailto:catarina.mendes@allclosures.com\">catarina.mendes@allclosures.com<\/a><br \/>\n+351 967 165 884[\/vc_column_text][vc_column_text]ESPA\u00d1A &#8211; Ana Isabel Ib\u00e1\u00f1ez Mata<\/p>\n<p>E: <a href=\"mailto:anibanma@hotmail.com\">anibanma@hotmail.com<\/a><br \/>\nT: 0034 621263275[\/vc_column_text][vc_column_text]GRECIA &#8211; EZCORK<br \/>\n66, Tsimiski<br \/>\n54622 Thessaloniki<\/p>\n<p>Mr. Dimitris Maniatis ( Oenologist)<br \/>\n<a href=\"mailto:diblue@otenet.gr\">diblue@otenet.gr<\/a><br \/>\nT- 0030 2310268668[\/vc_column_text][vc_column_text]ITALIA &#8211; M2X CHIUSURE ITALIA<br \/>\nVia Rosina Storchio, 5<br \/>\n25020 DELLO (BS)<\/p>\n<p>E: <a href=\"mailto:m2x@m2xchiusureitalia.it\">m2x@m2xchiusureitalia.it<\/a><br \/>\nT: 030.8089860[\/vc_column_text][\/vc_column][vc_column width=\u00bb2\/3&#8243; reveal_effect=\u00bbfadeIn\u00bb reveal_duration=\u00bb1&#8243; reveal_delay=\u00bb0.5&#8243;][lab_contact_form name_title=\u00bbNombre.\u00bb email_title=\u00bbEmail.\u00bb message_title=\u00bbMensaje.\u00bb show_subject_field=\u00bb\u00bb submit_title=\u00bbEnviar\u00bb submit_success=\u00bbGracias#, mensaje enviada!\u00bb alert_errors=\u00bbyes\u00bb email_receiver=\u00bbgeral@allclosuresin.com\u00bb][\/vc_column][\/vc_row][vc_row][vc_column][vc_empty_space][\/vc_column][\/vc_row]<\/p>\n<\/div>","protected":false},"excerpt":{"rendered":"<p>[vc_row][vc_column reveal_effect=\u00bbfadeIn\u00bb reveal_duration=\u00bb0.1&#8243; reveal_delay=\u00bb0.1&#8243;][lab_google_map height=\u00bb500&#8243; zoom=\u00bb13&#8243; map_options=\u00bbfullwidth,map-style,drop-pins\u00bb map_controls=\u00bbplusMinusZoom\u00bb map_style=\u00bb#E-8_JTVCJTdCJTIyZmVhdHVyZVR5cGUlMjIlM0ElMjJhZG1pbmlzdHJhdGl2ZSUyMiUyQyUyMmVsZW1lbnRUeXBlJTIyJTNBJTIybGFiZWxzLnRleHQuZmlsbCUyMiUyQyUyMnN0eWxlcnMlMjIlM0ElNUIlN0IlMjJjb2xvciUyMiUzQSUyMiUyMzQ0NDQ0NCUyMiU3RCU1RCU3RCUyQyU3QiUyMmZlYXR1cmVUeXBlJTIyJTNBJTIybGFuZHNjYXBlJTIyJTJDJTIyZWxlbWVudFR5cGUlMjIlM0ElMjJhbGwlMjIlMkMlMjJzdHlsZXJzJTIyJTNBJTVCJTdCJTIyY29sb3IlMjIlM0ElMjIlMjNmMmYyZjIlMjIlN0QlNUQlN0QlMkMlN0IlMjJmZWF0dXJlVHlwZSUyMiUzQSUyMnBvaSUyMiUyQyUyMmVsZW1lbnRUeXBlJTIyJTNBJTIyYWxsJTIyJTJDJTIyc3R5bGVycyUyMiUzQSU1QiU3QiUyMnZpc2liaWxpdHklMjIlM0ElMjJvZmYlMjIlN0QlNUQlN0QlMkMlN0IlMjJmZWF0dXJlVHlwZSUyMiUzQSUyMnJvYWQlMjIlMkMlMjJlbGVtZW50VHlwZSUyMiUzQSUyMmFsbCUyMiUyQyUyMnN0eWxlcnMlMjIlM0ElNUIlN0IlMjJzYXR1cmF0aW9uJTIyJTNBLTEwMCU3RCUyQyU3QiUyMmxpZ2h0bmVzcyUyMiUzQTQ1JTdEJTVEJTdEJTJDJTdCJTIyZmVhdHVyZVR5cGUlMjIlM0ElMjJyb2FkLmhpZ2h3YXklMjIlMkMlMjJlbGVtZW50VHlwZSUyMiUzQSUyMmFsbCUyMiUyQyUyMnN0eWxlcnMlMjIlM0ElNUIlN0IlMjJ2aXNpYmlsaXR5JTIyJTNBJTIyc2ltcGxpZmllZCUyMiU3RCU1RCU3RCUyQyU3QiUyMmZlYXR1cmVUeXBlJTIyJTNBJTIycm9hZC5hcnRlcmlhbCUyMiUyQyUyMmVsZW1lbnRUeXBlJTIyJTNBJTIybGFiZWxzLmljb24lMjIlMkMlMjJzdHlsZXJzJTIyJTNBJTVCJTdCJTIydmlzaWJpbGl0eSUyMiUzQSUyMm9mZiUyMiU3RCU1RCU3RCUyQyU3QiUyMmZlYXR1cmVUeXBlJTIyJTNBJTIydHJhbnNpdCUyMiUyQyUyMmVsZW1lbnRUeXBlJTIyJTNBJTIyYWxsJTIyJTJDJTIyc3R5bGVycyUyMiUzQSU1QiU3QiUyMnZpc2liaWxpdHklMjIlM0ElMjJvZmYlMjIlN0QlNUQlN0QlMkMlN0IlMjJmZWF0dXJlVHlwZSUyMiUzQSUyMndhdGVyJTIyJTJDJTIyZWxlbWVudFR5cGUlMjIlM0ElMjJhbGwlMjIlMkMlMjJzdHlsZXJzJTIyJTNBJTVCJTdCJTIyY29sb3IlMjIlM0ElMjIlMjMyN0IwOUUlMjIlN0QlMkMlN0IlMjJ2aXNpYmlsaXR5JTIyJTNBJTIyb24lMjIlN0QlNUQlN0QlNUQ=\u00bb css=\u00bb.vc_custom_1427896498291{margin-bottom: 40px !important;}\u00bb][lab_google_map_location latitude=\u00bb40.977681&#8243; longitude=\u00bb-8.552984&#8243; marker_title=\u00bbAll Closures In\u00bb marker_description=\u00bbO nosso escrit\u00f3rio\u00bb][\/lab_google_map][\/vc_column][\/vc_row][vc_row][vc_column width=\u00bb1\/3&#8243; reveal_effect=\u00bbfadeIn\u00bb reveal_duration=\u00bb1&#8243; reveal_delay=\u00bb0.3&#8243;][vc_column_text] Cont\u00e1ctenos. Utilice el formulario o enviar un correo electr\u00f3nico directamente a geral@allclosures.com +351 227 661 250[\/vc_column_text][vc_column_text]DIRECCI\u00d3N COMERCIAL comercial@allclosures.com +351 915 253 286[\/vc_column_text][vc_column_text]SERVICIO DE ATENCI\u00d3N AL CLIENTE catarina.mendes@allclosures.com +351 967 165 884[\/vc_column_text][vc_column_text]ESPA\u00d1A&hellip;<\/p>\n","protected":false},"author":1,"featured_media":0,"parent":0,"menu_order":0,"comment_status":"closed","ping_status":"closed","template":"","meta":{"_exactmetrics_skip_tracking":false,"_exactmetrics_sitenote_active":false,"_exactmetrics_sitenote_note":"","_exactmetrics_sitenote_category":0,"footnotes":""},"acf":[],"yoast_head":"<!-- This site is optimized with the Yoast SEO plugin v22.0 - https:\/\/yoast.com\/wordpress\/plugins\/seo\/ -->\n<title>Contactos - ALL CLOSURES IN<\/title>\n<meta name=\"description\" content=\"Vis\u00edtenos o utilice los contactos disponibles para hablar con nosotros.\" \/>\n<meta name=\"robots\" content=\"index, follow, max-snippet:-1, max-image-preview:large, max-video-preview:-1\" \/>\n<link rel=\"canonical\" href=\"http:\/\/www.allclosuresin.com\/es\/contactos\/\" \/>\n<meta property=\"og:locale\" content=\"es_ES\" \/>\n<meta property=\"og:type\" content=\"article\" \/>\n<meta property=\"og:title\" content=\"Contactos - ALL CLOSURES IN\" \/>\n<meta property=\"og:description\" content=\"Vis\u00edtenos o utilice los contactos disponibles para hablar con nosotros.\" \/>\n<meta property=\"og:url\" content=\"http:\/\/www.allclosuresin.com\/es\/contactos\/\" \/>\n<meta property=\"og:site_name\" content=\"ALL CLOSURES IN\" \/>\n<meta property=\"article:modified_time\" content=\"2026-04-22T14:11:04+00:00\" \/>\n<meta name=\"twitter:card\" content=\"summary_large_image\" \/>\n<meta name=\"twitter:label1\" content=\"Tiempo de lectura\" \/>\n\t<meta name=\"twitter:data1\" content=\"1 minuto\" \/>\n<script type=\"application\/ld+json\" class=\"yoast-schema-graph\">{\"@context\":\"https:\/\/schema.org\",\"@graph\":[{\"@type\":\"WebPage\",\"@id\":\"http:\/\/www.allclosuresin.com\/es\/contactos\/\",\"url\":\"http:\/\/www.allclosuresin.com\/es\/contactos\/\",\"name\":\"Contactos - ALL CLOSURES IN\",\"isPartOf\":{\"@id\":\"http:\/\/www.allclosuresin.com\/es\/#website\"},\"datePublished\":\"2016-11-25T11:42:37+00:00\",\"dateModified\":\"2026-04-22T14:11:04+00:00\",\"description\":\"Vis\u00edtenos o utilice los contactos disponibles para hablar con nosotros.\",\"breadcrumb\":{\"@id\":\"http:\/\/www.allclosuresin.com\/es\/contactos\/#breadcrumb\"},\"inLanguage\":\"es\",\"potentialAction\":[{\"@type\":\"ReadAction\",\"target\":[[\"http:\/\/www.allclosuresin.com\/es\/contactos\/\"]]}]},{\"@type\":\"BreadcrumbList\",\"@id\":\"http:\/\/www.allclosuresin.com\/es\/contactos\/#breadcrumb\",\"itemListElement\":[{\"@type\":\"ListItem\",\"position\":1,\"name\":\"In\u00edcio\",\"item\":\"http:\/\/www.allclosuresin.com\/es\/\"},{\"@type\":\"ListItem\",\"position\":2,\"name\":\"Contactos\"}]},{\"@type\":\"WebSite\",\"@id\":\"http:\/\/www.allclosuresin.com\/es\/#website\",\"url\":\"http:\/\/www.allclosuresin.com\/es\/\",\"name\":\"ALL CLOSURES IN\",\"description\":\"UN SELLO DE CONFIANZA - Los productos de valor deben protegerse\",\"publisher\":{\"@id\":\"http:\/\/www.allclosuresin.com\/es\/#organization\"},\"potentialAction\":[{\"@type\":\"SearchAction\",\"target\":{\"@type\":\"EntryPoint\",\"urlTemplate\":\"http:\/\/www.allclosuresin.com\/es\/?s={search_term_string}\"},\"query-input\":\"required name=search_term_string\"}],\"inLanguage\":\"es\"},{\"@type\":\"Organization\",\"@id\":\"http:\/\/www.allclosuresin.com\/es\/#organization\",\"name\":\"All Closures In\",\"url\":\"http:\/\/www.allclosuresin.com\/es\/\",\"logo\":{\"@type\":\"ImageObject\",\"inLanguage\":\"es\",\"@id\":\"http:\/\/www.allclosuresin.com\/es\/#\/schema\/logo\/image\/\",\"url\":\"http:\/\/www.allclosuresin.com\/wp-content\/uploads\/2016\/11\/logo_grande.png\",\"contentUrl\":\"http:\/\/www.allclosuresin.com\/wp-content\/uploads\/2016\/11\/logo_grande.png\",\"width\":413,\"height\":292,\"caption\":\"All Closures In\"},\"image\":{\"@id\":\"http:\/\/www.allclosuresin.com\/es\/#\/schema\/logo\/image\/\"}}]}<\/script>\n<!-- \/ Yoast SEO plugin. -->","yoast_head_json":{"title":"Contactos - ALL CLOSURES IN","description":"Vis\u00edtenos o utilice los contactos disponibles para hablar con nosotros.","robots":{"index":"index","follow":"follow","max-snippet":"max-snippet:-1","max-image-preview":"max-image-preview:large","max-video-preview":"max-video-preview:-1"},"canonical":"http:\/\/www.allclosuresin.com\/es\/contactos\/","og_locale":"es_ES","og_type":"article","og_title":"Contactos - ALL CLOSURES IN","og_description":"Vis\u00edtenos o utilice los contactos disponibles para hablar con nosotros.","og_url":"http:\/\/www.allclosuresin.com\/es\/contactos\/","og_site_name":"ALL CLOSURES IN","article_modified_time":"2026-04-22T14:11:04+00:00","twitter_card":"summary_large_image","twitter_misc":{"Tiempo de lectura":"1 minuto"},"schema":{"@context":"https:\/\/schema.org","@graph":[{"@type":"WebPage","@id":"http:\/\/www.allclosuresin.com\/es\/contactos\/","url":"http:\/\/www.allclosuresin.com\/es\/contactos\/","name":"Contactos - ALL CLOSURES IN","isPartOf":{"@id":"http:\/\/www.allclosuresin.com\/es\/#website"},"datePublished":"2016-11-25T11:42:37+00:00","dateModified":"2026-04-22T14:11:04+00:00","description":"Vis\u00edtenos o utilice los contactos disponibles para hablar con nosotros.","breadcrumb":{"@id":"http:\/\/www.allclosuresin.com\/es\/contactos\/#breadcrumb"},"inLanguage":"es","potentialAction":[{"@type":"ReadAction","target":[["http:\/\/www.allclosuresin.com\/es\/contactos\/"]]}]},{"@type":"BreadcrumbList","@id":"http:\/\/www.allclosuresin.com\/es\/contactos\/#breadcrumb","itemListElement":[{"@type":"ListItem","position":1,"name":"In\u00edcio","item":"http:\/\/www.allclosuresin.com\/es\/"},{"@type":"ListItem","position":2,"name":"Contactos"}]},{"@type":"WebSite","@id":"http:\/\/www.allclosuresin.com\/es\/#website","url":"http:\/\/www.allclosuresin.com\/es\/","name":"ALL CLOSURES IN","description":"UN SELLO DE CONFIANZA - Los productos de valor deben protegerse","publisher":{"@id":"http:\/\/www.allclosuresin.com\/es\/#organization"},"potentialAction":[{"@type":"SearchAction","target":{"@type":"EntryPoint","urlTemplate":"http:\/\/www.allclosuresin.com\/es\/?s={search_term_string}"},"query-input":"required name=search_term_string"}],"inLanguage":"es"},{"@type":"Organization","@id":"http:\/\/www.allclosuresin.com\/es\/#organization","name":"All Closures In","url":"http:\/\/www.allclosuresin.com\/es\/","logo":{"@type":"ImageObject","inLanguage":"es","@id":"http:\/\/www.allclosuresin.com\/es\/#\/schema\/logo\/image\/","url":"http:\/\/www.allclosuresin.com\/wp-content\/uploads\/2016\/11\/logo_grande.png","contentUrl":"http:\/\/www.allclosuresin.com\/wp-content\/uploads\/2016\/11\/logo_grande.png","width":413,"height":292,"caption":"All Closures In"},"image":{"@id":"http:\/\/www.allclosuresin.com\/es\/#\/schema\/logo\/image\/"}}]}},"_links":{"self":[{"href":"http:\/\/www.allclosuresin.com\/es\/wp-json\/wp\/v2\/pages\/4144"}],"collection":[{"href":"http:\/\/www.allclosuresin.com\/es\/wp-json\/wp\/v2\/pages"}],"about":[{"href":"http:\/\/www.allclosuresin.com\/es\/wp-json\/wp\/v2\/types\/page"}],"author":[{"embeddable":true,"href":"http:\/\/www.allclosuresin.com\/es\/wp-json\/wp\/v2\/users\/1"}],"replies":[{"embeddable":true,"href":"http:\/\/www.allclosuresin.com\/es\/wp-json\/wp\/v2\/comments?post=4144"}],"version-history":[{"count":3,"href":"http:\/\/www.allclosuresin.com\/es\/wp-json\/wp\/v2\/pages\/4144\/revisions"}],"predecessor-version":[{"id":4890,"href":"http:\/\/www.allclosuresin.com\/es\/wp-json\/wp\/v2\/pages\/4144\/revisions\/4890"}],"wp:attachment":[{"href":"http:\/\/www.allclosuresin.com\/es\/wp-json\/wp\/v2\/media?parent=4144"}],"curies":[{"name":"wp","href":"https:\/\/api.w.org\/{rel}","templated":true}]}}