{"id":3283,"date":"2015-03-16T17:18:26","date_gmt":"2015-03-16T17:18:26","guid":{"rendered":"http:\/\/demo-content.kaliumtheme.com\/main\/?page_id=3283"},"modified":"2017-03-09T10:45:04","modified_gmt":"2017-03-09T10:45:04","slug":"produits","status":"publish","type":"page","link":"http:\/\/www.allclosuresin.com\/fr\/produits\/","title":{"rendered":"Produits"},"content":{"rendered":"<div class=\"wpb-content-wrapper\"><p>[vc_row][vc_column][lab_portfolio_items title=\u00a0\u00bbNos Bouchons\u00a0\u00bb description=\u00a0\u00bbLe bon bouchon \u00e0 coup s\u00fbr\u00a0\u00bb category_filter=\u00a0\u00bbno\u00a0\u00bb portfolio_type=\u00a0\u00bbtype-2&Prime; dynamic_image_height=\u00a0\u00bbyes\u00a0\u00bb pagination_type=\u00a0\u00bbendless\u00a0\u00bb endless_auto_reveal=\u00a0\u00bbyes\u00a0\u00bb portfolio_query=\u00a0\u00bbsize:12|order_by:date|post_type:portfolio\u00a0\u00bb][\/vc_column][\/vc_row]<\/p>\n<\/div>","protected":false},"excerpt":{"rendered":"<p>[vc_row][vc_column][lab_portfolio_items title=\u00a0\u00bbNos Bouchons\u00a0\u00bb description=\u00a0\u00bbLe bon bouchon \u00e0 coup s\u00fbr\u00a0\u00bb category_filter=\u00a0\u00bbno\u00a0\u00bb portfolio_type=\u00a0\u00bbtype-2&Prime; dynamic_image_height=\u00a0\u00bbyes\u00a0\u00bb pagination_type=\u00a0\u00bbendless\u00a0\u00bb endless_auto_reveal=\u00a0\u00bbyes\u00a0\u00bb portfolio_query=\u00a0\u00bbsize:12|order_by:date|post_type:portfolio\u00a0\u00bb][\/vc_column][\/vc_row]<\/p>\n","protected":false},"author":1,"featured_media":0,"parent":0,"menu_order":0,"comment_status":"open","ping_status":"open","template":"","meta":{"_exactmetrics_skip_tracking":false,"_exactmetrics_sitenote_active":false,"_exactmetrics_sitenote_note":"","_exactmetrics_sitenote_category":0,"footnotes":""},"acf":[],"yoast_head":"<!-- This site is optimized with the Yoast SEO plugin v22.0 - https:\/\/yoast.com\/wordpress\/plugins\/seo\/ -->\n<title>Produits - ALL CLOSURES IN<\/title>\n<meta name=\"description\" content=\"As nossas Rolhas - A rolha certa para cada situa\u00e7\u00e3o.\" \/>\n<meta name=\"robots\" content=\"index, follow, max-snippet:-1, max-image-preview:large, max-video-preview:-1\" \/>\n<link rel=\"canonical\" href=\"http:\/\/www.allclosuresin.com\/fr\/produits\/\" \/>\n<meta property=\"og:locale\" content=\"fr_FR\" \/>\n<meta property=\"og:type\" content=\"article\" \/>\n<meta property=\"og:title\" content=\"Produits - ALL CLOSURES IN\" \/>\n<meta property=\"og:description\" content=\"As nossas Rolhas - A rolha certa para cada situa\u00e7\u00e3o.\" \/>\n<meta property=\"og:url\" content=\"http:\/\/www.allclosuresin.com\/fr\/produits\/\" \/>\n<meta property=\"og:site_name\" content=\"ALL CLOSURES IN\" \/>\n<meta property=\"article:modified_time\" content=\"2017-03-09T10:45:04+00:00\" \/>\n<meta name=\"twitter:card\" content=\"summary_large_image\" \/>\n<meta name=\"twitter:label1\" content=\"Dur\u00e9e de lecture estim\u00e9e\" \/>\n\t<meta name=\"twitter:data1\" content=\"1 minute\" \/>\n<script type=\"application\/ld+json\" class=\"yoast-schema-graph\">{\"@context\":\"https:\/\/schema.org\",\"@graph\":[{\"@type\":\"WebPage\",\"@id\":\"http:\/\/www.allclosuresin.com\/fr\/produits\/\",\"url\":\"http:\/\/www.allclosuresin.com\/fr\/produits\/\",\"name\":\"Produits - ALL CLOSURES IN\",\"isPartOf\":{\"@id\":\"http:\/\/www.allclosuresin.com\/fr\/#website\"},\"datePublished\":\"2015-03-16T17:18:26+00:00\",\"dateModified\":\"2017-03-09T10:45:04+00:00\",\"description\":\"As nossas Rolhas - A rolha certa para cada situa\u00e7\u00e3o.\",\"breadcrumb\":{\"@id\":\"http:\/\/www.allclosuresin.com\/fr\/produits\/#breadcrumb\"},\"inLanguage\":\"fr-FR\",\"potentialAction\":[{\"@type\":\"ReadAction\",\"target\":[[\"http:\/\/www.allclosuresin.com\/fr\/produits\/\"]]}]},{\"@type\":\"BreadcrumbList\",\"@id\":\"http:\/\/www.allclosuresin.com\/fr\/produits\/#breadcrumb\",\"itemListElement\":[{\"@type\":\"ListItem\",\"position\":1,\"name\":\"In\u00edcio\",\"item\":\"http:\/\/www.allclosuresin.com\/fr\/\"},{\"@type\":\"ListItem\",\"position\":2,\"name\":\"Produits\"}]},{\"@type\":\"WebSite\",\"@id\":\"http:\/\/www.allclosuresin.com\/fr\/#website\",\"url\":\"http:\/\/www.allclosuresin.com\/fr\/\",\"name\":\"ALL CLOSURES IN\",\"description\":\"UN OBTURATEUR DE CONFIANCE - Tout ce qui a de la valeur doit \u00eatre prot\u00e9g\u00e9.\",\"publisher\":{\"@id\":\"http:\/\/www.allclosuresin.com\/fr\/#organization\"},\"potentialAction\":[{\"@type\":\"SearchAction\",\"target\":{\"@type\":\"EntryPoint\",\"urlTemplate\":\"http:\/\/www.allclosuresin.com\/fr\/?s={search_term_string}\"},\"query-input\":\"required name=search_term_string\"}],\"inLanguage\":\"fr-FR\"},{\"@type\":\"Organization\",\"@id\":\"http:\/\/www.allclosuresin.com\/fr\/#organization\",\"name\":\"All Closures In\",\"url\":\"http:\/\/www.allclosuresin.com\/fr\/\",\"logo\":{\"@type\":\"ImageObject\",\"inLanguage\":\"fr-FR\",\"@id\":\"http:\/\/www.allclosuresin.com\/fr\/#\/schema\/logo\/image\/\",\"url\":\"http:\/\/www.allclosuresin.com\/wp-content\/uploads\/2016\/11\/logo_grande.png\",\"contentUrl\":\"http:\/\/www.allclosuresin.com\/wp-content\/uploads\/2016\/11\/logo_grande.png\",\"width\":413,\"height\":292,\"caption\":\"All Closures In\"},\"image\":{\"@id\":\"http:\/\/www.allclosuresin.com\/fr\/#\/schema\/logo\/image\/\"}}]}<\/script>\n<!-- \/ Yoast SEO plugin. -->","yoast_head_json":{"title":"Produits - ALL CLOSURES IN","description":"As nossas Rolhas - A rolha certa para cada situa\u00e7\u00e3o.","robots":{"index":"index","follow":"follow","max-snippet":"max-snippet:-1","max-image-preview":"max-image-preview:large","max-video-preview":"max-video-preview:-1"},"canonical":"http:\/\/www.allclosuresin.com\/fr\/produits\/","og_locale":"fr_FR","og_type":"article","og_title":"Produits - ALL CLOSURES IN","og_description":"As nossas Rolhas - A rolha certa para cada situa\u00e7\u00e3o.","og_url":"http:\/\/www.allclosuresin.com\/fr\/produits\/","og_site_name":"ALL CLOSURES IN","article_modified_time":"2017-03-09T10:45:04+00:00","twitter_card":"summary_large_image","twitter_misc":{"Dur\u00e9e de lecture estim\u00e9e":"1 minute"},"schema":{"@context":"https:\/\/schema.org","@graph":[{"@type":"WebPage","@id":"http:\/\/www.allclosuresin.com\/fr\/produits\/","url":"http:\/\/www.allclosuresin.com\/fr\/produits\/","name":"Produits - ALL CLOSURES IN","isPartOf":{"@id":"http:\/\/www.allclosuresin.com\/fr\/#website"},"datePublished":"2015-03-16T17:18:26+00:00","dateModified":"2017-03-09T10:45:04+00:00","description":"As nossas Rolhas - A rolha certa para cada situa\u00e7\u00e3o.","breadcrumb":{"@id":"http:\/\/www.allclosuresin.com\/fr\/produits\/#breadcrumb"},"inLanguage":"fr-FR","potentialAction":[{"@type":"ReadAction","target":[["http:\/\/www.allclosuresin.com\/fr\/produits\/"]]}]},{"@type":"BreadcrumbList","@id":"http:\/\/www.allclosuresin.com\/fr\/produits\/#breadcrumb","itemListElement":[{"@type":"ListItem","position":1,"name":"In\u00edcio","item":"http:\/\/www.allclosuresin.com\/fr\/"},{"@type":"ListItem","position":2,"name":"Produits"}]},{"@type":"WebSite","@id":"http:\/\/www.allclosuresin.com\/fr\/#website","url":"http:\/\/www.allclosuresin.com\/fr\/","name":"ALL CLOSURES IN","description":"UN OBTURATEUR DE CONFIANCE - Tout ce qui a de la valeur doit \u00eatre prot\u00e9g\u00e9.","publisher":{"@id":"http:\/\/www.allclosuresin.com\/fr\/#organization"},"potentialAction":[{"@type":"SearchAction","target":{"@type":"EntryPoint","urlTemplate":"http:\/\/www.allclosuresin.com\/fr\/?s={search_term_string}"},"query-input":"required name=search_term_string"}],"inLanguage":"fr-FR"},{"@type":"Organization","@id":"http:\/\/www.allclosuresin.com\/fr\/#organization","name":"All Closures In","url":"http:\/\/www.allclosuresin.com\/fr\/","logo":{"@type":"ImageObject","inLanguage":"fr-FR","@id":"http:\/\/www.allclosuresin.com\/fr\/#\/schema\/logo\/image\/","url":"http:\/\/www.allclosuresin.com\/wp-content\/uploads\/2016\/11\/logo_grande.png","contentUrl":"http:\/\/www.allclosuresin.com\/wp-content\/uploads\/2016\/11\/logo_grande.png","width":413,"height":292,"caption":"All Closures In"},"image":{"@id":"http:\/\/www.allclosuresin.com\/fr\/#\/schema\/logo\/image\/"}}]}},"_links":{"self":[{"href":"http:\/\/www.allclosuresin.com\/fr\/wp-json\/wp\/v2\/pages\/3283"}],"collection":[{"href":"http:\/\/www.allclosuresin.com\/fr\/wp-json\/wp\/v2\/pages"}],"about":[{"href":"http:\/\/www.allclosuresin.com\/fr\/wp-json\/wp\/v2\/types\/page"}],"author":[{"embeddable":true,"href":"http:\/\/www.allclosuresin.com\/fr\/wp-json\/wp\/v2\/users\/1"}],"replies":[{"embeddable":true,"href":"http:\/\/www.allclosuresin.com\/fr\/wp-json\/wp\/v2\/comments?post=3283"}],"version-history":[{"count":4,"href":"http:\/\/www.allclosuresin.com\/fr\/wp-json\/wp\/v2\/pages\/3283\/revisions"}],"predecessor-version":[{"id":4766,"href":"http:\/\/www.allclosuresin.com\/fr\/wp-json\/wp\/v2\/pages\/3283\/revisions\/4766"}],"wp:attachment":[{"href":"http:\/\/www.allclosuresin.com\/fr\/wp-json\/wp\/v2\/media?parent=3283"}],"curies":[{"name":"wp","href":"https:\/\/api.w.org\/{rel}","templated":true}]}}