{"id":3359,"date":"2015-03-19T17:54:23","date_gmt":"2015-03-19T17:54:23","guid":{"rendered":"http:\/\/demo-content.kaliumtheme.com\/main\/?page_id=3359"},"modified":"2024-01-15T14:27:47","modified_gmt":"2024-01-15T14:27:47","slug":"primero","status":"publish","type":"page","link":"http:\/\/www.allclosuresin.com\/fr\/","title":{"rendered":"In\u00edcio"},"content":{"rendered":"<div class=\"wpb-content-wrapper\"><p>[vc_row full_width=\u00a0\u00bblab-full-width\u00a0\u00bb no_bottom_margin=\u00a0\u00bbyes\u00a0\u00bb][vc_column][rev_slider_vc alias=\u00a0\u00bbinicio\u00a0\u00bb][\/vc_column][\/vc_row][vc_row no_bottom_margin=\u00a0\u00bbyes\u00a0\u00bb css=\u00a0\u00bb.vc_custom_1449169318558{padding-top: 40px !important;padding-bottom: 40px !important;background-color: #ffffff !important;}\u00a0\u00bb][vc_column][vc_custom_heading text=\u00a0\u00bbUN OBTURATEUR DE CONFIANCE\u00a0\u00bb font_container=\u00a0\u00bbtag:h1|text_align:center\u00a0\u00bb use_theme_fonts=\u00a0\u00bbyes\u00a0\u00bb][vc_custom_heading text=\u00a0\u00bbTout ce qui a de la valeur doit \u00eatre prot\u00e9g\u00e9\u00a0\u00bb font_container=\u00a0\u00bbtag:h3|text_align:center\u00a0\u00bb use_theme_fonts=\u00a0\u00bbyes\u00a0\u00bb][vc_column_text css=\u00a0\u00bb.vc_custom_1480644968137{padding-top: 10px !important;}\u00a0\u00bb]<\/p>\n<p style=\"text-align: center;\">Nous savons l&rsquo;importance que vous accordez \u00e0 votre entreprise. Faites-nous confiance pour vous fournir le meilleur bouchon possible.<\/p>\n<p>[\/vc_column_text][vc_column_text]<\/p>\n<p style=\"text-align: center;\">Nos clients actuels connaissent notre approche rigoureuse et pragmatique, garantissant que chacun des bouchons que nous fournissons est le bouchon id\u00e9al pour le vin ou le spiritueux en question. Mais nous nous attachons aussi sans rel\u00e2che \u00e0 d\u00e9velopper de nouvelles techniques afin que nos bouchons pr\u00e9sentent des niveaux de performance toujours plus \u00e9lev\u00e9s. M\u00eame nos clients les plus fid\u00e8les seront surpris par nos toutes derni\u00e8res innovations. Quant aux nouveaux clients, nous serons ravis d&rsquo;\u00e9couter avec la plus grande attention vos exigences afin de vous fournir les solutions qui r\u00e9pondent au mieux \u00e0 vos besoins.<\/p>\n<p>[\/vc_column_text][\/vc_column][\/vc_row][vc_row no_bottom_margin=\u00a0\u00bbyes\u00a0\u00bb css=\u00a0\u00bb.vc_custom_1449169318558{padding-top: 40px !important;padding-bottom: 40px !important;background-color: #ffffff !important;}\u00a0\u00bb][vc_column][lab_portfolio_items title=\u00a0\u00bbNos Bouchons\u00a0\u00bb category_filter=\u00a0\u00bbno\u00a0\u00bb portfolio_type=\u00a0\u00bbtype-2&Prime; dynamic_image_height=\u00a0\u00bbyes\u00a0\u00bb pagination_type=\u00a0\u00bbendless\u00a0\u00bb endless_auto_reveal=\u00a0\u00bbyes\u00a0\u00bb endless_show_more_button_text=\u00a0\u00bb\u00a0\u00bb endless_no_more_items_button_text=\u00a0\u00bb\u00a0\u00bb portfolio_query=\u00a0\u00bbsize:3|order_by:date|post_type:portfolio\u00a0\u00bb][\/vc_column][\/vc_row]<\/p>\n<\/div>","protected":false},"excerpt":{"rendered":"<p>[vc_row full_width=\u00a0\u00bblab-full-width\u00a0\u00bb no_bottom_margin=\u00a0\u00bbyes\u00a0\u00bb][vc_column][rev_slider_vc alias=\u00a0\u00bbinicio\u00a0\u00bb][\/vc_column][\/vc_row][vc_row no_bottom_margin=\u00a0\u00bbyes\u00a0\u00bb css=\u00a0\u00bb.vc_custom_1449169318558{padding-top: 40px !important;padding-bottom: 40px !important;background-color: #ffffff !important;}\u00a0\u00bb][vc_column][vc_custom_heading text=\u00a0\u00bbUN OBTURATEUR DE CONFIANCE\u00a0\u00bb font_container=\u00a0\u00bbtag:h1|text_align:center\u00a0\u00bb use_theme_fonts=\u00a0\u00bbyes\u00a0\u00bb][vc_custom_heading text=\u00a0\u00bbTout ce qui a de la valeur doit \u00eatre prot\u00e9g\u00e9\u00a0\u00bb font_container=\u00a0\u00bbtag:h3|text_align:center\u00a0\u00bb use_theme_fonts=\u00a0\u00bbyes\u00a0\u00bb][vc_column_text css=\u00a0\u00bb.vc_custom_1480644968137{padding-top: 10px !important;}\u00a0\u00bb] Nous savons l&rsquo;importance que vous accordez \u00e0 votre entreprise. Faites-nous confiance pour vous fournir le meilleur bouchon possible. [\/vc_column_text][vc_column_text] Nos clients actuels&hellip;<\/p>\n","protected":false},"author":1,"featured_media":0,"parent":0,"menu_order":0,"comment_status":"open","ping_status":"open","template":"","meta":{"_exactmetrics_skip_tracking":false,"_exactmetrics_sitenote_active":false,"_exactmetrics_sitenote_note":"","_exactmetrics_sitenote_category":0,"footnotes":""},"acf":[],"yoast_head":"<!-- This site is optimized with the Yoast SEO plugin v22.0 - https:\/\/yoast.com\/wordpress\/plugins\/seo\/ -->\n<title>VINTAGE CORK by All Closures In - Un obturateur de confiance<\/title>\n<meta name=\"description\" content=\"Nous savons l\u2019importance que vous accordez \u00e0 votre entreprise. Faites-nous confiance pour vous fournir le meilleur obturateur possible.\" \/>\n<meta name=\"robots\" content=\"index, follow, max-snippet:-1, max-image-preview:large, max-video-preview:-1\" \/>\n<link rel=\"canonical\" href=\"http:\/\/www.allclosuresin.com\/fr\/\" \/>\n<meta property=\"og:locale\" content=\"fr_FR\" \/>\n<meta property=\"og:type\" content=\"article\" \/>\n<meta property=\"og:title\" content=\"VINTAGE CORK by All Closures In - Un obturateur de confiance\" \/>\n<meta property=\"og:description\" content=\"Nous savons l\u2019importance que vous accordez \u00e0 votre entreprise. Faites-nous confiance pour vous fournir le meilleur obturateur possible.\" \/>\n<meta property=\"og:url\" content=\"http:\/\/www.allclosuresin.com\/fr\/\" \/>\n<meta property=\"og:site_name\" content=\"ALL CLOSURES IN\" \/>\n<meta property=\"article:modified_time\" content=\"2024-01-15T14:27:47+00:00\" \/>\n<meta name=\"twitter:card\" content=\"summary_large_image\" \/>\n<meta name=\"twitter:label1\" content=\"Dur\u00e9e de lecture estim\u00e9e\" \/>\n\t<meta name=\"twitter:data1\" content=\"1 minute\" \/>\n<script type=\"application\/ld+json\" class=\"yoast-schema-graph\">{\"@context\":\"https:\/\/schema.org\",\"@graph\":[{\"@type\":\"WebPage\",\"@id\":\"http:\/\/www.allclosuresin.com\/fr\/\",\"url\":\"http:\/\/www.allclosuresin.com\/fr\/\",\"name\":\"VINTAGE CORK by All Closures In - Un obturateur de confiance\",\"isPartOf\":{\"@id\":\"http:\/\/www.allclosuresin.com\/fr\/#website\"},\"datePublished\":\"2015-03-19T17:54:23+00:00\",\"dateModified\":\"2024-01-15T14:27:47+00:00\",\"description\":\"Nous savons l\u2019importance que vous accordez \u00e0 votre entreprise. Faites-nous confiance pour vous fournir le meilleur obturateur possible.\",\"breadcrumb\":{\"@id\":\"http:\/\/www.allclosuresin.com\/fr\/#breadcrumb\"},\"inLanguage\":\"fr-FR\",\"potentialAction\":[{\"@type\":\"ReadAction\",\"target\":[[\"http:\/\/www.allclosuresin.com\/fr\/\"]]}]},{\"@type\":\"BreadcrumbList\",\"@id\":\"http:\/\/www.allclosuresin.com\/fr\/#breadcrumb\",\"itemListElement\":[{\"@type\":\"ListItem\",\"position\":1,\"name\":\"In\u00edcio\",\"item\":\"http:\/\/www.allclosuresin.com\/fr\/\"},{\"@type\":\"ListItem\",\"position\":2,\"name\":\"In\u00edcio\"}]},{\"@type\":\"WebSite\",\"@id\":\"http:\/\/www.allclosuresin.com\/fr\/#website\",\"url\":\"http:\/\/www.allclosuresin.com\/fr\/\",\"name\":\"ALL CLOSURES IN\",\"description\":\"UN OBTURATEUR DE CONFIANCE - Tout ce qui a de la valeur doit \u00eatre prot\u00e9g\u00e9.\",\"publisher\":{\"@id\":\"http:\/\/www.allclosuresin.com\/fr\/#organization\"},\"potentialAction\":[{\"@type\":\"SearchAction\",\"target\":{\"@type\":\"EntryPoint\",\"urlTemplate\":\"http:\/\/www.allclosuresin.com\/fr\/?s={search_term_string}\"},\"query-input\":\"required name=search_term_string\"}],\"inLanguage\":\"fr-FR\"},{\"@type\":\"Organization\",\"@id\":\"http:\/\/www.allclosuresin.com\/fr\/#organization\",\"name\":\"All Closures In\",\"url\":\"http:\/\/www.allclosuresin.com\/fr\/\",\"logo\":{\"@type\":\"ImageObject\",\"inLanguage\":\"fr-FR\",\"@id\":\"http:\/\/www.allclosuresin.com\/fr\/#\/schema\/logo\/image\/\",\"url\":\"http:\/\/www.allclosuresin.com\/wp-content\/uploads\/2016\/11\/logo_grande.png\",\"contentUrl\":\"http:\/\/www.allclosuresin.com\/wp-content\/uploads\/2016\/11\/logo_grande.png\",\"width\":413,\"height\":292,\"caption\":\"All Closures In\"},\"image\":{\"@id\":\"http:\/\/www.allclosuresin.com\/fr\/#\/schema\/logo\/image\/\"}}]}<\/script>\n<!-- \/ Yoast SEO plugin. -->","yoast_head_json":{"title":"VINTAGE CORK by All Closures In - Un obturateur de confiance","description":"Nous savons l\u2019importance que vous accordez \u00e0 votre entreprise. Faites-nous confiance pour vous fournir le meilleur obturateur possible.","robots":{"index":"index","follow":"follow","max-snippet":"max-snippet:-1","max-image-preview":"max-image-preview:large","max-video-preview":"max-video-preview:-1"},"canonical":"http:\/\/www.allclosuresin.com\/fr\/","og_locale":"fr_FR","og_type":"article","og_title":"VINTAGE CORK by All Closures In - Un obturateur de confiance","og_description":"Nous savons l\u2019importance que vous accordez \u00e0 votre entreprise. Faites-nous confiance pour vous fournir le meilleur obturateur possible.","og_url":"http:\/\/www.allclosuresin.com\/fr\/","og_site_name":"ALL CLOSURES IN","article_modified_time":"2024-01-15T14:27:47+00:00","twitter_card":"summary_large_image","twitter_misc":{"Dur\u00e9e de lecture estim\u00e9e":"1 minute"},"schema":{"@context":"https:\/\/schema.org","@graph":[{"@type":"WebPage","@id":"http:\/\/www.allclosuresin.com\/fr\/","url":"http:\/\/www.allclosuresin.com\/fr\/","name":"VINTAGE CORK by All Closures In - Un obturateur de confiance","isPartOf":{"@id":"http:\/\/www.allclosuresin.com\/fr\/#website"},"datePublished":"2015-03-19T17:54:23+00:00","dateModified":"2024-01-15T14:27:47+00:00","description":"Nous savons l\u2019importance que vous accordez \u00e0 votre entreprise. Faites-nous confiance pour vous fournir le meilleur obturateur possible.","breadcrumb":{"@id":"http:\/\/www.allclosuresin.com\/fr\/#breadcrumb"},"inLanguage":"fr-FR","potentialAction":[{"@type":"ReadAction","target":[["http:\/\/www.allclosuresin.com\/fr\/"]]}]},{"@type":"BreadcrumbList","@id":"http:\/\/www.allclosuresin.com\/fr\/#breadcrumb","itemListElement":[{"@type":"ListItem","position":1,"name":"In\u00edcio","item":"http:\/\/www.allclosuresin.com\/fr\/"},{"@type":"ListItem","position":2,"name":"In\u00edcio"}]},{"@type":"WebSite","@id":"http:\/\/www.allclosuresin.com\/fr\/#website","url":"http:\/\/www.allclosuresin.com\/fr\/","name":"ALL CLOSURES IN","description":"UN OBTURATEUR DE CONFIANCE - Tout ce qui a de la valeur doit \u00eatre prot\u00e9g\u00e9.","publisher":{"@id":"http:\/\/www.allclosuresin.com\/fr\/#organization"},"potentialAction":[{"@type":"SearchAction","target":{"@type":"EntryPoint","urlTemplate":"http:\/\/www.allclosuresin.com\/fr\/?s={search_term_string}"},"query-input":"required name=search_term_string"}],"inLanguage":"fr-FR"},{"@type":"Organization","@id":"http:\/\/www.allclosuresin.com\/fr\/#organization","name":"All Closures In","url":"http:\/\/www.allclosuresin.com\/fr\/","logo":{"@type":"ImageObject","inLanguage":"fr-FR","@id":"http:\/\/www.allclosuresin.com\/fr\/#\/schema\/logo\/image\/","url":"http:\/\/www.allclosuresin.com\/wp-content\/uploads\/2016\/11\/logo_grande.png","contentUrl":"http:\/\/www.allclosuresin.com\/wp-content\/uploads\/2016\/11\/logo_grande.png","width":413,"height":292,"caption":"All Closures In"},"image":{"@id":"http:\/\/www.allclosuresin.com\/fr\/#\/schema\/logo\/image\/"}}]}},"_links":{"self":[{"href":"http:\/\/www.allclosuresin.com\/fr\/wp-json\/wp\/v2\/pages\/3359"}],"collection":[{"href":"http:\/\/www.allclosuresin.com\/fr\/wp-json\/wp\/v2\/pages"}],"about":[{"href":"http:\/\/www.allclosuresin.com\/fr\/wp-json\/wp\/v2\/types\/page"}],"author":[{"embeddable":true,"href":"http:\/\/www.allclosuresin.com\/fr\/wp-json\/wp\/v2\/users\/1"}],"replies":[{"embeddable":true,"href":"http:\/\/www.allclosuresin.com\/fr\/wp-json\/wp\/v2\/comments?post=3359"}],"version-history":[{"count":5,"href":"http:\/\/www.allclosuresin.com\/fr\/wp-json\/wp\/v2\/pages\/3359\/revisions"}],"predecessor-version":[{"id":4818,"href":"http:\/\/www.allclosuresin.com\/fr\/wp-json\/wp\/v2\/pages\/3359\/revisions\/4818"}],"wp:attachment":[{"href":"http:\/\/www.allclosuresin.com\/fr\/wp-json\/wp\/v2\/media?parent=3359"}],"curies":[{"name":"wp","href":"https:\/\/api.w.org\/{rel}","templated":true}]}}