{"id":4044,"date":"2016-11-24T10:42:46","date_gmt":"2016-11-24T10:42:46","guid":{"rendered":"http:\/\/www.allclosuresin.com\/site\/?page_id=4044"},"modified":"2017-03-06T11:36:38","modified_gmt":"2017-03-06T11:36:38","slug":"the-company","status":"publish","type":"page","link":"http:\/\/www.allclosuresin.com\/fr\/entreprise\/","title":{"rendered":"L\u2019Entreprise"},"content":{"rendered":"<div class=\"wpb-content-wrapper\"><p>[vc_row][vc_column reveal_effect=\u00a0\u00bbfadeIn\u00a0\u00bb reveal_duration=\u00a0\u00bb0.7&Prime; reveal_delay=\u00a0\u00bb0.1&Prime;][lab_heading title=\u00a0\u00bbL&rsquo;entreprise\u00a0\u00bb]\u00c1 propos de nous[\/lab_heading][\/vc_column][\/vc_row][vc_row][vc_column reveal_effect=\u00a0\u00bbfadeIn\u00a0\u00bb width=\u00a0\u00bb5\/12&Prime; reveal_duration=\u00a0\u00bb1&Prime; reveal_delay=\u00a0\u00bb0.3&Prime;][vc_single_image image=\u00a0\u00bb4181&Prime; img_size=\u00a0\u00bbfull\u00a0\u00bb][\/vc_column][vc_column reveal_effect=\u00a0\u00bbfadeIn\u00a0\u00bb width=\u00a0\u00bb7\/12&Prime; reveal_duration=\u00a0\u00bb1.5&Prime; reveal_delay=\u00a0\u00bb0.5&Prime;][vc_column_text]Vintage Cork by ACIn est issu de la rencontre entre des professionnels de la production, de la qualit\u00e9 et de la distribution de bouchons en li\u00e8ge qui, longtemps ont \u00e9t\u00e9 concurrents et qui ont d\u00e9cid\u00e9 de mettre en commun leurs exp\u00e9riences respectives afin de r\u00e9pondre aux besoins sp\u00e9cifiques des producteurs de vins. Vintage Cork by ACIn poss\u00e8de ses propres unit\u00e9s de production au Portugal et distribue ses bouchons en priorit\u00e9 en France, au Portugal et en Espagne. Des accords de distribution sont \u00e9galement sign\u00e9s dans d\u2019autre r\u00e9gions du Monde, notamment en Am\u00e9rique Latine et en Asie. Nos langues de travail sont le Fran\u00e7ais, le Portugais, l\u2019Anglais et l\u2019Espagnol.<\/p>\n<p>Dans le monde, de plus en plus de consommateurs de vins de qualit\u00e9 sont pr\u00eats \u00e0 payer plus cher une bouteille bouch\u00e9e avec du li\u00e8ge. Deux raisons fondamentales: d\u2019une part, le bouchon en li\u00e8ge favorise, de par sa structure, la micro-oxyg\u00e9nation du vin, garantissant un vieillissement harmonieux dans la bouteille; et, d\u2019autre part, le li\u00e8ge reste le seul obturateur qui apporte une r\u00e9elle contribution en termes de d\u00e9veloppement durable.<\/p>\n<p>Les producteurs de Vins tranquilles, Vins effervescents et de Spiritueux, ont compris aujourd\u2019hui que le choix du bouchage appropri\u00e9 est essentiel pour atteindre leurs objectifs en termes de qualit\u00e9, \u00e0 court, moyen et long terme.<\/p>\n<p>La mission essentielle de Vintage Cork by ACIn est d\u2019apporter une r\u00e9ponse \u00e0 l\u2019attente de chaque producteur, tant en termes d\u2019efficacit\u00e9 que de rentabilit\u00e9. Vintage Cork by ACIn est n\u00e9e de la rencontre de professionnels de la fili\u00e8re, allant de la for\u00eat jusqu\u2019au bouchon livr\u00e9, anim\u00e9s de la m\u00eame rigueur ; tant sur le plan de la s\u00e9lection des li\u00e8ges, de la finition des bouchons, que des propositions commerciales adapt\u00e9es \u00e0 chaque qualit\u00e9 de vin ainsi qu\u2019\u00e0 sa destination finale.<\/p>\n<p>Durant nos premiers mois d\u2019activit\u00e9, nous avons eu la satisfaction de gagner la confiance de domaines viticoles prestigieux \u00e0 travers le monde, mais \u00e9galement de n\u00e9gociants importants, pour lesquels nous avons adapt\u00e9 un prix \u00e0 la destination de leur produit.[\/vc_column_text][\/vc_column][\/vc_row][vc_row][vc_column][vc_empty_space height=\u00a0\u00bb100px\u00a0\u00bb][\/vc_column][\/vc_row]<\/p>\n<\/div>","protected":false},"excerpt":{"rendered":"<p>[vc_row][vc_column reveal_effect=\u00a0\u00bbfadeIn\u00a0\u00bb reveal_duration=\u00a0\u00bb0.7&Prime; reveal_delay=\u00a0\u00bb0.1&Prime;][lab_heading title=\u00a0\u00bbL&rsquo;entreprise\u00a0\u00bb]\u00c1 propos de nous[\/lab_heading][\/vc_column][\/vc_row][vc_row][vc_column reveal_effect=\u00a0\u00bbfadeIn\u00a0\u00bb width=\u00a0\u00bb5\/12&Prime; reveal_duration=\u00a0\u00bb1&Prime; reveal_delay=\u00a0\u00bb0.3&Prime;][vc_single_image image=\u00a0\u00bb4181&Prime; img_size=\u00a0\u00bbfull\u00a0\u00bb][\/vc_column][vc_column reveal_effect=\u00a0\u00bbfadeIn\u00a0\u00bb width=\u00a0\u00bb7\/12&Prime; reveal_duration=\u00a0\u00bb1.5&Prime; reveal_delay=\u00a0\u00bb0.5&Prime;][vc_column_text]Vintage Cork by ACIn est issu de la rencontre entre des professionnels de la production, de la qualit\u00e9 et de la distribution de bouchons en li\u00e8ge qui, longtemps ont \u00e9t\u00e9 concurrents et qui ont d\u00e9cid\u00e9 de mettre en&hellip;<\/p>\n","protected":false},"author":1,"featured_media":0,"parent":0,"menu_order":0,"comment_status":"closed","ping_status":"closed","template":"","meta":{"_exactmetrics_skip_tracking":false,"_exactmetrics_sitenote_active":false,"_exactmetrics_sitenote_note":"","_exactmetrics_sitenote_category":0,"footnotes":""},"acf":[],"yoast_head":"<!-- This site is optimized with the Yoast SEO plugin v22.0 - https:\/\/yoast.com\/wordpress\/plugins\/seo\/ -->\n<title>L\u2019Entreprise - ALL CLOSURES IN<\/title>\n<meta name=\"description\" content=\"Vintage Cork by ACIn poss\u00e8de ses propres unit\u00e9s de production au Portugal et distribue ses bouchons en priorit\u00e9 en France, au Portugal et en Espagne.\" \/>\n<meta name=\"robots\" content=\"index, follow, max-snippet:-1, max-image-preview:large, max-video-preview:-1\" \/>\n<link rel=\"canonical\" href=\"http:\/\/www.allclosuresin.com\/fr\/entreprise\/\" \/>\n<meta property=\"og:locale\" content=\"fr_FR\" \/>\n<meta property=\"og:type\" content=\"article\" \/>\n<meta property=\"og:title\" content=\"L\u2019Entreprise - ALL CLOSURES IN\" \/>\n<meta property=\"og:description\" content=\"Vintage Cork by ACIn poss\u00e8de ses propres unit\u00e9s de production au Portugal et distribue ses bouchons en priorit\u00e9 en France, au Portugal et en Espagne.\" \/>\n<meta property=\"og:url\" content=\"http:\/\/www.allclosuresin.com\/fr\/entreprise\/\" \/>\n<meta property=\"og:site_name\" content=\"ALL CLOSURES IN\" \/>\n<meta property=\"article:modified_time\" content=\"2017-03-06T11:36:38+00:00\" \/>\n<meta name=\"twitter:card\" content=\"summary_large_image\" \/>\n<meta name=\"twitter:label1\" content=\"Dur\u00e9e de lecture estim\u00e9e\" \/>\n\t<meta name=\"twitter:data1\" content=\"8 minutes\" \/>\n<script type=\"application\/ld+json\" class=\"yoast-schema-graph\">{\"@context\":\"https:\/\/schema.org\",\"@graph\":[{\"@type\":\"WebPage\",\"@id\":\"http:\/\/www.allclosuresin.com\/fr\/entreprise\/\",\"url\":\"http:\/\/www.allclosuresin.com\/fr\/entreprise\/\",\"name\":\"L\u2019Entreprise - ALL CLOSURES IN\",\"isPartOf\":{\"@id\":\"http:\/\/www.allclosuresin.com\/fr\/#website\"},\"datePublished\":\"2016-11-24T10:42:46+00:00\",\"dateModified\":\"2017-03-06T11:36:38+00:00\",\"description\":\"Vintage Cork by ACIn poss\u00e8de ses propres unit\u00e9s de production au Portugal et distribue ses bouchons en priorit\u00e9 en France, au Portugal et en Espagne.\",\"breadcrumb\":{\"@id\":\"http:\/\/www.allclosuresin.com\/fr\/entreprise\/#breadcrumb\"},\"inLanguage\":\"fr-FR\",\"potentialAction\":[{\"@type\":\"ReadAction\",\"target\":[[\"http:\/\/www.allclosuresin.com\/fr\/entreprise\/\"]]}]},{\"@type\":\"BreadcrumbList\",\"@id\":\"http:\/\/www.allclosuresin.com\/fr\/entreprise\/#breadcrumb\",\"itemListElement\":[{\"@type\":\"ListItem\",\"position\":1,\"name\":\"In\u00edcio\",\"item\":\"http:\/\/www.allclosuresin.com\/fr\/\"},{\"@type\":\"ListItem\",\"position\":2,\"name\":\"L\u2019Entreprise\"}]},{\"@type\":\"WebSite\",\"@id\":\"http:\/\/www.allclosuresin.com\/fr\/#website\",\"url\":\"http:\/\/www.allclosuresin.com\/fr\/\",\"name\":\"ALL CLOSURES IN\",\"description\":\"UN OBTURATEUR DE CONFIANCE - Tout ce qui a de la valeur doit \u00eatre prot\u00e9g\u00e9.\",\"publisher\":{\"@id\":\"http:\/\/www.allclosuresin.com\/fr\/#organization\"},\"potentialAction\":[{\"@type\":\"SearchAction\",\"target\":{\"@type\":\"EntryPoint\",\"urlTemplate\":\"http:\/\/www.allclosuresin.com\/fr\/?s={search_term_string}\"},\"query-input\":\"required name=search_term_string\"}],\"inLanguage\":\"fr-FR\"},{\"@type\":\"Organization\",\"@id\":\"http:\/\/www.allclosuresin.com\/fr\/#organization\",\"name\":\"All Closures In\",\"url\":\"http:\/\/www.allclosuresin.com\/fr\/\",\"logo\":{\"@type\":\"ImageObject\",\"inLanguage\":\"fr-FR\",\"@id\":\"http:\/\/www.allclosuresin.com\/fr\/#\/schema\/logo\/image\/\",\"url\":\"http:\/\/www.allclosuresin.com\/wp-content\/uploads\/2016\/11\/logo_grande.png\",\"contentUrl\":\"http:\/\/www.allclosuresin.com\/wp-content\/uploads\/2016\/11\/logo_grande.png\",\"width\":413,\"height\":292,\"caption\":\"All Closures In\"},\"image\":{\"@id\":\"http:\/\/www.allclosuresin.com\/fr\/#\/schema\/logo\/image\/\"}}]}<\/script>\n<!-- \/ Yoast SEO plugin. -->","yoast_head_json":{"title":"L\u2019Entreprise - ALL CLOSURES IN","description":"Vintage Cork by ACIn poss\u00e8de ses propres unit\u00e9s de production au Portugal et distribue ses bouchons en priorit\u00e9 en France, au Portugal et en Espagne.","robots":{"index":"index","follow":"follow","max-snippet":"max-snippet:-1","max-image-preview":"max-image-preview:large","max-video-preview":"max-video-preview:-1"},"canonical":"http:\/\/www.allclosuresin.com\/fr\/entreprise\/","og_locale":"fr_FR","og_type":"article","og_title":"L\u2019Entreprise - ALL CLOSURES IN","og_description":"Vintage Cork by ACIn poss\u00e8de ses propres unit\u00e9s de production au Portugal et distribue ses bouchons en priorit\u00e9 en France, au Portugal et en Espagne.","og_url":"http:\/\/www.allclosuresin.com\/fr\/entreprise\/","og_site_name":"ALL CLOSURES IN","article_modified_time":"2017-03-06T11:36:38+00:00","twitter_card":"summary_large_image","twitter_misc":{"Dur\u00e9e de lecture estim\u00e9e":"8 minutes"},"schema":{"@context":"https:\/\/schema.org","@graph":[{"@type":"WebPage","@id":"http:\/\/www.allclosuresin.com\/fr\/entreprise\/","url":"http:\/\/www.allclosuresin.com\/fr\/entreprise\/","name":"L\u2019Entreprise - ALL CLOSURES IN","isPartOf":{"@id":"http:\/\/www.allclosuresin.com\/fr\/#website"},"datePublished":"2016-11-24T10:42:46+00:00","dateModified":"2017-03-06T11:36:38+00:00","description":"Vintage Cork by ACIn poss\u00e8de ses propres unit\u00e9s de production au Portugal et distribue ses bouchons en priorit\u00e9 en France, au Portugal et en Espagne.","breadcrumb":{"@id":"http:\/\/www.allclosuresin.com\/fr\/entreprise\/#breadcrumb"},"inLanguage":"fr-FR","potentialAction":[{"@type":"ReadAction","target":[["http:\/\/www.allclosuresin.com\/fr\/entreprise\/"]]}]},{"@type":"BreadcrumbList","@id":"http:\/\/www.allclosuresin.com\/fr\/entreprise\/#breadcrumb","itemListElement":[{"@type":"ListItem","position":1,"name":"In\u00edcio","item":"http:\/\/www.allclosuresin.com\/fr\/"},{"@type":"ListItem","position":2,"name":"L\u2019Entreprise"}]},{"@type":"WebSite","@id":"http:\/\/www.allclosuresin.com\/fr\/#website","url":"http:\/\/www.allclosuresin.com\/fr\/","name":"ALL CLOSURES IN","description":"UN OBTURATEUR DE CONFIANCE - Tout ce qui a de la valeur doit \u00eatre prot\u00e9g\u00e9.","publisher":{"@id":"http:\/\/www.allclosuresin.com\/fr\/#organization"},"potentialAction":[{"@type":"SearchAction","target":{"@type":"EntryPoint","urlTemplate":"http:\/\/www.allclosuresin.com\/fr\/?s={search_term_string}"},"query-input":"required name=search_term_string"}],"inLanguage":"fr-FR"},{"@type":"Organization","@id":"http:\/\/www.allclosuresin.com\/fr\/#organization","name":"All Closures In","url":"http:\/\/www.allclosuresin.com\/fr\/","logo":{"@type":"ImageObject","inLanguage":"fr-FR","@id":"http:\/\/www.allclosuresin.com\/fr\/#\/schema\/logo\/image\/","url":"http:\/\/www.allclosuresin.com\/wp-content\/uploads\/2016\/11\/logo_grande.png","contentUrl":"http:\/\/www.allclosuresin.com\/wp-content\/uploads\/2016\/11\/logo_grande.png","width":413,"height":292,"caption":"All Closures In"},"image":{"@id":"http:\/\/www.allclosuresin.com\/fr\/#\/schema\/logo\/image\/"}}]}},"_links":{"self":[{"href":"http:\/\/www.allclosuresin.com\/fr\/wp-json\/wp\/v2\/pages\/4044"}],"collection":[{"href":"http:\/\/www.allclosuresin.com\/fr\/wp-json\/wp\/v2\/pages"}],"about":[{"href":"http:\/\/www.allclosuresin.com\/fr\/wp-json\/wp\/v2\/types\/page"}],"author":[{"embeddable":true,"href":"http:\/\/www.allclosuresin.com\/fr\/wp-json\/wp\/v2\/users\/1"}],"replies":[{"embeddable":true,"href":"http:\/\/www.allclosuresin.com\/fr\/wp-json\/wp\/v2\/comments?post=4044"}],"version-history":[{"count":4,"href":"http:\/\/www.allclosuresin.com\/fr\/wp-json\/wp\/v2\/pages\/4044\/revisions"}],"predecessor-version":[{"id":4746,"href":"http:\/\/www.allclosuresin.com\/fr\/wp-json\/wp\/v2\/pages\/4044\/revisions\/4746"}],"wp:attachment":[{"href":"http:\/\/www.allclosuresin.com\/fr\/wp-json\/wp\/v2\/media?parent=4044"}],"curies":[{"name":"wp","href":"https:\/\/api.w.org\/{rel}","templated":true}]}}