{"id":4050,"date":"2016-11-24T11:48:08","date_gmt":"2016-11-24T11:48:08","guid":{"rendered":"http:\/\/www.allclosuresin.com\/site\/?page_id=4050"},"modified":"2017-03-06T11:51:38","modified_gmt":"2017-03-06T11:51:38","slug":"technologie","status":"publish","type":"page","link":"http:\/\/www.allclosuresin.com\/fr\/technologie\/","title":{"rendered":"Technologie"},"content":{"rendered":"<div class=\"wpb-content-wrapper\"><p>[vc_row][vc_column reveal_effect=\u00a0\u00bbfadeIn\u00a0\u00bb reveal_duration=\u00a0\u00bb0.7&Prime;][lab_heading title=\u00a0\u00bbTechnologie \u00ab\u00a0][\/lab_heading][\/vc_column][\/vc_row][vc_row no_bottom_margin=\u00a0\u00bbyes\u00a0\u00bb][vc_column reveal_effect=\u00a0\u00bbfadeIn\u00a0\u00bb width=\u00a0\u00bb1\/2&Prime; reveal_duration=\u00a0\u00bb1&Prime;][vc_single_image image=\u00a0\u00bb4403&Prime; img_size=\u00a0\u00bbfull\u00a0\u00bb][\/vc_column][vc_column reveal_effect=\u00a0\u00bbfadeIn\u00a0\u00bb width=\u00a0\u00bb1\/2&Prime; reveal_duration=\u00a0\u00bb1&Prime; css=\u00a0\u00bb.vc_custom_1480691628517{margin-top: -23px !important;}\u00a0\u00bb][lab_heading title=\u00a0\u00bbUne technologie de pointe alli\u00e9e \u00e0 la touche de l\u2019homme\u00a0\u00bb]Nous comprenons les besoins de votre entreprise[\/lab_heading][vc_column_text]Le li\u00e8ge est un incroyable cadeau de la nature, un chef-d\u2019\u0153uvre naturel auquel la technologie a permis de s\u2019adapter \u00e0 une multitude d\u2019utilisations pour r\u00e9pondre aux attentes de ses utilisateurs.<\/p>\n<p>Il est l\u2019obturateur le plus adapt\u00e9 aux grands crus et aux vins prestigieux, Il est aussi l&rsquo;obturateur le plus adapt\u00e9 aux vins de consommation plus rapide, pour lesquels le rapport qualit\u00e9\/prix ne doit pas d\u00e9cevoir.<\/p>\n<p>Forts d\u2019une grande exp\u00e9rience nous permettant de proposer les associations bouchons\/vins les plus pertinentes, nous utilisons ensuite des technologies de pointe, de rigoureux syst\u00e8mes de contr\u00f4les \u00e0 chaque \u00e9tape de la transformation, de l\u2019arbre au bouchon fini pour r\u00e9pondre le mieux \u00e0 vos besoins.<\/p>\n<p>Nous avons des points communs, c\u2019est pour cela que nous comprenons vos attentes.<\/p>\n<p>Le bouchon de li\u00e8ge et le vin, c&rsquo;est d&rsquo;\u00e9vidence la rencontre id\u00e9ale de deux\u00a0produits naturels, qui chacun, gr\u00e2ce \u00e0 l\u2019exp\u00e9rience de l\u2019homme, a su progresser qualitativement.<\/p>\n<p>La meilleure des preuves est que le raisin et le li\u00e8ge ont les m\u00eames besoins naturels, un \u00e9quilibre entre l&rsquo;eau et le soleil afin de donner le meilleur d&rsquo;eux-m\u00eames.<\/p>\n<p>Ce sont deux mondes de passions pour la nature, deux mondes de passions pour nos produits, deux mondes de passions pour nos m\u00e9tiers.[\/vc_column_text][vc_separator style=\u00a0\u00bbshadow\u00a0\u00bb][\/vc_column][\/vc_row][vc_row][vc_column reveal_effect=\u00a0\u00bbfadeIn\u00a0\u00bb width=\u00a0\u00bb1\/2&Prime; reveal_duration=\u00a0\u00bb1&Prime;][vc_single_image image=\u00a0\u00bb4180&Prime; img_size=\u00a0\u00bbfull\u00a0\u00bb][\/vc_column][vc_column reveal_effect=\u00a0\u00bbfadeIn\u00a0\u00bb width=\u00a0\u00bb1\/2&Prime; reveal_duration=\u00a0\u00bb1&Prime; css=\u00a0\u00bb.vc_custom_1480691947161{margin-top: -23px !important;}\u00a0\u00bb][lab_heading title=\u00a0\u00bbDes bouchons en li\u00e8ge sur mesure\u00a0\u00bb]Chaque d\u00e9tail a son importance[\/lab_heading][vc_column_text]Notre gamme de bouchons nous permet de r\u00e9pondre \u00e0 la totalit\u00e9 des attentes de nos clients.<br \/>\nGr\u00e2ce \u00e0 cette gamme, nous pouvons conseiller chacun avec un bouchon adapt\u00e9 \u00e0 son environnement qualitatif et \u00e9conomique.<br \/>\nNotre technologie, alli\u00e9e \u00e0 la maitrise de notre processus de transformation, du li\u00e8ge brut jusqu\u2019au traitement de surface final, nous diff\u00e9rencie r\u00e9ellement de nos concurrents.<\/p>\n<p>La personnalisation de l\u2019ensemble de ces param\u00e8tres de production nous permet de proposer du \u00absur mesure\u00bb, adapt\u00e9 aux caract\u00e9ristiques sp\u00e9cifiques de chaque type de vin, prenant en compte tous les param\u00e8tres que sont, le potentiel d\u2019oxydo-r\u00e9duction, la dur\u00e9e de garde souhait\u00e9e, le diam\u00e8tre du col de la bouteille, entre autres aspects essentiels.<br \/>\nAjout\u00e9es \u00e0 cela, nos proc\u00e9dures renforc\u00e9es de contr\u00f4le qualit\u00e9 permettent \u00e0 nos clients d\u2019obtenir le bouchon qui r\u00e9pond au plus pr\u00e8s \u00e0 leurs besoins.[\/vc_column_text][vc_separator style=\u00a0\u00bbshadow\u00a0\u00bb][\/vc_column][\/vc_row][vc_row][vc_column width=\u00a0\u00bb1\/2&Prime;][vc_single_image image=\u00a0\u00bb4404&Prime; img_size=\u00a0\u00bbfull\u00a0\u00bb][\/vc_column][vc_column reveal_effect=\u00a0\u00bb\u00a0\u00bb width=\u00a0\u00bb1\/2&Prime; css=\u00a0\u00bb.vc_custom_1480691954337{margin-top: -23px !important;}\u00a0\u00bb][lab_heading title=\u00a0\u00bbLa qualit\u00e9 avant tout\u00a0\u00bb]Des mesures de contr\u00f4le qualit\u00e9 rigoureuses[\/lab_heading][vc_column_text]Afin de m\u00e9riter la confiance de nos clients, nous attachons la plus grande importance \u00e0 la qualit\u00e9.<br \/>\nNotre d\u00e9marche passe par l\u2019utilisation du meilleur li\u00e8ge et d\u2019une technologie de pointe pendant sa transformation, par des contr\u00f4les qualit\u00e9 rigoureux \u00e0 chaque \u00e9tape de la fabrication et de la finition ainsi que par l\u2019utilisation de traitements exclusifs comme DrasRed, proc\u00e9d\u00e9 qui renforce la qualit\u00e9 de nos produits, tout en assurant l\u2019extraction rigoureuse des compos\u00e9s volatiles.<br \/>\nNous suivons les plus hauts standards en termes de Bonnes Pratiques de Fabrication qui nous ont conduit \u00e0 l&rsquo;obtention du Systecode Premium et de la certification ISO 22000 pour notre syst\u00e8me de management de la s\u00e9curit\u00e9 alimentaire de nos bouchons.<\/p>\n<p>Notre but: proposer les bouchons pr\u00e9sentant un niveau de performances maximum, sur les plans physiques, m\u00e9caniques et sensoriels.[\/vc_column_text][\/vc_column][\/vc_row][vc_row][vc_column][vc_empty_space height=\u00a0\u00bb60px\u00a0\u00bb][\/vc_column][\/vc_row]<\/p>\n<\/div>","protected":false},"excerpt":{"rendered":"<p>[vc_row][vc_column reveal_effect=\u00a0\u00bbfadeIn\u00a0\u00bb reveal_duration=\u00a0\u00bb0.7&Prime;][lab_heading title=\u00a0\u00bbTechnologie \u00ab\u00a0][\/lab_heading][\/vc_column][\/vc_row][vc_row no_bottom_margin=\u00a0\u00bbyes\u00a0\u00bb][vc_column reveal_effect=\u00a0\u00bbfadeIn\u00a0\u00bb width=\u00a0\u00bb1\/2&Prime; reveal_duration=\u00a0\u00bb1&Prime;][vc_single_image image=\u00a0\u00bb4403&Prime; img_size=\u00a0\u00bbfull\u00a0\u00bb][\/vc_column][vc_column reveal_effect=\u00a0\u00bbfadeIn\u00a0\u00bb width=\u00a0\u00bb1\/2&Prime; reveal_duration=\u00a0\u00bb1&Prime; css=\u00a0\u00bb.vc_custom_1480691628517{margin-top: -23px !important;}\u00a0\u00bb][lab_heading title=\u00a0\u00bbUne technologie de pointe alli\u00e9e \u00e0 la touche de l\u2019homme\u00a0\u00bb]Nous comprenons les besoins de votre entreprise[\/lab_heading][vc_column_text]Le li\u00e8ge est un incroyable cadeau de la nature, un chef-d\u2019\u0153uvre naturel auquel la technologie a permis de s\u2019adapter \u00e0 une multitude d\u2019utilisations&hellip;<\/p>\n","protected":false},"author":1,"featured_media":0,"parent":0,"menu_order":0,"comment_status":"closed","ping_status":"closed","template":"","meta":{"_exactmetrics_skip_tracking":false,"_exactmetrics_sitenote_active":false,"_exactmetrics_sitenote_note":"","_exactmetrics_sitenote_category":0,"footnotes":""},"acf":[],"yoast_head":"<!-- This site is optimized with the Yoast SEO plugin v22.0 - https:\/\/yoast.com\/wordpress\/plugins\/seo\/ -->\n<title>Technologie - ALL CLOSURES IN<\/title>\n<meta name=\"description\" content=\"Le li\u00e8ge est un incroyable cadeau de la nature, un chef-d\u2019\u0153uvre naturel auquel la technologie il est le obturateur parfait pour les vins du monde entier.\" \/>\n<meta name=\"robots\" content=\"index, follow, max-snippet:-1, max-image-preview:large, max-video-preview:-1\" \/>\n<link rel=\"canonical\" href=\"http:\/\/www.allclosuresin.com\/fr\/technologie\/\" \/>\n<meta property=\"og:locale\" content=\"fr_FR\" \/>\n<meta property=\"og:type\" content=\"article\" \/>\n<meta property=\"og:title\" content=\"Technologie - ALL CLOSURES IN\" \/>\n<meta property=\"og:description\" content=\"Le li\u00e8ge est un incroyable cadeau de la nature, un chef-d\u2019\u0153uvre naturel auquel la technologie il est le obturateur parfait pour les vins du monde entier.\" \/>\n<meta property=\"og:url\" content=\"http:\/\/www.allclosuresin.com\/fr\/technologie\/\" \/>\n<meta property=\"og:site_name\" content=\"ALL CLOSURES IN\" \/>\n<meta property=\"article:modified_time\" content=\"2017-03-06T11:51:38+00:00\" \/>\n<meta name=\"twitter:card\" content=\"summary_large_image\" \/>\n<meta name=\"twitter:label1\" content=\"Dur\u00e9e de lecture estim\u00e9e\" \/>\n\t<meta name=\"twitter:data1\" content=\"14 minutes\" \/>\n<script type=\"application\/ld+json\" class=\"yoast-schema-graph\">{\"@context\":\"https:\/\/schema.org\",\"@graph\":[{\"@type\":\"WebPage\",\"@id\":\"http:\/\/www.allclosuresin.com\/fr\/technologie\/\",\"url\":\"http:\/\/www.allclosuresin.com\/fr\/technologie\/\",\"name\":\"Technologie - ALL CLOSURES IN\",\"isPartOf\":{\"@id\":\"http:\/\/www.allclosuresin.com\/fr\/#website\"},\"datePublished\":\"2016-11-24T11:48:08+00:00\",\"dateModified\":\"2017-03-06T11:51:38+00:00\",\"description\":\"Le li\u00e8ge est un incroyable cadeau de la nature, un chef-d\u2019\u0153uvre naturel auquel la technologie il est le obturateur parfait pour les vins du monde entier.\",\"breadcrumb\":{\"@id\":\"http:\/\/www.allclosuresin.com\/fr\/technologie\/#breadcrumb\"},\"inLanguage\":\"fr-FR\",\"potentialAction\":[{\"@type\":\"ReadAction\",\"target\":[[\"http:\/\/www.allclosuresin.com\/fr\/technologie\/\"]]}]},{\"@type\":\"BreadcrumbList\",\"@id\":\"http:\/\/www.allclosuresin.com\/fr\/technologie\/#breadcrumb\",\"itemListElement\":[{\"@type\":\"ListItem\",\"position\":1,\"name\":\"In\u00edcio\",\"item\":\"http:\/\/www.allclosuresin.com\/fr\/\"},{\"@type\":\"ListItem\",\"position\":2,\"name\":\"Technologie\"}]},{\"@type\":\"WebSite\",\"@id\":\"http:\/\/www.allclosuresin.com\/fr\/#website\",\"url\":\"http:\/\/www.allclosuresin.com\/fr\/\",\"name\":\"ALL CLOSURES IN\",\"description\":\"UN OBTURATEUR DE CONFIANCE - Tout ce qui a de la valeur doit \u00eatre prot\u00e9g\u00e9.\",\"publisher\":{\"@id\":\"http:\/\/www.allclosuresin.com\/fr\/#organization\"},\"potentialAction\":[{\"@type\":\"SearchAction\",\"target\":{\"@type\":\"EntryPoint\",\"urlTemplate\":\"http:\/\/www.allclosuresin.com\/fr\/?s={search_term_string}\"},\"query-input\":\"required name=search_term_string\"}],\"inLanguage\":\"fr-FR\"},{\"@type\":\"Organization\",\"@id\":\"http:\/\/www.allclosuresin.com\/fr\/#organization\",\"name\":\"All Closures In\",\"url\":\"http:\/\/www.allclosuresin.com\/fr\/\",\"logo\":{\"@type\":\"ImageObject\",\"inLanguage\":\"fr-FR\",\"@id\":\"http:\/\/www.allclosuresin.com\/fr\/#\/schema\/logo\/image\/\",\"url\":\"http:\/\/www.allclosuresin.com\/wp-content\/uploads\/2016\/11\/logo_grande.png\",\"contentUrl\":\"http:\/\/www.allclosuresin.com\/wp-content\/uploads\/2016\/11\/logo_grande.png\",\"width\":413,\"height\":292,\"caption\":\"All Closures In\"},\"image\":{\"@id\":\"http:\/\/www.allclosuresin.com\/fr\/#\/schema\/logo\/image\/\"}}]}<\/script>\n<!-- \/ Yoast SEO plugin. -->","yoast_head_json":{"title":"Technologie - ALL CLOSURES IN","description":"Le li\u00e8ge est un incroyable cadeau de la nature, un chef-d\u2019\u0153uvre naturel auquel la technologie il est le obturateur parfait pour les vins du monde entier.","robots":{"index":"index","follow":"follow","max-snippet":"max-snippet:-1","max-image-preview":"max-image-preview:large","max-video-preview":"max-video-preview:-1"},"canonical":"http:\/\/www.allclosuresin.com\/fr\/technologie\/","og_locale":"fr_FR","og_type":"article","og_title":"Technologie - ALL CLOSURES IN","og_description":"Le li\u00e8ge est un incroyable cadeau de la nature, un chef-d\u2019\u0153uvre naturel auquel la technologie il est le obturateur parfait pour les vins du monde entier.","og_url":"http:\/\/www.allclosuresin.com\/fr\/technologie\/","og_site_name":"ALL CLOSURES IN","article_modified_time":"2017-03-06T11:51:38+00:00","twitter_card":"summary_large_image","twitter_misc":{"Dur\u00e9e de lecture estim\u00e9e":"14 minutes"},"schema":{"@context":"https:\/\/schema.org","@graph":[{"@type":"WebPage","@id":"http:\/\/www.allclosuresin.com\/fr\/technologie\/","url":"http:\/\/www.allclosuresin.com\/fr\/technologie\/","name":"Technologie - ALL CLOSURES IN","isPartOf":{"@id":"http:\/\/www.allclosuresin.com\/fr\/#website"},"datePublished":"2016-11-24T11:48:08+00:00","dateModified":"2017-03-06T11:51:38+00:00","description":"Le li\u00e8ge est un incroyable cadeau de la nature, un chef-d\u2019\u0153uvre naturel auquel la technologie il est le obturateur parfait pour les vins du monde entier.","breadcrumb":{"@id":"http:\/\/www.allclosuresin.com\/fr\/technologie\/#breadcrumb"},"inLanguage":"fr-FR","potentialAction":[{"@type":"ReadAction","target":[["http:\/\/www.allclosuresin.com\/fr\/technologie\/"]]}]},{"@type":"BreadcrumbList","@id":"http:\/\/www.allclosuresin.com\/fr\/technologie\/#breadcrumb","itemListElement":[{"@type":"ListItem","position":1,"name":"In\u00edcio","item":"http:\/\/www.allclosuresin.com\/fr\/"},{"@type":"ListItem","position":2,"name":"Technologie"}]},{"@type":"WebSite","@id":"http:\/\/www.allclosuresin.com\/fr\/#website","url":"http:\/\/www.allclosuresin.com\/fr\/","name":"ALL CLOSURES IN","description":"UN OBTURATEUR DE CONFIANCE - Tout ce qui a de la valeur doit \u00eatre prot\u00e9g\u00e9.","publisher":{"@id":"http:\/\/www.allclosuresin.com\/fr\/#organization"},"potentialAction":[{"@type":"SearchAction","target":{"@type":"EntryPoint","urlTemplate":"http:\/\/www.allclosuresin.com\/fr\/?s={search_term_string}"},"query-input":"required name=search_term_string"}],"inLanguage":"fr-FR"},{"@type":"Organization","@id":"http:\/\/www.allclosuresin.com\/fr\/#organization","name":"All Closures In","url":"http:\/\/www.allclosuresin.com\/fr\/","logo":{"@type":"ImageObject","inLanguage":"fr-FR","@id":"http:\/\/www.allclosuresin.com\/fr\/#\/schema\/logo\/image\/","url":"http:\/\/www.allclosuresin.com\/wp-content\/uploads\/2016\/11\/logo_grande.png","contentUrl":"http:\/\/www.allclosuresin.com\/wp-content\/uploads\/2016\/11\/logo_grande.png","width":413,"height":292,"caption":"All Closures In"},"image":{"@id":"http:\/\/www.allclosuresin.com\/fr\/#\/schema\/logo\/image\/"}}]}},"_links":{"self":[{"href":"http:\/\/www.allclosuresin.com\/fr\/wp-json\/wp\/v2\/pages\/4050"}],"collection":[{"href":"http:\/\/www.allclosuresin.com\/fr\/wp-json\/wp\/v2\/pages"}],"about":[{"href":"http:\/\/www.allclosuresin.com\/fr\/wp-json\/wp\/v2\/types\/page"}],"author":[{"embeddable":true,"href":"http:\/\/www.allclosuresin.com\/fr\/wp-json\/wp\/v2\/users\/1"}],"replies":[{"embeddable":true,"href":"http:\/\/www.allclosuresin.com\/fr\/wp-json\/wp\/v2\/comments?post=4050"}],"version-history":[{"count":5,"href":"http:\/\/www.allclosuresin.com\/fr\/wp-json\/wp\/v2\/pages\/4050\/revisions"}],"predecessor-version":[{"id":4622,"href":"http:\/\/www.allclosuresin.com\/fr\/wp-json\/wp\/v2\/pages\/4050\/revisions\/4622"}],"wp:attachment":[{"href":"http:\/\/www.allclosuresin.com\/fr\/wp-json\/wp\/v2\/media?parent=4050"}],"curies":[{"name":"wp","href":"https:\/\/api.w.org\/{rel}","templated":true}]}}