{"id":4063,"date":"2016-11-24T12:42:27","date_gmt":"2016-11-24T12:42:27","guid":{"rendered":"http:\/\/www.allclosuresin.com\/site\/?page_id=4063"},"modified":"2017-03-06T11:58:27","modified_gmt":"2017-03-06T11:58:27","slug":"sostenibilidad","status":"publish","type":"page","link":"http:\/\/www.allclosuresin.com\/fr\/durabilite\/","title":{"rendered":"D\u00e9veloppement Durable"},"content":{"rendered":"<div class=\"wpb-content-wrapper\"><p>[vc_row][vc_column reveal_effect=\u00a0\u00bbfadeIn\u00a0\u00bb reveal_duration=\u00a0\u00bb0.7&Prime;][lab_heading title=\u00a0\u00bbD\u00e9veloppement Durable\u00a0\u00bb]La puissance du d\u00e9veloppement durable et de la protection de la plan\u00e8te[\/lab_heading][\/vc_column][\/vc_row][vc_row no_bottom_margin=\u00a0\u00bbyes\u00a0\u00bb css=\u00a0\u00bb.vc_custom_1449173575424{margin-bottom: 0px !important;}\u00a0\u00bb][vc_column reveal_effect=\u00a0\u00bbfadeIn\u00a0\u00bb width=\u00a0\u00bb1\/2&Prime; reveal_duration=\u00a0\u00bb1&Prime; css=\u00a0\u00bb.vc_custom_1427135159400{margin-right: 0px !important;padding-right: 0px !important;}\u00a0\u00bb][vc_single_image image=\u00a0\u00bb4420&Prime; img_size=\u00a0\u00bbfull\u00a0\u00bb css=\u00a0\u00bb.vc_custom_1480686300516{margin-bottom: 0px !important;}\u00a0\u00bb][\/vc_column][vc_column reveal_effect=\u00a0\u00bbfadeIn\u00a0\u00bb width=\u00a0\u00bb1\/2&Prime; css=\u00a0\u00bb.vc_custom_1426247184186{margin-left: 0px !important;padding-left: 0px !important;}\u00a0\u00bb reveal_duration=\u00a0\u00bb1&Prime;][lab_service_box css=\u00a0\u00bb.vc_custom_1426246489664{padding-top: 45px !important;padding-right: 65px !important;padding-bottom: 45px !important;padding-left: 65px !important;}\u00a0\u00bb][vc_icon type=\u00a0\u00bbfontawesome\u00a0\u00bb icon_fontawesome=\u00a0\u00bbfa fa-pagelines\u00a0\u00bb color=\u00a0\u00bbvista_blue\u00a0\u00bb background_style=\u00a0\u00bbrounded-outline\u00a0\u00bb background_color=\u00a0\u00bbvista_blue\u00a0\u00bb][lab_service_box_content title=\u00a0\u00bbL\u2019importance \u00e9cologique des for\u00eats de ch\u00eane-li\u00e8ge\u00a0\u00bb description=\u00a0\u00bbLa conservation de la biodiversit\u00e9, la r\u00e9gulation du cycle hydrologique, la protection des sols ou la s\u00e9questration de carbone sont les meilleurs repr\u00e9sentants de services environnementaux fournis par les \u00e9cosyst\u00e8mes forestiers, dont des exemples sont les for\u00eats de li\u00e8ge et les bois de ch\u00eane-li\u00e8ge.<\/p>\n<p>Les \u00e9cosyst\u00e8mes des r\u00e9gions m\u00e9diterran\u00e9ennes sont particuli\u00e8rement riches en faune et flore, constituant des zones prioritaires de biodiversit\u00e9. La M\u00e9diterran\u00e9e a une richesse d&rsquo;esp\u00e8ces bien sup\u00e9rieure \u00e0 celle trouv\u00e9e dans le reste de l&rsquo;Europe. Parmi elles, plus de la moiti\u00e9 existe seulement dans la M\u00e9diterran\u00e9e, ce qui rend les esp\u00e8ces end\u00e9miques de cette r\u00e9gion.<br \/>\nLe ch\u00eane-li\u00e8ge est une de ces esp\u00e8ces. En outre, les bois de ch\u00eane-li\u00e8ge sont des r\u00e9servoirs importants de diversit\u00e9 biologique.<br \/>\nLe ch\u00eane-li\u00e8ge, l\u2019esp\u00e8ce principale de la for\u00eat, est la base d&rsquo;une cha\u00eene alimentaire qui inclut des insectes qui se nourrissent des feuilles, jusqu\u2019aux oiseaux qui se nourrissent de ces insectes.<br \/>\nLes for\u00eats g\u00e9n\u00e8rent \u00e9galement des endroits de fuite comme des zones de nidification et d&rsquo;alimentation pour de nombreuses esp\u00e8ces sauvages, dont quelques-unes prot\u00e9g\u00e9es outre le fait de servir de lieux de replis en cas de fuite, d\u2019espaces de nidification, de zones d\u2019alimentation, pour de nombreuses esp\u00e8ces sauvages dont quelques-unes prot\u00e9g\u00e9es, les for\u00eats de ch\u00eanes-li\u00e8ges abritent \u00e9galement un grand nombre d\u2019esp\u00e8ces d\u2019insectes et de champignons qui sont des \u00e9l\u00e9ments essentiels de la cha\u00eene alimentaire.<br \/>\nLa long\u00e9vit\u00e9 des arbres (elles peuvent vivre pendant 200 ans en moyenne) et la persistance structurale de la communaut\u00e9 v\u00e9g\u00e9tale contribuent \u00e0 la grande diversit\u00e9 de plantes dans les bois.\u00a0\u00bb][\/lab_service_box][\/vc_column][\/vc_row][vc_row no_bottom_margin=\u00a0\u00bbyes\u00a0\u00bb css=\u00a0\u00bb.vc_custom_1449173593554{margin-bottom: 0px !important;}\u00a0\u00bb][vc_column reveal_effect=\u00a0\u00bbfadeIn\u00a0\u00bb width=\u00a0\u00bb1\/2&Prime; reveal_duration=\u00a0\u00bb1&Prime;][lab_service_box css=\u00a0\u00bb.vc_custom_1426246508339{margin-right: 0px !important;margin-left: 0px !important;padding-top: 45px !important;padding-right: 65px !important;padding-bottom: 45px !important;padding-left: 65px !important;}\u00a0\u00bb][vc_icon type=\u00a0\u00bbfontawesome\u00a0\u00bb icon_fontawesome=\u00a0\u00bbfa fa-tint\u00a0\u00bb color=\u00a0\u00bbvista_blue\u00a0\u00bb background_style=\u00a0\u00bbrounded-outline\u00a0\u00bb background_color=\u00a0\u00bbvista_blue\u00a0\u00bb][lab_service_box_content title=\u00a0\u00bbLe r\u00e8glement hydrologique et la conservation des sols\u00a0\u00bb description=\u00a0\u00bbLes for\u00eats, y compris les for\u00eats de li\u00e8ge, jouent un r\u00f4le cl\u00e9 dans la r\u00e9gulation de l&rsquo;eau. Les processus d\u2019infiltration d\u2019eau et d\u2019\u00e9coulement superficiel sont en effet tr\u00e8s<br \/>\nlargement influenc\u00e9s par la pr\u00e9sence d\u2019arbres et de leurs syst\u00e8mes racinaires. Ces derniers captent \u00e9galement certains nutriments et l\u2019eau pr\u00e9sents dans les couches s\u00e9dimentaires profondes qu\u2019ils ram\u00e8nent ainsi \u00e0 la surface. Les ch\u00eanes-li\u00e8ges, assez \u00e9cart\u00e9s des uns des autres fonctionnent comme des centres d\u2019interception de la pluie et de r\u00e9tention d\u2019eau.<br \/>\nSouvent, le sol sous la cime est plus perm\u00e9able, a une plus grande capacit\u00e9 de r\u00e9tention d&rsquo;eau et est plus riche en \u00e9l\u00e9ments nutritifs que le sol nu, \u00e9tant plus \u00e0 l&rsquo;abri de l&rsquo;impact direct de la pluie que, dans certaines circonstances, peut provoquer l&rsquo;entra\u00eenement et l&rsquo;\u00e9rosion, contribuant ainsi \u00e0 la r\u00e9gulation du cycle de l&rsquo;eau.<br \/>\nDans les bois de ch\u00eane-li\u00e8ge, bien que les cimes restent vertes toute l&rsquo;ann\u00e9e, les feuilles sont renouvel\u00e9es chaque ann\u00e9e. Les vieilles feuilles se d\u00e9composent et contribuent \u00e0 la mati\u00e8re organique du sol, ce qui fait un recyclage des nutriments absorb\u00e9s par les plantes. Mais la contribution principale \u00e0 l&rsquo;accumulation de mati\u00e8re organique dans le sol est bien due aux racine fines du li\u00e8ge, qui prolif\u00e8rent \u00e0 proximit\u00e9 de la surface du sol et qui ont des courtes dur\u00e9es de vie.<br \/>\nLes for\u00eats de ch\u00eane-li\u00e8ge, en raison de leur valeur \u00e9conomique potentielle, peuvent se r\u00e9v\u00e9ler \u00eatre cruciales dans la formation des zones foresti\u00e8res qui sont une barri\u00e8re contre la d\u00e9sertification.\u00a0\u00bb][\/lab_service_box][\/vc_column][vc_column reveal_effect=\u00a0\u00bbfadeIn\u00a0\u00bb width=\u00a0\u00bb1\/2&Prime; css=\u00a0\u00bb.vc_custom_1471595809282{margin-left: -15px !important;padding-right: 0px !important;padding-left: 0px !important;}\u00a0\u00bb reveal_duration=\u00a0\u00bb1&Prime;][vc_single_image image=\u00a0\u00bb4368&Prime; img_size=\u00a0\u00bbfull\u00a0\u00bb][\/vc_column][\/vc_row][vc_row css=\u00a0\u00bb.vc_custom_1426246390316{margin-bottom: 0px !important;}\u00a0\u00bb][vc_column reveal_effect=\u00a0\u00bbfadeIn\u00a0\u00bb width=\u00a0\u00bb1\/2&Prime; reveal_duration=\u00a0\u00bb1&Prime;][vc_single_image image=\u00a0\u00bb4179&Prime; img_size=\u00a0\u00bbfull\u00a0\u00bb css=\u00a0\u00bb.vc_custom_1480646995229{margin-bottom: 0px !important;}\u00a0\u00bb][\/vc_column][vc_column reveal_effect=\u00a0\u00bbfadeIn\u00a0\u00bb width=\u00a0\u00bb1\/2&Prime; reveal_duration=\u00a0\u00bb1&Prime;][lab_service_box css=\u00a0\u00bb.vc_custom_1426246531346{padding-top: 45px !important;padding-right: 65px !important;padding-bottom: 45px !important;padding-left: 65px !important;}\u00a0\u00bb][vc_icon type=\u00a0\u00bbfontawesome\u00a0\u00bb icon_fontawesome=\u00a0\u00bbfa fa-leaf\u00a0\u00bb color=\u00a0\u00bbvista_blue\u00a0\u00bb background_style=\u00a0\u00bbrounded-outline\u00a0\u00bb background_color=\u00a0\u00bbvista_blue\u00a0\u00bb][lab_service_box_content title=\u00a0\u00bbLe bouchon de li\u00e8ge et l&rsquo;environnement\u00a0\u00bb description=\u00a0\u00bbL&rsquo;augmentation de la concentration de gaz \u00e0 effet de serre dans l&rsquo;atmosph\u00e8re sous la forme de dioxyde de carbone (CO2) est responsable de changements climatiques importants.<br \/>\nChaque ann\u00e9e, pr\u00e8s de 200 000 tonnes de li\u00e8ge sont extraites au Portugal, ce qui repr\u00e9sente environ la moiti\u00e9 de la production mondiale. Un tiers de ce li\u00e8ge est transform\u00e9 en bouchons.<br \/>\nEn tant que produit v\u00e9g\u00e9tal, le li\u00e8ge retient le carbone r\u00e9sultant de l\u2019assimilation photosynth\u00e9tique du dioxyde de carbone atmosph\u00e9rique.<br \/>\nUne partie de ce carbone est utilis\u00e9e dans le m\u00e9tabolisme et le reste dans la croissance de l\u2019arbre.<br \/>\nLe bouchon fabriqu\u00e9 continuera \u00e0 retenir le carbone (pour environ la moiti\u00e9 du poids sec de chaque bouchon). Cette fonction perdure pendant tout le cycle de vie du bouchon. Le recyclage retarde encore la r\u00e9\u00e9mission dans l\u2019atmosph\u00e8re, sous forme de CO2, de ce carbone s\u00e9questr\u00e9.<br \/>\nLa production et l\u2019utilisation d\u2019un bouchon de li\u00e8ge \u00e9mettent 10 fois moins de CO2 que celles d\u2019un bouchon en plastique et 24 fois moins que celles d\u2019une capsule en aluminium!<br \/>\nEn plus de tout cela, et \u00e0 la diff\u00e9rence des for\u00eats exploit\u00e9es pour la production de bois, l\u2019exploitation commerciale du li\u00e8ge laisse les arbres intacts, sans avoir besoin de les abattre.<br \/>\nSeul le li\u00e8ge du tronc et des branches \u00e9paisses est extrait \u00e0 des intervalles de neuf ans, ce qui repr\u00e9sente une tr\u00e8s faible proportion de la production totale des arbres (1%).<br \/>\nLa r\u00e9colte d&rsquo;une proportion si faible du stock de carbone ne modifie pas la structure de la for\u00eat ou la physiologie des arbres.<br \/>\nEn bref, le li\u00e8ge est un produit naturel, l&rsquo;extraction du li\u00e8ge, en plus d\u2019\u00eatre sans incidence sur les processus \u00e9cosyst\u00e9miques, permet aux for\u00eats de ch\u00eanes li\u00e8ges d\u2019assurer la prestation de r\u00e9els services environnementaux.<br \/>\nUne gestion attentive et une \u00e9valuation ad\u00e9quate de ces services sont essentielles \u00e0 la p\u00e9rennit\u00e9 de ces for\u00eats et au maintien des b\u00e9n\u00e9fices qu&rsquo;elles g\u00e9n\u00e8rent pour la soci\u00e9t\u00e9.\u00a0\u00bb][\/lab_service_box][\/vc_column][\/vc_row]<\/p>\n<\/div>","protected":false},"excerpt":{"rendered":"<p>[vc_row][vc_column reveal_effect=\u00a0\u00bbfadeIn\u00a0\u00bb reveal_duration=\u00a0\u00bb0.7&Prime;][lab_heading title=\u00a0\u00bbD\u00e9veloppement Durable\u00a0\u00bb]La puissance du d\u00e9veloppement durable et de la protection de la plan\u00e8te[\/lab_heading][\/vc_column][\/vc_row][vc_row no_bottom_margin=\u00a0\u00bbyes\u00a0\u00bb css=\u00a0\u00bb.vc_custom_1449173575424{margin-bottom: 0px !important;}\u00a0\u00bb][vc_column reveal_effect=\u00a0\u00bbfadeIn\u00a0\u00bb width=\u00a0\u00bb1\/2&Prime; reveal_duration=\u00a0\u00bb1&Prime; css=\u00a0\u00bb.vc_custom_1427135159400{margin-right: 0px !important;padding-right: 0px !important;}\u00a0\u00bb][vc_single_image image=\u00a0\u00bb4420&Prime; img_size=\u00a0\u00bbfull\u00a0\u00bb css=\u00a0\u00bb.vc_custom_1480686300516{margin-bottom: 0px !important;}\u00a0\u00bb][\/vc_column][vc_column reveal_effect=\u00a0\u00bbfadeIn\u00a0\u00bb width=\u00a0\u00bb1\/2&Prime; css=\u00a0\u00bb.vc_custom_1426247184186{margin-left: 0px !important;padding-left: 0px !important;}\u00a0\u00bb reveal_duration=\u00a0\u00bb1&Prime;][lab_service_box css=\u00a0\u00bb.vc_custom_1426246489664{padding-top: 45px !important;padding-right: 65px !important;padding-bottom: 45px !important;padding-left: 65px !important;}\u00a0\u00bb][vc_icon type=\u00a0\u00bbfontawesome\u00a0\u00bb icon_fontawesome=\u00a0\u00bbfa fa-pagelines\u00a0\u00bb color=\u00a0\u00bbvista_blue\u00a0\u00bb background_style=\u00a0\u00bbrounded-outline\u00a0\u00bb&hellip;<\/p>\n","protected":false},"author":1,"featured_media":0,"parent":0,"menu_order":0,"comment_status":"closed","ping_status":"closed","template":"","meta":{"_exactmetrics_skip_tracking":false,"_exactmetrics_sitenote_active":false,"_exactmetrics_sitenote_note":"","_exactmetrics_sitenote_category":0,"footnotes":""},"acf":[],"yoast_head":"<!-- This site is optimized with the Yoast SEO plugin v22.0 - https:\/\/yoast.com\/wordpress\/plugins\/seo\/ -->\n<title>D\u00e9veloppement Durable - ALL CLOSURES IN<\/title>\n<meta name=\"description\" content=\"Le bouchon de li\u00e8ge et l&#039;environnement. La puissance du d\u00e9veloppement durable et de la protection de la plan\u00e8te.\" \/>\n<meta name=\"robots\" content=\"index, follow, max-snippet:-1, max-image-preview:large, max-video-preview:-1\" \/>\n<link rel=\"canonical\" href=\"http:\/\/www.allclosuresin.com\/fr\/durabilite\/\" \/>\n<meta property=\"og:locale\" content=\"fr_FR\" \/>\n<meta property=\"og:type\" content=\"article\" \/>\n<meta property=\"og:title\" content=\"D\u00e9veloppement Durable - ALL CLOSURES IN\" \/>\n<meta property=\"og:description\" content=\"Le bouchon de li\u00e8ge et l&#039;environnement. La puissance du d\u00e9veloppement durable et de la protection de la plan\u00e8te.\" \/>\n<meta property=\"og:url\" content=\"http:\/\/www.allclosuresin.com\/fr\/durabilite\/\" \/>\n<meta property=\"og:site_name\" content=\"ALL CLOSURES IN\" \/>\n<meta property=\"article:modified_time\" content=\"2017-03-06T11:58:27+00:00\" \/>\n<meta name=\"twitter:card\" content=\"summary_large_image\" \/>\n<meta name=\"twitter:label1\" content=\"Dur\u00e9e de lecture estim\u00e9e\" \/>\n\t<meta name=\"twitter:data1\" content=\"23 minutes\" \/>\n<script type=\"application\/ld+json\" class=\"yoast-schema-graph\">{\"@context\":\"https:\/\/schema.org\",\"@graph\":[{\"@type\":\"WebPage\",\"@id\":\"http:\/\/www.allclosuresin.com\/fr\/durabilite\/\",\"url\":\"http:\/\/www.allclosuresin.com\/fr\/durabilite\/\",\"name\":\"D\u00e9veloppement Durable - ALL CLOSURES IN\",\"isPartOf\":{\"@id\":\"http:\/\/www.allclosuresin.com\/fr\/#website\"},\"datePublished\":\"2016-11-24T12:42:27+00:00\",\"dateModified\":\"2017-03-06T11:58:27+00:00\",\"description\":\"Le bouchon de li\u00e8ge et l'environnement. La puissance du d\u00e9veloppement durable et de la protection de la plan\u00e8te.\",\"breadcrumb\":{\"@id\":\"http:\/\/www.allclosuresin.com\/fr\/durabilite\/#breadcrumb\"},\"inLanguage\":\"fr-FR\",\"potentialAction\":[{\"@type\":\"ReadAction\",\"target\":[[\"http:\/\/www.allclosuresin.com\/fr\/durabilite\/\"]]}]},{\"@type\":\"BreadcrumbList\",\"@id\":\"http:\/\/www.allclosuresin.com\/fr\/durabilite\/#breadcrumb\",\"itemListElement\":[{\"@type\":\"ListItem\",\"position\":1,\"name\":\"In\u00edcio\",\"item\":\"http:\/\/www.allclosuresin.com\/fr\/\"},{\"@type\":\"ListItem\",\"position\":2,\"name\":\"D\u00e9veloppement Durable\"}]},{\"@type\":\"WebSite\",\"@id\":\"http:\/\/www.allclosuresin.com\/fr\/#website\",\"url\":\"http:\/\/www.allclosuresin.com\/fr\/\",\"name\":\"ALL CLOSURES IN\",\"description\":\"UN OBTURATEUR DE CONFIANCE - Tout ce qui a de la valeur doit \u00eatre prot\u00e9g\u00e9.\",\"publisher\":{\"@id\":\"http:\/\/www.allclosuresin.com\/fr\/#organization\"},\"potentialAction\":[{\"@type\":\"SearchAction\",\"target\":{\"@type\":\"EntryPoint\",\"urlTemplate\":\"http:\/\/www.allclosuresin.com\/fr\/?s={search_term_string}\"},\"query-input\":\"required name=search_term_string\"}],\"inLanguage\":\"fr-FR\"},{\"@type\":\"Organization\",\"@id\":\"http:\/\/www.allclosuresin.com\/fr\/#organization\",\"name\":\"All Closures In\",\"url\":\"http:\/\/www.allclosuresin.com\/fr\/\",\"logo\":{\"@type\":\"ImageObject\",\"inLanguage\":\"fr-FR\",\"@id\":\"http:\/\/www.allclosuresin.com\/fr\/#\/schema\/logo\/image\/\",\"url\":\"http:\/\/www.allclosuresin.com\/wp-content\/uploads\/2016\/11\/logo_grande.png\",\"contentUrl\":\"http:\/\/www.allclosuresin.com\/wp-content\/uploads\/2016\/11\/logo_grande.png\",\"width\":413,\"height\":292,\"caption\":\"All Closures In\"},\"image\":{\"@id\":\"http:\/\/www.allclosuresin.com\/fr\/#\/schema\/logo\/image\/\"}}]}<\/script>\n<!-- \/ Yoast SEO plugin. -->","yoast_head_json":{"title":"D\u00e9veloppement Durable - ALL CLOSURES IN","description":"Le bouchon de li\u00e8ge et l'environnement. La puissance du d\u00e9veloppement durable et de la protection de la plan\u00e8te.","robots":{"index":"index","follow":"follow","max-snippet":"max-snippet:-1","max-image-preview":"max-image-preview:large","max-video-preview":"max-video-preview:-1"},"canonical":"http:\/\/www.allclosuresin.com\/fr\/durabilite\/","og_locale":"fr_FR","og_type":"article","og_title":"D\u00e9veloppement Durable - ALL CLOSURES IN","og_description":"Le bouchon de li\u00e8ge et l'environnement. La puissance du d\u00e9veloppement durable et de la protection de la plan\u00e8te.","og_url":"http:\/\/www.allclosuresin.com\/fr\/durabilite\/","og_site_name":"ALL CLOSURES IN","article_modified_time":"2017-03-06T11:58:27+00:00","twitter_card":"summary_large_image","twitter_misc":{"Dur\u00e9e de lecture estim\u00e9e":"23 minutes"},"schema":{"@context":"https:\/\/schema.org","@graph":[{"@type":"WebPage","@id":"http:\/\/www.allclosuresin.com\/fr\/durabilite\/","url":"http:\/\/www.allclosuresin.com\/fr\/durabilite\/","name":"D\u00e9veloppement Durable - ALL CLOSURES IN","isPartOf":{"@id":"http:\/\/www.allclosuresin.com\/fr\/#website"},"datePublished":"2016-11-24T12:42:27+00:00","dateModified":"2017-03-06T11:58:27+00:00","description":"Le bouchon de li\u00e8ge et l'environnement. La puissance du d\u00e9veloppement durable et de la protection de la plan\u00e8te.","breadcrumb":{"@id":"http:\/\/www.allclosuresin.com\/fr\/durabilite\/#breadcrumb"},"inLanguage":"fr-FR","potentialAction":[{"@type":"ReadAction","target":[["http:\/\/www.allclosuresin.com\/fr\/durabilite\/"]]}]},{"@type":"BreadcrumbList","@id":"http:\/\/www.allclosuresin.com\/fr\/durabilite\/#breadcrumb","itemListElement":[{"@type":"ListItem","position":1,"name":"In\u00edcio","item":"http:\/\/www.allclosuresin.com\/fr\/"},{"@type":"ListItem","position":2,"name":"D\u00e9veloppement Durable"}]},{"@type":"WebSite","@id":"http:\/\/www.allclosuresin.com\/fr\/#website","url":"http:\/\/www.allclosuresin.com\/fr\/","name":"ALL CLOSURES IN","description":"UN OBTURATEUR DE CONFIANCE - Tout ce qui a de la valeur doit \u00eatre prot\u00e9g\u00e9.","publisher":{"@id":"http:\/\/www.allclosuresin.com\/fr\/#organization"},"potentialAction":[{"@type":"SearchAction","target":{"@type":"EntryPoint","urlTemplate":"http:\/\/www.allclosuresin.com\/fr\/?s={search_term_string}"},"query-input":"required name=search_term_string"}],"inLanguage":"fr-FR"},{"@type":"Organization","@id":"http:\/\/www.allclosuresin.com\/fr\/#organization","name":"All Closures In","url":"http:\/\/www.allclosuresin.com\/fr\/","logo":{"@type":"ImageObject","inLanguage":"fr-FR","@id":"http:\/\/www.allclosuresin.com\/fr\/#\/schema\/logo\/image\/","url":"http:\/\/www.allclosuresin.com\/wp-content\/uploads\/2016\/11\/logo_grande.png","contentUrl":"http:\/\/www.allclosuresin.com\/wp-content\/uploads\/2016\/11\/logo_grande.png","width":413,"height":292,"caption":"All Closures In"},"image":{"@id":"http:\/\/www.allclosuresin.com\/fr\/#\/schema\/logo\/image\/"}}]}},"_links":{"self":[{"href":"http:\/\/www.allclosuresin.com\/fr\/wp-json\/wp\/v2\/pages\/4063"}],"collection":[{"href":"http:\/\/www.allclosuresin.com\/fr\/wp-json\/wp\/v2\/pages"}],"about":[{"href":"http:\/\/www.allclosuresin.com\/fr\/wp-json\/wp\/v2\/types\/page"}],"author":[{"embeddable":true,"href":"http:\/\/www.allclosuresin.com\/fr\/wp-json\/wp\/v2\/users\/1"}],"replies":[{"embeddable":true,"href":"http:\/\/www.allclosuresin.com\/fr\/wp-json\/wp\/v2\/comments?post=4063"}],"version-history":[{"count":3,"href":"http:\/\/www.allclosuresin.com\/fr\/wp-json\/wp\/v2\/pages\/4063\/revisions"}],"predecessor-version":[{"id":4747,"href":"http:\/\/www.allclosuresin.com\/fr\/wp-json\/wp\/v2\/pages\/4063\/revisions\/4747"}],"wp:attachment":[{"href":"http:\/\/www.allclosuresin.com\/fr\/wp-json\/wp\/v2\/media?parent=4063"}],"curies":[{"name":"wp","href":"https:\/\/api.w.org\/{rel}","templated":true}]}}