{"id":4144,"date":"2016-11-25T11:42:37","date_gmt":"2016-11-25T11:42:37","guid":{"rendered":"http:\/\/allclosuresin.com\/site\/?page_id=4144"},"modified":"2026-04-22T14:11:04","modified_gmt":"2026-04-22T14:11:04","slug":"contact","status":"publish","type":"page","link":"http:\/\/www.allclosuresin.com\/fr\/contact\/","title":{"rendered":"Contact"},"content":{"rendered":"<div class=\"wpb-content-wrapper\"><p>[vc_row][vc_column][vc_empty_space height=\u00a0\u00bb80px\u00a0\u00bb][\/vc_column][\/vc_row][vc_row][vc_column width=\u00a0\u00bb1\/3&Prime; reveal_effect=\u00a0\u00bbfadeIn\u00a0\u00bb reveal_duration=\u00a0\u00bb1&Prime; reveal_delay=\u00a0\u00bb0.3&Prime;][vc_column_text]<\/p>\n<h3>Contactez nous<\/h3>\n<p>Utilisez le formulaire<br \/>\nou envoyez-nous un e-mail directement \u00e0<\/p>\n<p><a href=\"mailto:geral@allclosures.com\">geral@allclosures.com<\/a><br \/>\n+351 227 661 250[\/vc_column_text][vc_column_text]DIRECTION COMMERCIALE<br \/>\n<a href=\"mailto:comercial@allclosures.com\">comercial@allclosures.com<\/a><br \/>\n+351 915 253 286[\/vc_column_text][vc_column_text]SERVICE CLIENT\u00c9LE<br \/>\n<a href=\"mailto:catarina.mendes@allclosures.com\">catarina.mendes@allclosures.com<\/a><br \/>\n+351 967 165 884[\/vc_column_text][vc_column_text]ESPAGNE &#8211;\u00a0Ana Isabel Ib\u00e1\u00f1ez Mata<br \/>\nE: <a href=\"mailto:anibanma@hotmail.com\">anibanma@hotmail.com<\/a><br \/>\nT: 0034 621263275[\/vc_column_text][vc_column_text]GR\u00c8CE &#8211; EZCORK<br \/>\n66, Tsimiski<br \/>\n54622 Thessaloniki<\/p>\n<p>Mr. Dimitris Maniatis ( Oenologist)<br \/>\n<a href=\"mailto:diblue@otenet.gr\">diblue@otenet.gr<\/a><br \/>\nT- 0030 2310268668[\/vc_column_text][vc_column_text]ITALIE &#8211; M2X CHIUSURE ITALIA<br \/>\nVia Rosina Storchio, 5<br \/>\n25020 DELLO (BS)<\/p>\n<p>E: <a href=\"mailto:m2x@m2xchiusureitalia.it\">m2x@m2xchiusureitalia.it<\/a><br \/>\nT: 030.8089860[\/vc_column_text][\/vc_column][vc_column width=\u00a0\u00bb2\/3&Prime; reveal_effect=\u00a0\u00bbfadeIn\u00a0\u00bb reveal_duration=\u00a0\u00bb1&Prime; reveal_delay=\u00a0\u00bb0.5&Prime;][lab_contact_form name_title=\u00a0\u00bbNom.\u00a0\u00bb email_title=\u00a0\u00bbEmail.\u00a0\u00bb message_title=\u00a0\u00bbMessage.\u00a0\u00bb show_subject_field=\u00a0\u00bb\u00a0\u00bb submit_title=\u00a0\u00bbEnvoyer\u00a0\u00bb submit_success=\u00a0\u00bbMerci #, message envoy\u00e9!\u00a0\u00bb alert_errors=\u00a0\u00bbyes\u00a0\u00bb email_receiver=\u00a0\u00bbcontact@vintagecorks.fr\u00a0\u00bb][\/vc_column][\/vc_row]<\/p>\n<\/div>","protected":false},"excerpt":{"rendered":"<p>[vc_row][vc_column][vc_empty_space height=\u00a0\u00bb80px\u00a0\u00bb][\/vc_column][\/vc_row][vc_row][vc_column width=\u00a0\u00bb1\/3&Prime; reveal_effect=\u00a0\u00bbfadeIn\u00a0\u00bb reveal_duration=\u00a0\u00bb1&Prime; reveal_delay=\u00a0\u00bb0.3&Prime;][vc_column_text] Contactez nous Utilisez le formulaire ou envoyez-nous un e-mail directement \u00e0 geral@allclosures.com +351 227 661 250[\/vc_column_text][vc_column_text]DIRECTION COMMERCIALE comercial@allclosures.com +351 915 253 286[\/vc_column_text][vc_column_text]SERVICE CLIENT\u00c9LE catarina.mendes@allclosures.com +351 967 165 884[\/vc_column_text][vc_column_text]ESPAGNE &#8211;\u00a0Ana Isabel Ib\u00e1\u00f1ez Mata E: anibanma@hotmail.com T: 0034 621263275[\/vc_column_text][vc_column_text]GR\u00c8CE &#8211; EZCORK 66, Tsimiski 54622 Thessaloniki Mr. Dimitris Maniatis ( Oenologist) diblue@otenet.gr&hellip;<\/p>\n","protected":false},"author":1,"featured_media":0,"parent":0,"menu_order":0,"comment_status":"closed","ping_status":"closed","template":"","meta":{"_exactmetrics_skip_tracking":false,"_exactmetrics_sitenote_active":false,"_exactmetrics_sitenote_note":"","_exactmetrics_sitenote_category":0,"footnotes":""},"acf":[],"yoast_head":"<!-- This site is optimized with the Yoast SEO plugin v22.0 - https:\/\/yoast.com\/wordpress\/plugins\/seo\/ -->\n<title>Contact - ALL CLOSURES IN<\/title>\n<meta name=\"description\" content=\"Visitez-nous ou utilisez les contacts disponibles pour nous parler.\" \/>\n<meta name=\"robots\" content=\"index, follow, max-snippet:-1, max-image-preview:large, max-video-preview:-1\" \/>\n<link rel=\"canonical\" href=\"http:\/\/www.allclosuresin.com\/fr\/contact\/\" \/>\n<meta property=\"og:locale\" content=\"fr_FR\" \/>\n<meta property=\"og:type\" content=\"article\" \/>\n<meta property=\"og:title\" content=\"Contact - ALL CLOSURES IN\" \/>\n<meta property=\"og:description\" content=\"Visitez-nous ou utilisez les contacts disponibles pour nous parler.\" \/>\n<meta property=\"og:url\" content=\"http:\/\/www.allclosuresin.com\/fr\/contact\/\" \/>\n<meta property=\"og:site_name\" content=\"ALL CLOSURES IN\" \/>\n<meta property=\"article:modified_time\" content=\"2026-04-22T14:11:04+00:00\" \/>\n<meta name=\"twitter:card\" content=\"summary_large_image\" \/>\n<meta name=\"twitter:label1\" content=\"Dur\u00e9e de lecture estim\u00e9e\" \/>\n\t<meta name=\"twitter:data1\" content=\"1 minute\" \/>\n<script type=\"application\/ld+json\" class=\"yoast-schema-graph\">{\"@context\":\"https:\/\/schema.org\",\"@graph\":[{\"@type\":\"WebPage\",\"@id\":\"http:\/\/www.allclosuresin.com\/fr\/contact\/\",\"url\":\"http:\/\/www.allclosuresin.com\/fr\/contact\/\",\"name\":\"Contact - ALL CLOSURES IN\",\"isPartOf\":{\"@id\":\"http:\/\/www.allclosuresin.com\/fr\/#website\"},\"datePublished\":\"2016-11-25T11:42:37+00:00\",\"dateModified\":\"2026-04-22T14:11:04+00:00\",\"description\":\"Visitez-nous ou utilisez les contacts disponibles pour nous parler.\",\"breadcrumb\":{\"@id\":\"http:\/\/www.allclosuresin.com\/fr\/contact\/#breadcrumb\"},\"inLanguage\":\"fr-FR\",\"potentialAction\":[{\"@type\":\"ReadAction\",\"target\":[[\"http:\/\/www.allclosuresin.com\/fr\/contact\/\"]]}]},{\"@type\":\"BreadcrumbList\",\"@id\":\"http:\/\/www.allclosuresin.com\/fr\/contact\/#breadcrumb\",\"itemListElement\":[{\"@type\":\"ListItem\",\"position\":1,\"name\":\"In\u00edcio\",\"item\":\"http:\/\/www.allclosuresin.com\/fr\/\"},{\"@type\":\"ListItem\",\"position\":2,\"name\":\"Contact\"}]},{\"@type\":\"WebSite\",\"@id\":\"http:\/\/www.allclosuresin.com\/fr\/#website\",\"url\":\"http:\/\/www.allclosuresin.com\/fr\/\",\"name\":\"ALL CLOSURES IN\",\"description\":\"UN OBTURATEUR DE CONFIANCE - Tout ce qui a de la valeur doit \u00eatre prot\u00e9g\u00e9.\",\"publisher\":{\"@id\":\"http:\/\/www.allclosuresin.com\/fr\/#organization\"},\"potentialAction\":[{\"@type\":\"SearchAction\",\"target\":{\"@type\":\"EntryPoint\",\"urlTemplate\":\"http:\/\/www.allclosuresin.com\/fr\/?s={search_term_string}\"},\"query-input\":\"required name=search_term_string\"}],\"inLanguage\":\"fr-FR\"},{\"@type\":\"Organization\",\"@id\":\"http:\/\/www.allclosuresin.com\/fr\/#organization\",\"name\":\"All Closures In\",\"url\":\"http:\/\/www.allclosuresin.com\/fr\/\",\"logo\":{\"@type\":\"ImageObject\",\"inLanguage\":\"fr-FR\",\"@id\":\"http:\/\/www.allclosuresin.com\/fr\/#\/schema\/logo\/image\/\",\"url\":\"http:\/\/www.allclosuresin.com\/wp-content\/uploads\/2016\/11\/logo_grande.png\",\"contentUrl\":\"http:\/\/www.allclosuresin.com\/wp-content\/uploads\/2016\/11\/logo_grande.png\",\"width\":413,\"height\":292,\"caption\":\"All Closures In\"},\"image\":{\"@id\":\"http:\/\/www.allclosuresin.com\/fr\/#\/schema\/logo\/image\/\"}}]}<\/script>\n<!-- \/ Yoast SEO plugin. -->","yoast_head_json":{"title":"Contact - ALL CLOSURES IN","description":"Visitez-nous ou utilisez les contacts disponibles pour nous parler.","robots":{"index":"index","follow":"follow","max-snippet":"max-snippet:-1","max-image-preview":"max-image-preview:large","max-video-preview":"max-video-preview:-1"},"canonical":"http:\/\/www.allclosuresin.com\/fr\/contact\/","og_locale":"fr_FR","og_type":"article","og_title":"Contact - ALL CLOSURES IN","og_description":"Visitez-nous ou utilisez les contacts disponibles pour nous parler.","og_url":"http:\/\/www.allclosuresin.com\/fr\/contact\/","og_site_name":"ALL CLOSURES IN","article_modified_time":"2026-04-22T14:11:04+00:00","twitter_card":"summary_large_image","twitter_misc":{"Dur\u00e9e de lecture estim\u00e9e":"1 minute"},"schema":{"@context":"https:\/\/schema.org","@graph":[{"@type":"WebPage","@id":"http:\/\/www.allclosuresin.com\/fr\/contact\/","url":"http:\/\/www.allclosuresin.com\/fr\/contact\/","name":"Contact - ALL CLOSURES IN","isPartOf":{"@id":"http:\/\/www.allclosuresin.com\/fr\/#website"},"datePublished":"2016-11-25T11:42:37+00:00","dateModified":"2026-04-22T14:11:04+00:00","description":"Visitez-nous ou utilisez les contacts disponibles pour nous parler.","breadcrumb":{"@id":"http:\/\/www.allclosuresin.com\/fr\/contact\/#breadcrumb"},"inLanguage":"fr-FR","potentialAction":[{"@type":"ReadAction","target":[["http:\/\/www.allclosuresin.com\/fr\/contact\/"]]}]},{"@type":"BreadcrumbList","@id":"http:\/\/www.allclosuresin.com\/fr\/contact\/#breadcrumb","itemListElement":[{"@type":"ListItem","position":1,"name":"In\u00edcio","item":"http:\/\/www.allclosuresin.com\/fr\/"},{"@type":"ListItem","position":2,"name":"Contact"}]},{"@type":"WebSite","@id":"http:\/\/www.allclosuresin.com\/fr\/#website","url":"http:\/\/www.allclosuresin.com\/fr\/","name":"ALL CLOSURES IN","description":"UN OBTURATEUR DE CONFIANCE - Tout ce qui a de la valeur doit \u00eatre prot\u00e9g\u00e9.","publisher":{"@id":"http:\/\/www.allclosuresin.com\/fr\/#organization"},"potentialAction":[{"@type":"SearchAction","target":{"@type":"EntryPoint","urlTemplate":"http:\/\/www.allclosuresin.com\/fr\/?s={search_term_string}"},"query-input":"required name=search_term_string"}],"inLanguage":"fr-FR"},{"@type":"Organization","@id":"http:\/\/www.allclosuresin.com\/fr\/#organization","name":"All Closures In","url":"http:\/\/www.allclosuresin.com\/fr\/","logo":{"@type":"ImageObject","inLanguage":"fr-FR","@id":"http:\/\/www.allclosuresin.com\/fr\/#\/schema\/logo\/image\/","url":"http:\/\/www.allclosuresin.com\/wp-content\/uploads\/2016\/11\/logo_grande.png","contentUrl":"http:\/\/www.allclosuresin.com\/wp-content\/uploads\/2016\/11\/logo_grande.png","width":413,"height":292,"caption":"All Closures In"},"image":{"@id":"http:\/\/www.allclosuresin.com\/fr\/#\/schema\/logo\/image\/"}}]}},"_links":{"self":[{"href":"http:\/\/www.allclosuresin.com\/fr\/wp-json\/wp\/v2\/pages\/4144"}],"collection":[{"href":"http:\/\/www.allclosuresin.com\/fr\/wp-json\/wp\/v2\/pages"}],"about":[{"href":"http:\/\/www.allclosuresin.com\/fr\/wp-json\/wp\/v2\/types\/page"}],"author":[{"embeddable":true,"href":"http:\/\/www.allclosuresin.com\/fr\/wp-json\/wp\/v2\/users\/1"}],"replies":[{"embeddable":true,"href":"http:\/\/www.allclosuresin.com\/fr\/wp-json\/wp\/v2\/comments?post=4144"}],"version-history":[{"count":3,"href":"http:\/\/www.allclosuresin.com\/fr\/wp-json\/wp\/v2\/pages\/4144\/revisions"}],"predecessor-version":[{"id":4890,"href":"http:\/\/www.allclosuresin.com\/fr\/wp-json\/wp\/v2\/pages\/4144\/revisions\/4890"}],"wp:attachment":[{"href":"http:\/\/www.allclosuresin.com\/fr\/wp-json\/wp\/v2\/media?parent=4144"}],"curies":[{"name":"wp","href":"https:\/\/api.w.org\/{rel}","templated":true}]}}