{"id":3359,"date":"2015-03-19T17:54:23","date_gmt":"2015-03-19T17:54:23","guid":{"rendered":"http:\/\/demo-content.kaliumtheme.com\/main\/?page_id=3359"},"modified":"2024-01-15T14:27:47","modified_gmt":"2024-01-15T14:27:47","slug":"primero","status":"publish","type":"page","link":"http:\/\/www.allclosuresin.com\/pt\/","title":{"rendered":"In\u00edcio"},"content":{"rendered":"<div class=\"wpb-content-wrapper\"><p>[vc_row full_width=&#8221;lab-full-width&#8221; no_bottom_margin=&#8221;yes&#8221;][vc_column][rev_slider_vc alias=&#8221;inicio&#8221;][\/vc_column][\/vc_row][vc_row no_bottom_margin=&#8221;yes&#8221; css=&#8221;.vc_custom_1449169318558{padding-top: 40px !important;padding-bottom: 40px !important;background-color: #ffffff !important;}&#8221;][vc_column][vc_custom_heading text=&#8221;UMA ROLHA DE CONFIAN\u00c7A<br \/>\n&#8221; font_container=&#8221;tag:h1|text_align:center&#8221; use_theme_fonts=&#8221;yes&#8221;][vc_custom_heading text=&#8221;Tudo o que tem valor deve ser protegido&#8221; font_container=&#8221;tag:h3|text_align:center&#8221; use_theme_fonts=&#8221;yes&#8221;][vc_column_text css=&#8221;.vc_custom_1480644981511{padding-top: 10px !important;}&#8221;]<\/p>\n<p style=\"text-align: center;\">Sabemos que valoriza o seu neg\u00f3cio. Confie em n\u00f3s para lhe fornecer a melhor rolha\u00a0poss\u00edvel para os seus produtos.<\/p>\n<p>[\/vc_column_text][vc_column_text]<\/p>\n<p style=\"text-align: center;\">Os nossos clientes atuais est\u00e3o familiarizados com a nossa abordagem completa e pr\u00e1tica, que garante o fornecimento da rolha perfeita para cada vinho ou bebida espirituosa em quest\u00e3o. Mas esfor\u00e7amo-nos continuamente no sentido de desenvolver novas t\u00e9cnicas para que as nossas rolhas ofere\u00e7am n\u00edveis de desempenho cada vez mais elevados. At\u00e9 os clientes mais regulares ficar\u00e3o surpreendidos com as nossas mais recentes inova\u00e7\u00f5es. Relativamente aos novos clientes, teremos todo o prazer em escutar atentamente os seus requisitos, de forma a concebermos a melhor solu\u00e7\u00e3o poss\u00edvel para as suas necessidades.<\/p>\n<p>[\/vc_column_text][\/vc_column][\/vc_row][vc_row no_bottom_margin=&#8221;yes&#8221; css=&#8221;.vc_custom_1449169318558{padding-top: 40px !important;padding-bottom: 40px !important;background-color: #ffffff !important;}&#8221;][vc_column][lab_portfolio_items title=&#8221;As nossas Rolhas&#8221; category_filter=&#8221;no&#8221; portfolio_type=&#8221;type-2&#8243; dynamic_image_height=&#8221;yes&#8221; pagination_type=&#8221;endless&#8221; endless_auto_reveal=&#8221;no&#8221; portfolio_query=&#8221;size:10|order_by:date|post_type:portfolio&#8221;][\/vc_column][\/vc_row]<\/p>\n<\/div>","protected":false},"excerpt":{"rendered":"<p>[vc_row full_width=&#8221;lab-full-width&#8221; no_bottom_margin=&#8221;yes&#8221;][vc_column][rev_slider_vc alias=&#8221;inicio&#8221;][\/vc_column][\/vc_row][vc_row no_bottom_margin=&#8221;yes&#8221; css=&#8221;.vc_custom_1449169318558{padding-top: 40px !important;padding-bottom: 40px !important;background-color: #ffffff !important;}&#8221;][vc_column][vc_custom_heading text=&#8221;UMA ROLHA DE CONFIAN\u00c7A &#8221; font_container=&#8221;tag:h1|text_align:center&#8221; use_theme_fonts=&#8221;yes&#8221;][vc_custom_heading text=&#8221;Tudo o que tem valor deve ser protegido&#8221; font_container=&#8221;tag:h3|text_align:center&#8221; use_theme_fonts=&#8221;yes&#8221;][vc_column_text css=&#8221;.vc_custom_1480644981511{padding-top: 10px !important;}&#8221;] Sabemos que valoriza o seu neg\u00f3cio. Confie em n\u00f3s para lhe fornecer a melhor rolha\u00a0poss\u00edvel para os seus produtos. [\/vc_column_text][vc_column_text] Os nossos clientes&hellip;<\/p>\n","protected":false},"author":1,"featured_media":0,"parent":0,"menu_order":0,"comment_status":"open","ping_status":"open","template":"","meta":{"_exactmetrics_skip_tracking":false,"_exactmetrics_sitenote_active":false,"_exactmetrics_sitenote_note":"","_exactmetrics_sitenote_category":0,"footnotes":""},"acf":[],"yoast_head":"<!-- This site is optimized with the Yoast SEO plugin v22.0 - https:\/\/yoast.com\/wordpress\/plugins\/seo\/ -->\n<title>ALL CLOSURES IN - Uma rolha de confian\u00e7a<\/title>\n<meta name=\"description\" content=\"Com as nossas rolhas de corti\u00e7a sabemos que valoriza o seu neg\u00f3cio. Confie em n\u00f3s para lhe fornecer o melhor vedante poss\u00edvel para os seus produtos.\" \/>\n<meta name=\"robots\" content=\"index, follow, max-snippet:-1, max-image-preview:large, max-video-preview:-1\" \/>\n<link rel=\"canonical\" href=\"http:\/\/www.allclosuresin.com\/pt\/\" \/>\n<meta property=\"og:locale\" content=\"pt_PT\" \/>\n<meta property=\"og:type\" content=\"article\" \/>\n<meta property=\"og:title\" content=\"ALL CLOSURES IN - Uma rolha de confian\u00e7a\" \/>\n<meta property=\"og:description\" content=\"Com as nossas rolhas de corti\u00e7a sabemos que valoriza o seu neg\u00f3cio. Confie em n\u00f3s para lhe fornecer o melhor vedante poss\u00edvel para os seus produtos.\" \/>\n<meta property=\"og:url\" content=\"http:\/\/www.allclosuresin.com\/pt\/\" \/>\n<meta property=\"og:site_name\" content=\"ALL CLOSURES IN\" \/>\n<meta property=\"article:modified_time\" content=\"2024-01-15T14:27:47+00:00\" \/>\n<meta name=\"twitter:card\" content=\"summary_large_image\" \/>\n<meta name=\"twitter:label1\" content=\"Tempo estimado de leitura\" \/>\n\t<meta name=\"twitter:data1\" content=\"1 minuto\" \/>\n<script type=\"application\/ld+json\" class=\"yoast-schema-graph\">{\"@context\":\"https:\/\/schema.org\",\"@graph\":[{\"@type\":\"WebPage\",\"@id\":\"http:\/\/www.allclosuresin.com\/pt\/\",\"url\":\"http:\/\/www.allclosuresin.com\/pt\/\",\"name\":\"ALL CLOSURES IN - Uma rolha de confian\u00e7a\",\"isPartOf\":{\"@id\":\"http:\/\/www.allclosuresin.com\/pt\/#website\"},\"datePublished\":\"2015-03-19T17:54:23+00:00\",\"dateModified\":\"2024-01-15T14:27:47+00:00\",\"description\":\"Com as nossas rolhas de corti\u00e7a sabemos que valoriza o seu neg\u00f3cio. Confie em n\u00f3s para lhe fornecer o melhor vedante poss\u00edvel para os seus produtos.\",\"breadcrumb\":{\"@id\":\"http:\/\/www.allclosuresin.com\/pt\/#breadcrumb\"},\"inLanguage\":\"pt-PT\",\"potentialAction\":[{\"@type\":\"ReadAction\",\"target\":[[\"http:\/\/www.allclosuresin.com\/pt\/\"]]}]},{\"@type\":\"BreadcrumbList\",\"@id\":\"http:\/\/www.allclosuresin.com\/pt\/#breadcrumb\",\"itemListElement\":[{\"@type\":\"ListItem\",\"position\":1,\"name\":\"In\u00edcio\",\"item\":\"http:\/\/www.allclosuresin.com\/pt\/\"},{\"@type\":\"ListItem\",\"position\":2,\"name\":\"In\u00edcio\"}]},{\"@type\":\"WebSite\",\"@id\":\"http:\/\/www.allclosuresin.com\/pt\/#website\",\"url\":\"http:\/\/www.allclosuresin.com\/pt\/\",\"name\":\"ALL CLOSURES IN\",\"description\":\"UMA ROLHA DE CONFIAN\u00c7A - Tudo o que tem valor deve ser protegido.\",\"publisher\":{\"@id\":\"http:\/\/www.allclosuresin.com\/pt\/#organization\"},\"potentialAction\":[{\"@type\":\"SearchAction\",\"target\":{\"@type\":\"EntryPoint\",\"urlTemplate\":\"http:\/\/www.allclosuresin.com\/pt\/?s={search_term_string}\"},\"query-input\":\"required name=search_term_string\"}],\"inLanguage\":\"pt-PT\"},{\"@type\":\"Organization\",\"@id\":\"http:\/\/www.allclosuresin.com\/pt\/#organization\",\"name\":\"All Closures In\",\"url\":\"http:\/\/www.allclosuresin.com\/pt\/\",\"logo\":{\"@type\":\"ImageObject\",\"inLanguage\":\"pt-PT\",\"@id\":\"http:\/\/www.allclosuresin.com\/pt\/#\/schema\/logo\/image\/\",\"url\":\"http:\/\/www.allclosuresin.com\/wp-content\/uploads\/2016\/11\/logo_grande.png\",\"contentUrl\":\"http:\/\/www.allclosuresin.com\/wp-content\/uploads\/2016\/11\/logo_grande.png\",\"width\":413,\"height\":292,\"caption\":\"All Closures In\"},\"image\":{\"@id\":\"http:\/\/www.allclosuresin.com\/pt\/#\/schema\/logo\/image\/\"}}]}<\/script>\n<!-- \/ Yoast SEO plugin. -->","yoast_head_json":{"title":"ALL CLOSURES IN - Uma rolha de confian\u00e7a","description":"Com as nossas rolhas de corti\u00e7a sabemos que valoriza o seu neg\u00f3cio. Confie em n\u00f3s para lhe fornecer o melhor vedante poss\u00edvel para os seus produtos.","robots":{"index":"index","follow":"follow","max-snippet":"max-snippet:-1","max-image-preview":"max-image-preview:large","max-video-preview":"max-video-preview:-1"},"canonical":"http:\/\/www.allclosuresin.com\/pt\/","og_locale":"pt_PT","og_type":"article","og_title":"ALL CLOSURES IN - Uma rolha de confian\u00e7a","og_description":"Com as nossas rolhas de corti\u00e7a sabemos que valoriza o seu neg\u00f3cio. Confie em n\u00f3s para lhe fornecer o melhor vedante poss\u00edvel para os seus produtos.","og_url":"http:\/\/www.allclosuresin.com\/pt\/","og_site_name":"ALL CLOSURES IN","article_modified_time":"2024-01-15T14:27:47+00:00","twitter_card":"summary_large_image","twitter_misc":{"Tempo estimado de leitura":"1 minuto"},"schema":{"@context":"https:\/\/schema.org","@graph":[{"@type":"WebPage","@id":"http:\/\/www.allclosuresin.com\/pt\/","url":"http:\/\/www.allclosuresin.com\/pt\/","name":"ALL CLOSURES IN - Uma rolha de confian\u00e7a","isPartOf":{"@id":"http:\/\/www.allclosuresin.com\/pt\/#website"},"datePublished":"2015-03-19T17:54:23+00:00","dateModified":"2024-01-15T14:27:47+00:00","description":"Com as nossas rolhas de corti\u00e7a sabemos que valoriza o seu neg\u00f3cio. Confie em n\u00f3s para lhe fornecer o melhor vedante poss\u00edvel para os seus produtos.","breadcrumb":{"@id":"http:\/\/www.allclosuresin.com\/pt\/#breadcrumb"},"inLanguage":"pt-PT","potentialAction":[{"@type":"ReadAction","target":[["http:\/\/www.allclosuresin.com\/pt\/"]]}]},{"@type":"BreadcrumbList","@id":"http:\/\/www.allclosuresin.com\/pt\/#breadcrumb","itemListElement":[{"@type":"ListItem","position":1,"name":"In\u00edcio","item":"http:\/\/www.allclosuresin.com\/pt\/"},{"@type":"ListItem","position":2,"name":"In\u00edcio"}]},{"@type":"WebSite","@id":"http:\/\/www.allclosuresin.com\/pt\/#website","url":"http:\/\/www.allclosuresin.com\/pt\/","name":"ALL CLOSURES IN","description":"UMA ROLHA DE CONFIAN\u00c7A - Tudo o que tem valor deve ser protegido.","publisher":{"@id":"http:\/\/www.allclosuresin.com\/pt\/#organization"},"potentialAction":[{"@type":"SearchAction","target":{"@type":"EntryPoint","urlTemplate":"http:\/\/www.allclosuresin.com\/pt\/?s={search_term_string}"},"query-input":"required name=search_term_string"}],"inLanguage":"pt-PT"},{"@type":"Organization","@id":"http:\/\/www.allclosuresin.com\/pt\/#organization","name":"All Closures In","url":"http:\/\/www.allclosuresin.com\/pt\/","logo":{"@type":"ImageObject","inLanguage":"pt-PT","@id":"http:\/\/www.allclosuresin.com\/pt\/#\/schema\/logo\/image\/","url":"http:\/\/www.allclosuresin.com\/wp-content\/uploads\/2016\/11\/logo_grande.png","contentUrl":"http:\/\/www.allclosuresin.com\/wp-content\/uploads\/2016\/11\/logo_grande.png","width":413,"height":292,"caption":"All Closures In"},"image":{"@id":"http:\/\/www.allclosuresin.com\/pt\/#\/schema\/logo\/image\/"}}]}},"_links":{"self":[{"href":"http:\/\/www.allclosuresin.com\/pt\/wp-json\/wp\/v2\/pages\/3359"}],"collection":[{"href":"http:\/\/www.allclosuresin.com\/pt\/wp-json\/wp\/v2\/pages"}],"about":[{"href":"http:\/\/www.allclosuresin.com\/pt\/wp-json\/wp\/v2\/types\/page"}],"author":[{"embeddable":true,"href":"http:\/\/www.allclosuresin.com\/pt\/wp-json\/wp\/v2\/users\/1"}],"replies":[{"embeddable":true,"href":"http:\/\/www.allclosuresin.com\/pt\/wp-json\/wp\/v2\/comments?post=3359"}],"version-history":[{"count":5,"href":"http:\/\/www.allclosuresin.com\/pt\/wp-json\/wp\/v2\/pages\/3359\/revisions"}],"predecessor-version":[{"id":4818,"href":"http:\/\/www.allclosuresin.com\/pt\/wp-json\/wp\/v2\/pages\/3359\/revisions\/4818"}],"wp:attachment":[{"href":"http:\/\/www.allclosuresin.com\/pt\/wp-json\/wp\/v2\/media?parent=3359"}],"curies":[{"name":"wp","href":"https:\/\/api.w.org\/{rel}","templated":true}]}}