{"id":4044,"date":"2016-11-24T10:42:46","date_gmt":"2016-11-24T10:42:46","guid":{"rendered":"http:\/\/www.allclosuresin.com\/site\/?page_id=4044"},"modified":"2017-03-06T11:36:38","modified_gmt":"2017-03-06T11:36:38","slug":"the-company","status":"publish","type":"page","link":"http:\/\/www.allclosuresin.com\/pt\/empresa\/","title":{"rendered":"A Empresa"},"content":{"rendered":"<div class=\"wpb-content-wrapper\"><p>[vc_row][vc_column reveal_effect=&#8221;fadeIn&#8221; reveal_duration=&#8221;0.7&#8243; reveal_delay=&#8221;0.1&#8243;][lab_heading title=&#8221;A Empresa&#8221;]Sobre n\u00f3s[\/lab_heading][\/vc_column][\/vc_row][vc_row][vc_column reveal_effect=&#8221;fadeIn&#8221; width=&#8221;5\/12&#8243; reveal_duration=&#8221;1&#8243; reveal_delay=&#8221;0.3&#8243;][vc_single_image image=&#8221;4181&#8243; img_size=&#8221;full&#8221;][\/vc_column][vc_column reveal_effect=&#8221;fadeIn&#8221; width=&#8221;7\/12&#8243; reveal_duration=&#8221;1.5&#8243; reveal_delay=&#8221;0.5&#8243;][vc_column_text]A All Closures In, S.A. (ACIn) \u00e9 uma nova empresa constitu\u00edda em finais de 2015, liderada por uma equipa de gest\u00e3o com um vasto hist\u00f3rico no setor das rolhas de vinho, dedicada a fornecer rolhas de corti\u00e7a feitas \u00e0 medida das necessidades espec\u00edficas dos vinicultores. Temos opera\u00e7\u00f5es dedicadas em Portugal, Espanha e Fran\u00e7a e acordos de distribui\u00e7\u00e3o para o resto do mundo.<\/p>\n<p>Os consumidores de todo o mundo est\u00e3o dispostos a pagar mais por vinhos vedados com corti\u00e7a, porque reconhecem a qualidade superior desta mat\u00e9ria-prima e apreciam as suas credenciais impec\u00e1veis em termos de sustentabilidade.<\/p>\n<p>Uma rolha de corti\u00e7a garante que o vinho envelhe\u00e7a corretamente em garrafa e os produtores de vinhos e de bebidas espirituosas veem a escolha da corti\u00e7a como um elemento fundamental no \u00e2mbito dos seus objetivos de qualidade e estrat\u00e9gia de neg\u00f3cio, procurando o melhor fornecedor para satisfazer as suas necessidades.<\/p>\n<p>A premiumniza\u00e7\u00e3o e a personaliza\u00e7\u00e3o s\u00e3o palavras-chave no mundo empresarial moderno, exigindo empresas \u00e1geis, capazes de satisfazer os requisitos espec\u00edficos de cada cliente.<br \/>\nA ACIn, liderada por uma equipa de gest\u00e3o com um vasto hist\u00f3rico no setor das rolhas de vinho, foi criada para prestar apoio aos vinicultores na escolha da melhor rolha de corti\u00e7a para os seus vinhos e bebidas espirituosas, com a melhor rela\u00e7\u00e3o custo-benef\u00edcio.<\/p>\n<p>Gra\u00e7as a um portef\u00f3lio abrangente de rolhas de corti\u00e7a, aliado a uma abordagem personalizada e flex\u00edvel, complementada pela vasta experi\u00eancia e conhecimentos da nossa equipa de gest\u00e3o, estamos orgulhosos de ter ganho a confian\u00e7a de adegas de grande prest\u00edgio e elevada exig\u00eancia em todo o mundo logo nos nossos primeiros meses de atividade.[\/vc_column_text][\/vc_column][\/vc_row][vc_row][vc_column][vc_empty_space height=&#8221;100px&#8221;][\/vc_column][\/vc_row]<\/p>\n<\/div>","protected":false},"excerpt":{"rendered":"<p>[vc_row][vc_column reveal_effect=&#8221;fadeIn&#8221; reveal_duration=&#8221;0.7&#8243; reveal_delay=&#8221;0.1&#8243;][lab_heading title=&#8221;A Empresa&#8221;]Sobre n\u00f3s[\/lab_heading][\/vc_column][\/vc_row][vc_row][vc_column reveal_effect=&#8221;fadeIn&#8221; width=&#8221;5\/12&#8243; reveal_duration=&#8221;1&#8243; reveal_delay=&#8221;0.3&#8243;][vc_single_image image=&#8221;4181&#8243; img_size=&#8221;full&#8221;][\/vc_column][vc_column reveal_effect=&#8221;fadeIn&#8221; width=&#8221;7\/12&#8243; reveal_duration=&#8221;1.5&#8243; reveal_delay=&#8221;0.5&#8243;][vc_column_text]A All Closures In, S.A. (ACIn) \u00e9 uma nova empresa constitu\u00edda em finais de 2015, liderada por uma equipa de gest\u00e3o com um vasto hist\u00f3rico no setor das rolhas de vinho, dedicada a fornecer rolhas de corti\u00e7a feitas \u00e0&hellip;<\/p>\n","protected":false},"author":1,"featured_media":0,"parent":0,"menu_order":0,"comment_status":"closed","ping_status":"closed","template":"","meta":{"_exactmetrics_skip_tracking":false,"_exactmetrics_sitenote_active":false,"_exactmetrics_sitenote_note":"","_exactmetrics_sitenote_category":0,"footnotes":""},"acf":[],"yoast_head":"<!-- This site is optimized with the Yoast SEO plugin v22.0 - https:\/\/yoast.com\/wordpress\/plugins\/seo\/ -->\n<title>A Empresa - ALL CLOSURES IN<\/title>\n<meta name=\"description\" content=\"A All Closures In, S.A. \u00e9 uma empresa dedicada a fornecer rolhas de corti\u00e7a adaptadas \u00e0s necessidades espec\u00edficas de cada produtor de vinho.\" \/>\n<meta name=\"robots\" content=\"index, follow, max-snippet:-1, max-image-preview:large, max-video-preview:-1\" \/>\n<link rel=\"canonical\" href=\"http:\/\/www.allclosuresin.com\/pt\/empresa\/\" \/>\n<meta property=\"og:locale\" content=\"pt_PT\" \/>\n<meta property=\"og:type\" content=\"article\" \/>\n<meta property=\"og:title\" content=\"A Empresa - ALL CLOSURES IN\" \/>\n<meta property=\"og:description\" content=\"A All Closures In, S.A. \u00e9 uma empresa dedicada a fornecer rolhas de corti\u00e7a adaptadas \u00e0s necessidades espec\u00edficas de cada produtor de vinho.\" \/>\n<meta property=\"og:url\" content=\"http:\/\/www.allclosuresin.com\/pt\/empresa\/\" \/>\n<meta property=\"og:site_name\" content=\"ALL CLOSURES IN\" \/>\n<meta property=\"article:modified_time\" content=\"2017-03-06T11:36:38+00:00\" \/>\n<meta name=\"twitter:card\" content=\"summary_large_image\" \/>\n<meta name=\"twitter:label1\" content=\"Tempo estimado de leitura\" \/>\n\t<meta name=\"twitter:data1\" content=\"8 minutos\" \/>\n<script type=\"application\/ld+json\" class=\"yoast-schema-graph\">{\"@context\":\"https:\/\/schema.org\",\"@graph\":[{\"@type\":\"WebPage\",\"@id\":\"http:\/\/www.allclosuresin.com\/pt\/empresa\/\",\"url\":\"http:\/\/www.allclosuresin.com\/pt\/empresa\/\",\"name\":\"A Empresa - ALL CLOSURES IN\",\"isPartOf\":{\"@id\":\"http:\/\/www.allclosuresin.com\/pt\/#website\"},\"datePublished\":\"2016-11-24T10:42:46+00:00\",\"dateModified\":\"2017-03-06T11:36:38+00:00\",\"description\":\"A All Closures In, S.A. \u00e9 uma empresa dedicada a fornecer rolhas de corti\u00e7a adaptadas \u00e0s necessidades espec\u00edficas de cada produtor de vinho.\",\"breadcrumb\":{\"@id\":\"http:\/\/www.allclosuresin.com\/pt\/empresa\/#breadcrumb\"},\"inLanguage\":\"pt-PT\",\"potentialAction\":[{\"@type\":\"ReadAction\",\"target\":[[\"http:\/\/www.allclosuresin.com\/pt\/empresa\/\"]]}]},{\"@type\":\"BreadcrumbList\",\"@id\":\"http:\/\/www.allclosuresin.com\/pt\/empresa\/#breadcrumb\",\"itemListElement\":[{\"@type\":\"ListItem\",\"position\":1,\"name\":\"In\u00edcio\",\"item\":\"http:\/\/www.allclosuresin.com\/pt\/\"},{\"@type\":\"ListItem\",\"position\":2,\"name\":\"A Empresa\"}]},{\"@type\":\"WebSite\",\"@id\":\"http:\/\/www.allclosuresin.com\/pt\/#website\",\"url\":\"http:\/\/www.allclosuresin.com\/pt\/\",\"name\":\"ALL CLOSURES IN\",\"description\":\"UMA ROLHA DE CONFIAN\u00c7A - Tudo o que tem valor deve ser protegido.\",\"publisher\":{\"@id\":\"http:\/\/www.allclosuresin.com\/pt\/#organization\"},\"potentialAction\":[{\"@type\":\"SearchAction\",\"target\":{\"@type\":\"EntryPoint\",\"urlTemplate\":\"http:\/\/www.allclosuresin.com\/pt\/?s={search_term_string}\"},\"query-input\":\"required name=search_term_string\"}],\"inLanguage\":\"pt-PT\"},{\"@type\":\"Organization\",\"@id\":\"http:\/\/www.allclosuresin.com\/pt\/#organization\",\"name\":\"All Closures In\",\"url\":\"http:\/\/www.allclosuresin.com\/pt\/\",\"logo\":{\"@type\":\"ImageObject\",\"inLanguage\":\"pt-PT\",\"@id\":\"http:\/\/www.allclosuresin.com\/pt\/#\/schema\/logo\/image\/\",\"url\":\"http:\/\/www.allclosuresin.com\/wp-content\/uploads\/2016\/11\/logo_grande.png\",\"contentUrl\":\"http:\/\/www.allclosuresin.com\/wp-content\/uploads\/2016\/11\/logo_grande.png\",\"width\":413,\"height\":292,\"caption\":\"All Closures In\"},\"image\":{\"@id\":\"http:\/\/www.allclosuresin.com\/pt\/#\/schema\/logo\/image\/\"}}]}<\/script>\n<!-- \/ Yoast SEO plugin. -->","yoast_head_json":{"title":"A Empresa - ALL CLOSURES IN","description":"A All Closures In, S.A. \u00e9 uma empresa dedicada a fornecer rolhas de corti\u00e7a adaptadas \u00e0s necessidades espec\u00edficas de cada produtor de vinho.","robots":{"index":"index","follow":"follow","max-snippet":"max-snippet:-1","max-image-preview":"max-image-preview:large","max-video-preview":"max-video-preview:-1"},"canonical":"http:\/\/www.allclosuresin.com\/pt\/empresa\/","og_locale":"pt_PT","og_type":"article","og_title":"A Empresa - ALL CLOSURES IN","og_description":"A All Closures In, S.A. \u00e9 uma empresa dedicada a fornecer rolhas de corti\u00e7a adaptadas \u00e0s necessidades espec\u00edficas de cada produtor de vinho.","og_url":"http:\/\/www.allclosuresin.com\/pt\/empresa\/","og_site_name":"ALL CLOSURES IN","article_modified_time":"2017-03-06T11:36:38+00:00","twitter_card":"summary_large_image","twitter_misc":{"Tempo estimado de leitura":"8 minutos"},"schema":{"@context":"https:\/\/schema.org","@graph":[{"@type":"WebPage","@id":"http:\/\/www.allclosuresin.com\/pt\/empresa\/","url":"http:\/\/www.allclosuresin.com\/pt\/empresa\/","name":"A Empresa - ALL CLOSURES IN","isPartOf":{"@id":"http:\/\/www.allclosuresin.com\/pt\/#website"},"datePublished":"2016-11-24T10:42:46+00:00","dateModified":"2017-03-06T11:36:38+00:00","description":"A All Closures In, S.A. \u00e9 uma empresa dedicada a fornecer rolhas de corti\u00e7a adaptadas \u00e0s necessidades espec\u00edficas de cada produtor de vinho.","breadcrumb":{"@id":"http:\/\/www.allclosuresin.com\/pt\/empresa\/#breadcrumb"},"inLanguage":"pt-PT","potentialAction":[{"@type":"ReadAction","target":[["http:\/\/www.allclosuresin.com\/pt\/empresa\/"]]}]},{"@type":"BreadcrumbList","@id":"http:\/\/www.allclosuresin.com\/pt\/empresa\/#breadcrumb","itemListElement":[{"@type":"ListItem","position":1,"name":"In\u00edcio","item":"http:\/\/www.allclosuresin.com\/pt\/"},{"@type":"ListItem","position":2,"name":"A Empresa"}]},{"@type":"WebSite","@id":"http:\/\/www.allclosuresin.com\/pt\/#website","url":"http:\/\/www.allclosuresin.com\/pt\/","name":"ALL CLOSURES IN","description":"UMA ROLHA DE CONFIAN\u00c7A - Tudo o que tem valor deve ser protegido.","publisher":{"@id":"http:\/\/www.allclosuresin.com\/pt\/#organization"},"potentialAction":[{"@type":"SearchAction","target":{"@type":"EntryPoint","urlTemplate":"http:\/\/www.allclosuresin.com\/pt\/?s={search_term_string}"},"query-input":"required name=search_term_string"}],"inLanguage":"pt-PT"},{"@type":"Organization","@id":"http:\/\/www.allclosuresin.com\/pt\/#organization","name":"All Closures In","url":"http:\/\/www.allclosuresin.com\/pt\/","logo":{"@type":"ImageObject","inLanguage":"pt-PT","@id":"http:\/\/www.allclosuresin.com\/pt\/#\/schema\/logo\/image\/","url":"http:\/\/www.allclosuresin.com\/wp-content\/uploads\/2016\/11\/logo_grande.png","contentUrl":"http:\/\/www.allclosuresin.com\/wp-content\/uploads\/2016\/11\/logo_grande.png","width":413,"height":292,"caption":"All Closures In"},"image":{"@id":"http:\/\/www.allclosuresin.com\/pt\/#\/schema\/logo\/image\/"}}]}},"_links":{"self":[{"href":"http:\/\/www.allclosuresin.com\/pt\/wp-json\/wp\/v2\/pages\/4044"}],"collection":[{"href":"http:\/\/www.allclosuresin.com\/pt\/wp-json\/wp\/v2\/pages"}],"about":[{"href":"http:\/\/www.allclosuresin.com\/pt\/wp-json\/wp\/v2\/types\/page"}],"author":[{"embeddable":true,"href":"http:\/\/www.allclosuresin.com\/pt\/wp-json\/wp\/v2\/users\/1"}],"replies":[{"embeddable":true,"href":"http:\/\/www.allclosuresin.com\/pt\/wp-json\/wp\/v2\/comments?post=4044"}],"version-history":[{"count":4,"href":"http:\/\/www.allclosuresin.com\/pt\/wp-json\/wp\/v2\/pages\/4044\/revisions"}],"predecessor-version":[{"id":4746,"href":"http:\/\/www.allclosuresin.com\/pt\/wp-json\/wp\/v2\/pages\/4044\/revisions\/4746"}],"wp:attachment":[{"href":"http:\/\/www.allclosuresin.com\/pt\/wp-json\/wp\/v2\/media?parent=4044"}],"curies":[{"name":"wp","href":"https:\/\/api.w.org\/{rel}","templated":true}]}}