{"id":4063,"date":"2016-11-24T12:42:27","date_gmt":"2016-11-24T12:42:27","guid":{"rendered":"http:\/\/www.allclosuresin.com\/site\/?page_id=4063"},"modified":"2017-03-06T11:58:27","modified_gmt":"2017-03-06T11:58:27","slug":"sostenibilidad","status":"publish","type":"page","link":"http:\/\/www.allclosuresin.com\/pt\/sustentabilidade\/","title":{"rendered":"Sustentabilidade"},"content":{"rendered":"<div class=\"wpb-content-wrapper\"><p>[vc_row][vc_column reveal_effect=&#8221;fadeIn&#8221; reveal_duration=&#8221;0.7&#8243;][lab_heading title=&#8221;Sustentabilidade&#8221;]O poder da sustentabilidade e a prote\u00e7\u00e3o do planeta[\/lab_heading][\/vc_column][\/vc_row][vc_row no_bottom_margin=&#8221;yes&#8221; css=&#8221;.vc_custom_1449173575424{margin-bottom: 0px !important;}&#8221;][vc_column reveal_effect=&#8221;fadeIn&#8221; width=&#8221;1\/2&#8243; reveal_duration=&#8221;1&#8243; css=&#8221;.vc_custom_1427135159400{margin-right: 0px !important;padding-right: 0px !important;}&#8221;][vc_single_image image=&#8221;4420&#8243; img_size=&#8221;full&#8221; css=&#8221;.vc_custom_1480686270654{margin-bottom: 0px !important;}&#8221;][\/vc_column][vc_column reveal_effect=&#8221;fadeIn&#8221; width=&#8221;1\/2&#8243; css=&#8221;.vc_custom_1426247184186{margin-left: 0px !important;padding-left: 0px !important;}&#8221; reveal_duration=&#8221;1&#8243;][lab_service_box css=&#8221;.vc_custom_1426246489664{padding-top: 45px !important;padding-right: 65px !important;padding-bottom: 45px !important;padding-left: 65px !important;}&#8221;][vc_icon type=&#8221;fontawesome&#8221; icon_fontawesome=&#8221;fa fa-pagelines&#8221; color=&#8221;vista_blue&#8221; background_style=&#8221;rounded-outline&#8221; background_color=&#8221;vista_blue&#8221;][lab_service_box_content title=&#8221;A import\u00e2ncia ecol\u00f3gica dos montados de sobro&#8221; description=&#8221;A conserva\u00e7\u00e3o da biodiversidade, a regula\u00e7\u00e3o do ciclo hidrol\u00f3gico, a prote\u00e7\u00e3o do solo ou o sequestro de carbono, s\u00e3o exemplos de servi\u00e7os ambientais gerados pelos ecossistemas florestais, de que s\u00e3o exemplos os montados de sobro e os bosques de sobreiro.<\/p>\n<p>Os ecossistemas das regi\u00f5es mediterr\u00e2nicas s\u00e3o particularmente ricos em fauna e flora, constitu\u00edndo hotspots de biodiversidade. A Bacia Mediterr\u00e2nica tem uma riqueza em esp\u00e9cies muito superior ao que se encontra no resto da Europa. Destas, mais de metade s\u00f3 existem no Mediterr\u00e2neo, tornando-as esp\u00e9cies end\u00e9micas da regi\u00e3o. O sobreiro \u00e9 uma dessas esp\u00e9cies. Para al\u00e9m disso, os montados e bosques de sobreiro s\u00e3o importantes reservat\u00f3rios de diversidade biol\u00f3gica.<br \/>\nO sobreiro, a esp\u00e9cie-chave do montado, \u00e9 a base de uma cadeia alimentar que inclui desde os insetos que se alimentam das suas folhas at\u00e9 \u00e0s aves que predam estes insetos. Os montados geram ainda cobertos de fuga, nidifica\u00e7\u00e3o e zonas de alimenta\u00e7\u00e3o para v\u00e1rias esp\u00e9cies de fauna, algumas com estatuto de prote\u00e7\u00e3o.<\/p>\n<p>A longevidade das \u00e1rvores (que podem viver, em m\u00e9dia, 200 anos) e a persist\u00eancia da estrutura da comunidade vegetal contribuem para a elevada diversidade de plantas existentes nos montados.&#8221;][\/lab_service_box][\/vc_column][\/vc_row][vc_row no_bottom_margin=&#8221;yes&#8221; css=&#8221;.vc_custom_1449173593554{margin-bottom: 0px !important;}&#8221;][vc_column reveal_effect=&#8221;fadeIn&#8221; width=&#8221;1\/2&#8243; reveal_duration=&#8221;1&#8243;][lab_service_box css=&#8221;.vc_custom_1426246508339{margin-right: 0px !important;margin-left: 0px !important;padding-top: 45px !important;padding-right: 65px !important;padding-bottom: 45px !important;padding-left: 65px !important;}&#8221;][vc_icon type=&#8221;fontawesome&#8221; icon_fontawesome=&#8221;fa fa-tint&#8221; color=&#8221;vista_blue&#8221; background_style=&#8221;rounded-outline&#8221; background_color=&#8221;vista_blue&#8221;][lab_service_box_content title=&#8221;A regula\u00e7\u00e3o hidrol\u00f3gica e a conserva\u00e7\u00e3o do solo&#8221; description=&#8221;As florestas, incluindo os montados de sobro, desempenham um papel fundamental na regula\u00e7\u00e3o hidrol\u00f3gica. A infiltra\u00e7\u00e3o e escorrimento superficial da \u00e1gua s\u00e3o influenciados pela presen\u00e7a das \u00e1rvores e das suas ra\u00edzes. As copas das \u00e1rvores interceptam a \u00e1gua da chuva e \u201ccanalizam-na\u201d para o solo. Frequentemente o solo debaixo da copa \u00e9 mais perme\u00e1vel, tem maior capacidade de reten\u00e7\u00e3o de \u00e1gua e \u00e9 mais rico em nutrientes do que o solo descoberto, sendo mais protegido do impacto direto da chuva que, em determinadas circunst\u00e2ncias, pode provocar arrastamento e eros\u00e3o dos solos, contribuindo para a regula\u00e7\u00e3o do ciclo da \u00e1gua.<\/p>\n<p>Nos montados de sobro, apesar de as copas se manterem verdes todo o ano, as folhas s\u00e3o renovadas anualmente. As folhas antigas decomp\u00f5em-se, contribuindo com mat\u00e9ria org\u00e2nica para o solo, reciclando os nutrientes absorvidos pelas plantas. Mas a principal contribui\u00e7\u00e3o para a acumula\u00e7\u00e3o de mat\u00e9ria org\u00e2nica no solo vem das ra\u00edzes finas dos sobreiros, que proliferam perto da superf\u00edcie do solo e que t\u00eam per\u00edodos de vida de curta dura\u00e7\u00e3o.<\/p>\n<p>Os bosques de sobreiro, devido ao seu potencial valor econ\u00f3mico, podem ainda ser cruciais na constitui\u00e7\u00e3o de \u00e1reas florestais que sejam uma barreira contra a desertifica\u00e7\u00e3o.&#8221;][\/lab_service_box][\/vc_column][vc_column reveal_effect=&#8221;fadeIn&#8221; width=&#8221;1\/2&#8243; css=&#8221;.vc_custom_1471595809282{margin-left: -15px !important;padding-right: 0px !important;padding-left: 0px !important;}&#8221; reveal_duration=&#8221;1&#8243;][vc_single_image image=&#8221;4368&#8243; img_size=&#8221;full&#8221; css=&#8221;.vc_custom_1480686670630{margin-bottom: 0px !important;}&#8221;][\/vc_column][\/vc_row][vc_row css=&#8221;.vc_custom_1426246390316{margin-bottom: 0px !important;}&#8221;][vc_column reveal_effect=&#8221;fadeIn&#8221; width=&#8221;1\/2&#8243; reveal_duration=&#8221;1&#8243;][vc_single_image image=&#8221;4179&#8243; img_size=&#8221;full&#8221;][\/vc_column][vc_column reveal_effect=&#8221;fadeIn&#8221; width=&#8221;1\/2&#8243; reveal_duration=&#8221;1&#8243;][lab_service_box css=&#8221;.vc_custom_1426246531346{padding-top: 45px !important;padding-right: 65px !important;padding-bottom: 45px !important;padding-left: 65px !important;}&#8221;][vc_icon type=&#8221;fontawesome&#8221; icon_fontawesome=&#8221;fa fa-leaf&#8221; color=&#8221;vista_blue&#8221; background_style=&#8221;rounded-outline&#8221; background_color=&#8221;vista_blue&#8221;][lab_service_box_content title=&#8221;A rolha de corti\u00e7a e o ambiente&#8221; description=&#8221;O aumento nas concentra\u00e7\u00f5es de gases com efeito estufa na atmosfera, como o di\u00f3xido de carbono (CO2), \u00e9 respons\u00e1vel por importantes altera\u00e7\u00f5es do clima.<\/p>\n<p>Extraem-se anualmente cerca de 200 mil toneladas de corti\u00e7a, sendo Portugal respons\u00e1vel por aproximadamente metade da produ\u00e7\u00e3o mundial.<br \/>\nAproximadamente 1\/3 da corti\u00e7a \u00e9 transformada em rolhas.<\/p>\n<p>Enquanto produto vegetal, a corti\u00e7a ret\u00e9m carbono que resulta da assimila\u00e7\u00e3o fotossint\u00e9tica de di\u00f3xido de carbono atmosf\u00e9rico (CO2). Uma parte deste carbono \u00e9 usada no metabolismo e o resto no crescimento da planta. A corti\u00e7a trabalhada continuar\u00e1 a reter carbono (metade do peso seco de cada rolha). Esta fun\u00e7\u00e3o s\u00f3 termina com a devolu\u00e7\u00e3o de carbono \u00e0 atmosfera na forma de CO2. Este sequestro de carbono em compostos sem efeito de estufa, nomeadamente CO2, contribui para a mitiga\u00e7\u00e3o dos efeitos das emiss\u00f5es de gases com efeito de estufa.<\/p>\n<p>Comparativamente com outros vedantes, no que respeita \u00e0 emiss\u00e3o de gases com efeito de estufa, a produ\u00e7\u00e3o e utiliza\u00e7\u00e3o de cada rolha emite 10 vezes menos CO2 do que um vedante de pl\u00e1stico e 24 vezes menos do que uma c\u00e1psula de alum\u00ednio.<\/p>\n<p>Para al\u00e9m de tudo isto, e ao contr\u00e1rio das florestas exploradas para produ\u00e7\u00e3o de madeira, a explora\u00e7\u00e3o comercial da corti\u00e7a n\u00e3o requer o abatimento das \u00e1rvores, deixando-as intactas. Apenas a corti\u00e7a de parte do tronco e ramos grossos \u00e9 extra\u00edda em intervalos de 9 anos, e representa uma propor\u00e7\u00e3o \u00ednfima da produtividade total das \u00e1rvores (1%). A colheita de uma propor\u00e7\u00e3o t\u00e3o pequena do stock de carbono n\u00e3o altera a estrutura da floresta ou a fisiologia das \u00e1rvores.<\/p>\n<p>Em suma, a rolha \u00e9 um produto natural, cuja extrac\u00e7\u00e3o da corti\u00e7a, para al\u00e9m de n\u00e3o afetar os processos do ecossistema, viabiliza a presta\u00e7\u00e3o de servi\u00e7os ambientais fulcrais, pelos montados e bosques de sobreiro. A gest\u00e3o cuidada e a valoriza\u00e7\u00e3o adequada destes servi\u00e7os s\u00e3o essenciais \u00e0 sua sustentabilidade e \u00e0 manuten\u00e7\u00e3o dos benef\u00edcios que geram para a sociedade.&#8221;][\/lab_service_box][\/vc_column][\/vc_row]<\/p>\n<\/div>","protected":false},"excerpt":{"rendered":"<p>[vc_row][vc_column reveal_effect=&#8221;fadeIn&#8221; reveal_duration=&#8221;0.7&#8243;][lab_heading title=&#8221;Sustentabilidade&#8221;]O poder da sustentabilidade e a prote\u00e7\u00e3o do planeta[\/lab_heading][\/vc_column][\/vc_row][vc_row no_bottom_margin=&#8221;yes&#8221; css=&#8221;.vc_custom_1449173575424{margin-bottom: 0px !important;}&#8221;][vc_column reveal_effect=&#8221;fadeIn&#8221; width=&#8221;1\/2&#8243; reveal_duration=&#8221;1&#8243; css=&#8221;.vc_custom_1427135159400{margin-right: 0px !important;padding-right: 0px !important;}&#8221;][vc_single_image image=&#8221;4420&#8243; img_size=&#8221;full&#8221; css=&#8221;.vc_custom_1480686270654{margin-bottom: 0px !important;}&#8221;][\/vc_column][vc_column reveal_effect=&#8221;fadeIn&#8221; width=&#8221;1\/2&#8243; css=&#8221;.vc_custom_1426247184186{margin-left: 0px !important;padding-left: 0px !important;}&#8221; reveal_duration=&#8221;1&#8243;][lab_service_box css=&#8221;.vc_custom_1426246489664{padding-top: 45px !important;padding-right: 65px !important;padding-bottom: 45px !important;padding-left: 65px !important;}&#8221;][vc_icon type=&#8221;fontawesome&#8221; icon_fontawesome=&#8221;fa fa-pagelines&#8221; color=&#8221;vista_blue&#8221; background_style=&#8221;rounded-outline&#8221; background_color=&#8221;vista_blue&#8221;][lab_service_box_content title=&#8221;A import\u00e2ncia ecol\u00f3gica&hellip;<\/p>\n","protected":false},"author":1,"featured_media":0,"parent":0,"menu_order":0,"comment_status":"closed","ping_status":"closed","template":"","meta":{"_exactmetrics_skip_tracking":false,"_exactmetrics_sitenote_active":false,"_exactmetrics_sitenote_note":"","_exactmetrics_sitenote_category":0,"footnotes":""},"acf":[],"yoast_head":"<!-- This site is optimized with the Yoast SEO plugin v22.0 - https:\/\/yoast.com\/wordpress\/plugins\/seo\/ -->\n<title>Sustentabilidade - ALL CLOSURES IN<\/title>\n<meta name=\"description\" content=\"A rolha de corti\u00e7a e o ambiente. O poder da sustentabilidade e a prote\u00e7\u00e3o do planeta.\" \/>\n<meta name=\"robots\" content=\"index, follow, max-snippet:-1, max-image-preview:large, max-video-preview:-1\" \/>\n<link rel=\"canonical\" href=\"http:\/\/www.allclosuresin.com\/pt\/sustentabilidade\/\" \/>\n<meta property=\"og:locale\" content=\"pt_PT\" \/>\n<meta property=\"og:type\" content=\"article\" \/>\n<meta property=\"og:title\" content=\"Sustentabilidade - ALL CLOSURES IN\" \/>\n<meta property=\"og:description\" content=\"A rolha de corti\u00e7a e o ambiente. O poder da sustentabilidade e a prote\u00e7\u00e3o do planeta.\" \/>\n<meta property=\"og:url\" content=\"http:\/\/www.allclosuresin.com\/pt\/sustentabilidade\/\" \/>\n<meta property=\"og:site_name\" content=\"ALL CLOSURES IN\" \/>\n<meta property=\"article:modified_time\" content=\"2017-03-06T11:58:27+00:00\" \/>\n<meta name=\"twitter:card\" content=\"summary_large_image\" \/>\n<meta name=\"twitter:label1\" content=\"Tempo estimado de leitura\" \/>\n\t<meta name=\"twitter:data1\" content=\"23 minutos\" \/>\n<script type=\"application\/ld+json\" class=\"yoast-schema-graph\">{\"@context\":\"https:\/\/schema.org\",\"@graph\":[{\"@type\":\"WebPage\",\"@id\":\"http:\/\/www.allclosuresin.com\/pt\/sustentabilidade\/\",\"url\":\"http:\/\/www.allclosuresin.com\/pt\/sustentabilidade\/\",\"name\":\"Sustentabilidade - ALL CLOSURES IN\",\"isPartOf\":{\"@id\":\"http:\/\/www.allclosuresin.com\/pt\/#website\"},\"datePublished\":\"2016-11-24T12:42:27+00:00\",\"dateModified\":\"2017-03-06T11:58:27+00:00\",\"description\":\"A rolha de corti\u00e7a e o ambiente. O poder da sustentabilidade e a prote\u00e7\u00e3o do planeta.\",\"breadcrumb\":{\"@id\":\"http:\/\/www.allclosuresin.com\/pt\/sustentabilidade\/#breadcrumb\"},\"inLanguage\":\"pt-PT\",\"potentialAction\":[{\"@type\":\"ReadAction\",\"target\":[[\"http:\/\/www.allclosuresin.com\/pt\/sustentabilidade\/\"]]}]},{\"@type\":\"BreadcrumbList\",\"@id\":\"http:\/\/www.allclosuresin.com\/pt\/sustentabilidade\/#breadcrumb\",\"itemListElement\":[{\"@type\":\"ListItem\",\"position\":1,\"name\":\"In\u00edcio\",\"item\":\"http:\/\/www.allclosuresin.com\/pt\/\"},{\"@type\":\"ListItem\",\"position\":2,\"name\":\"Sustentabilidade\"}]},{\"@type\":\"WebSite\",\"@id\":\"http:\/\/www.allclosuresin.com\/pt\/#website\",\"url\":\"http:\/\/www.allclosuresin.com\/pt\/\",\"name\":\"ALL CLOSURES IN\",\"description\":\"UMA ROLHA DE CONFIAN\u00c7A - Tudo o que tem valor deve ser protegido.\",\"publisher\":{\"@id\":\"http:\/\/www.allclosuresin.com\/pt\/#organization\"},\"potentialAction\":[{\"@type\":\"SearchAction\",\"target\":{\"@type\":\"EntryPoint\",\"urlTemplate\":\"http:\/\/www.allclosuresin.com\/pt\/?s={search_term_string}\"},\"query-input\":\"required name=search_term_string\"}],\"inLanguage\":\"pt-PT\"},{\"@type\":\"Organization\",\"@id\":\"http:\/\/www.allclosuresin.com\/pt\/#organization\",\"name\":\"All Closures In\",\"url\":\"http:\/\/www.allclosuresin.com\/pt\/\",\"logo\":{\"@type\":\"ImageObject\",\"inLanguage\":\"pt-PT\",\"@id\":\"http:\/\/www.allclosuresin.com\/pt\/#\/schema\/logo\/image\/\",\"url\":\"http:\/\/www.allclosuresin.com\/wp-content\/uploads\/2016\/11\/logo_grande.png\",\"contentUrl\":\"http:\/\/www.allclosuresin.com\/wp-content\/uploads\/2016\/11\/logo_grande.png\",\"width\":413,\"height\":292,\"caption\":\"All Closures In\"},\"image\":{\"@id\":\"http:\/\/www.allclosuresin.com\/pt\/#\/schema\/logo\/image\/\"}}]}<\/script>\n<!-- \/ Yoast SEO plugin. -->","yoast_head_json":{"title":"Sustentabilidade - ALL CLOSURES IN","description":"A rolha de corti\u00e7a e o ambiente. O poder da sustentabilidade e a prote\u00e7\u00e3o do planeta.","robots":{"index":"index","follow":"follow","max-snippet":"max-snippet:-1","max-image-preview":"max-image-preview:large","max-video-preview":"max-video-preview:-1"},"canonical":"http:\/\/www.allclosuresin.com\/pt\/sustentabilidade\/","og_locale":"pt_PT","og_type":"article","og_title":"Sustentabilidade - ALL CLOSURES IN","og_description":"A rolha de corti\u00e7a e o ambiente. O poder da sustentabilidade e a prote\u00e7\u00e3o do planeta.","og_url":"http:\/\/www.allclosuresin.com\/pt\/sustentabilidade\/","og_site_name":"ALL CLOSURES IN","article_modified_time":"2017-03-06T11:58:27+00:00","twitter_card":"summary_large_image","twitter_misc":{"Tempo estimado de leitura":"23 minutos"},"schema":{"@context":"https:\/\/schema.org","@graph":[{"@type":"WebPage","@id":"http:\/\/www.allclosuresin.com\/pt\/sustentabilidade\/","url":"http:\/\/www.allclosuresin.com\/pt\/sustentabilidade\/","name":"Sustentabilidade - ALL CLOSURES IN","isPartOf":{"@id":"http:\/\/www.allclosuresin.com\/pt\/#website"},"datePublished":"2016-11-24T12:42:27+00:00","dateModified":"2017-03-06T11:58:27+00:00","description":"A rolha de corti\u00e7a e o ambiente. O poder da sustentabilidade e a prote\u00e7\u00e3o do planeta.","breadcrumb":{"@id":"http:\/\/www.allclosuresin.com\/pt\/sustentabilidade\/#breadcrumb"},"inLanguage":"pt-PT","potentialAction":[{"@type":"ReadAction","target":[["http:\/\/www.allclosuresin.com\/pt\/sustentabilidade\/"]]}]},{"@type":"BreadcrumbList","@id":"http:\/\/www.allclosuresin.com\/pt\/sustentabilidade\/#breadcrumb","itemListElement":[{"@type":"ListItem","position":1,"name":"In\u00edcio","item":"http:\/\/www.allclosuresin.com\/pt\/"},{"@type":"ListItem","position":2,"name":"Sustentabilidade"}]},{"@type":"WebSite","@id":"http:\/\/www.allclosuresin.com\/pt\/#website","url":"http:\/\/www.allclosuresin.com\/pt\/","name":"ALL CLOSURES IN","description":"UMA ROLHA DE CONFIAN\u00c7A - Tudo o que tem valor deve ser protegido.","publisher":{"@id":"http:\/\/www.allclosuresin.com\/pt\/#organization"},"potentialAction":[{"@type":"SearchAction","target":{"@type":"EntryPoint","urlTemplate":"http:\/\/www.allclosuresin.com\/pt\/?s={search_term_string}"},"query-input":"required name=search_term_string"}],"inLanguage":"pt-PT"},{"@type":"Organization","@id":"http:\/\/www.allclosuresin.com\/pt\/#organization","name":"All Closures In","url":"http:\/\/www.allclosuresin.com\/pt\/","logo":{"@type":"ImageObject","inLanguage":"pt-PT","@id":"http:\/\/www.allclosuresin.com\/pt\/#\/schema\/logo\/image\/","url":"http:\/\/www.allclosuresin.com\/wp-content\/uploads\/2016\/11\/logo_grande.png","contentUrl":"http:\/\/www.allclosuresin.com\/wp-content\/uploads\/2016\/11\/logo_grande.png","width":413,"height":292,"caption":"All Closures In"},"image":{"@id":"http:\/\/www.allclosuresin.com\/pt\/#\/schema\/logo\/image\/"}}]}},"_links":{"self":[{"href":"http:\/\/www.allclosuresin.com\/pt\/wp-json\/wp\/v2\/pages\/4063"}],"collection":[{"href":"http:\/\/www.allclosuresin.com\/pt\/wp-json\/wp\/v2\/pages"}],"about":[{"href":"http:\/\/www.allclosuresin.com\/pt\/wp-json\/wp\/v2\/types\/page"}],"author":[{"embeddable":true,"href":"http:\/\/www.allclosuresin.com\/pt\/wp-json\/wp\/v2\/users\/1"}],"replies":[{"embeddable":true,"href":"http:\/\/www.allclosuresin.com\/pt\/wp-json\/wp\/v2\/comments?post=4063"}],"version-history":[{"count":3,"href":"http:\/\/www.allclosuresin.com\/pt\/wp-json\/wp\/v2\/pages\/4063\/revisions"}],"predecessor-version":[{"id":4747,"href":"http:\/\/www.allclosuresin.com\/pt\/wp-json\/wp\/v2\/pages\/4063\/revisions\/4747"}],"wp:attachment":[{"href":"http:\/\/www.allclosuresin.com\/pt\/wp-json\/wp\/v2\/media?parent=4063"}],"curies":[{"name":"wp","href":"https:\/\/api.w.org\/{rel}","templated":true}]}}