{"id":4188,"date":"2016-11-25T16:55:33","date_gmt":"2016-11-25T16:55:33","guid":{"rendered":"http:\/\/allclosuresin.com\/site\/?page_id=4188"},"modified":"2017-03-06T12:06:51","modified_gmt":"2017-03-06T12:06:51","slug":"galeria","status":"publish","type":"page","link":"http:\/\/www.allclosuresin.com\/pt\/galeria\/","title":{"rendered":"Galeria"},"content":{"rendered":"<div class=\"wpb-content-wrapper\"><p>[vc_row][vc_column width=&#8221;1\/2&#8243;][vc_raw_html]JTNDaWZyYW1lJTIwd2lkdGglM0QlMjI1NjAlMjIlMjBoZWlnaHQlM0QlMjIzMTUlMjIlMjBzcmMlM0QlMjJodHRwcyUzQSUyRiUyRnd3dy55b3V0dWJlLmNvbSUyRmVtYmVkJTJGOHFnSlRPODJTaWslMjIlMjBmcmFtZWJvcmRlciUzRCUyMjAlMjIlMjBhbGxvd2Z1bGxzY3JlZW4lM0UlM0MlMkZpZnJhbWUlM0U=[\/vc_raw_html][\/vc_column][vc_column width=&#8221;1\/2&#8243;][vc_raw_html]JTNDaWZyYW1lJTIwd2lkdGglM0QlMjI1NjAlMjIlMjBoZWlnaHQlM0QlMjIzMTUlMjIlMjBzcmMlM0QlMjJodHRwcyUzQSUyRiUyRnd3dy55b3V0dWJlLmNvbSUyRmVtYmVkJTJGTW5Oa2FGdHlBYUElMjIlMjBmcmFtZWJvcmRlciUzRCUyMjAlMjIlMjBhbGxvd2Z1bGxzY3JlZW4lM0UlM0MlMkZpZnJhbWUlM0U=[\/vc_raw_html][\/vc_column][\/vc_row]<\/p>\n<\/div>","protected":false},"excerpt":{"rendered":"<p>[vc_row][vc_column width=&#8221;1\/2&#8243;][vc_raw_html]JTNDaWZyYW1lJTIwd2lkdGglM0QlMjI1NjAlMjIlMjBoZWlnaHQlM0QlMjIzMTUlMjIlMjBzcmMlM0QlMjJodHRwcyUzQSUyRiUyRnd3dy55b3V0dWJlLmNvbSUyRmVtYmVkJTJGOHFnSlRPODJTaWslMjIlMjBmcmFtZWJvcmRlciUzRCUyMjAlMjIlMjBhbGxvd2Z1bGxzY3JlZW4lM0UlM0MlMkZpZnJhbWUlM0U=[\/vc_raw_html][\/vc_column][vc_column width=&#8221;1\/2&#8243;][vc_raw_html]JTNDaWZyYW1lJTIwd2lkdGglM0QlMjI1NjAlMjIlMjBoZWlnaHQlM0QlMjIzMTUlMjIlMjBzcmMlM0QlMjJodHRwcyUzQSUyRiUyRnd3dy55b3V0dWJlLmNvbSUyRmVtYmVkJTJGTW5Oa2FGdHlBYUElMjIlMjBmcmFtZWJvcmRlciUzRCUyMjAlMjIlMjBhbGxvd2Z1bGxzY3JlZW4lM0UlM0MlMkZpZnJhbWUlM0U=[\/vc_raw_html][\/vc_column][\/vc_row]<\/p>\n","protected":false},"author":1,"featured_media":0,"parent":0,"menu_order":0,"comment_status":"closed","ping_status":"closed","template":"","meta":{"_exactmetrics_skip_tracking":false,"_exactmetrics_sitenote_active":false,"_exactmetrics_sitenote_note":"","_exactmetrics_sitenote_category":0,"footnotes":""},"acf":[],"yoast_head":"<!-- This site is optimized with the Yoast SEO plugin v22.0 - https:\/\/yoast.com\/wordpress\/plugins\/seo\/ -->\n<title>Galeria - ALL CLOSURES IN<\/title>\n<meta name=\"description\" content=\"Uma galeria dedicada \u00e0 corti\u00e7a e \u00e0s rolhas de corti\u00e7a.\" \/>\n<meta name=\"robots\" content=\"index, follow, max-snippet:-1, max-image-preview:large, max-video-preview:-1\" \/>\n<link rel=\"canonical\" href=\"http:\/\/www.allclosuresin.com\/pt\/galeria\/\" \/>\n<meta property=\"og:locale\" content=\"pt_PT\" \/>\n<meta property=\"og:type\" content=\"article\" \/>\n<meta property=\"og:title\" content=\"Galeria - ALL CLOSURES IN\" \/>\n<meta property=\"og:description\" content=\"Uma galeria dedicada \u00e0 corti\u00e7a e \u00e0s rolhas de corti\u00e7a.\" \/>\n<meta property=\"og:url\" content=\"http:\/\/www.allclosuresin.com\/pt\/galeria\/\" \/>\n<meta property=\"og:site_name\" content=\"ALL CLOSURES IN\" \/>\n<meta property=\"article:modified_time\" content=\"2017-03-06T12:06:51+00:00\" \/>\n<meta name=\"twitter:card\" content=\"summary_large_image\" \/>\n<meta name=\"twitter:label1\" content=\"Tempo estimado de leitura\" \/>\n\t<meta name=\"twitter:data1\" content=\"1 minuto\" \/>\n<script type=\"application\/ld+json\" class=\"yoast-schema-graph\">{\"@context\":\"https:\/\/schema.org\",\"@graph\":[{\"@type\":\"WebPage\",\"@id\":\"http:\/\/www.allclosuresin.com\/pt\/galeria\/\",\"url\":\"http:\/\/www.allclosuresin.com\/pt\/galeria\/\",\"name\":\"Galeria - ALL CLOSURES IN\",\"isPartOf\":{\"@id\":\"http:\/\/www.allclosuresin.com\/pt\/#website\"},\"datePublished\":\"2016-11-25T16:55:33+00:00\",\"dateModified\":\"2017-03-06T12:06:51+00:00\",\"description\":\"Uma galeria dedicada \u00e0 corti\u00e7a e \u00e0s rolhas de corti\u00e7a.\",\"breadcrumb\":{\"@id\":\"http:\/\/www.allclosuresin.com\/pt\/galeria\/#breadcrumb\"},\"inLanguage\":\"pt-PT\",\"potentialAction\":[{\"@type\":\"ReadAction\",\"target\":[[\"http:\/\/www.allclosuresin.com\/pt\/galeria\/\"]]}]},{\"@type\":\"BreadcrumbList\",\"@id\":\"http:\/\/www.allclosuresin.com\/pt\/galeria\/#breadcrumb\",\"itemListElement\":[{\"@type\":\"ListItem\",\"position\":1,\"name\":\"In\u00edcio\",\"item\":\"http:\/\/www.allclosuresin.com\/pt\/\"},{\"@type\":\"ListItem\",\"position\":2,\"name\":\"Galeria\"}]},{\"@type\":\"WebSite\",\"@id\":\"http:\/\/www.allclosuresin.com\/pt\/#website\",\"url\":\"http:\/\/www.allclosuresin.com\/pt\/\",\"name\":\"ALL CLOSURES IN\",\"description\":\"UMA ROLHA DE CONFIAN\u00c7A - Tudo o que tem valor deve ser protegido.\",\"publisher\":{\"@id\":\"http:\/\/www.allclosuresin.com\/pt\/#organization\"},\"potentialAction\":[{\"@type\":\"SearchAction\",\"target\":{\"@type\":\"EntryPoint\",\"urlTemplate\":\"http:\/\/www.allclosuresin.com\/pt\/?s={search_term_string}\"},\"query-input\":\"required name=search_term_string\"}],\"inLanguage\":\"pt-PT\"},{\"@type\":\"Organization\",\"@id\":\"http:\/\/www.allclosuresin.com\/pt\/#organization\",\"name\":\"All Closures In\",\"url\":\"http:\/\/www.allclosuresin.com\/pt\/\",\"logo\":{\"@type\":\"ImageObject\",\"inLanguage\":\"pt-PT\",\"@id\":\"http:\/\/www.allclosuresin.com\/pt\/#\/schema\/logo\/image\/\",\"url\":\"http:\/\/www.allclosuresin.com\/wp-content\/uploads\/2016\/11\/logo_grande.png\",\"contentUrl\":\"http:\/\/www.allclosuresin.com\/wp-content\/uploads\/2016\/11\/logo_grande.png\",\"width\":413,\"height\":292,\"caption\":\"All Closures In\"},\"image\":{\"@id\":\"http:\/\/www.allclosuresin.com\/pt\/#\/schema\/logo\/image\/\"}}]}<\/script>\n<!-- \/ Yoast SEO plugin. -->","yoast_head_json":{"title":"Galeria - ALL CLOSURES IN","description":"Uma galeria dedicada \u00e0 corti\u00e7a e \u00e0s rolhas de corti\u00e7a.","robots":{"index":"index","follow":"follow","max-snippet":"max-snippet:-1","max-image-preview":"max-image-preview:large","max-video-preview":"max-video-preview:-1"},"canonical":"http:\/\/www.allclosuresin.com\/pt\/galeria\/","og_locale":"pt_PT","og_type":"article","og_title":"Galeria - ALL CLOSURES IN","og_description":"Uma galeria dedicada \u00e0 corti\u00e7a e \u00e0s rolhas de corti\u00e7a.","og_url":"http:\/\/www.allclosuresin.com\/pt\/galeria\/","og_site_name":"ALL CLOSURES IN","article_modified_time":"2017-03-06T12:06:51+00:00","twitter_card":"summary_large_image","twitter_misc":{"Tempo estimado de leitura":"1 minuto"},"schema":{"@context":"https:\/\/schema.org","@graph":[{"@type":"WebPage","@id":"http:\/\/www.allclosuresin.com\/pt\/galeria\/","url":"http:\/\/www.allclosuresin.com\/pt\/galeria\/","name":"Galeria - ALL CLOSURES IN","isPartOf":{"@id":"http:\/\/www.allclosuresin.com\/pt\/#website"},"datePublished":"2016-11-25T16:55:33+00:00","dateModified":"2017-03-06T12:06:51+00:00","description":"Uma galeria dedicada \u00e0 corti\u00e7a e \u00e0s rolhas de corti\u00e7a.","breadcrumb":{"@id":"http:\/\/www.allclosuresin.com\/pt\/galeria\/#breadcrumb"},"inLanguage":"pt-PT","potentialAction":[{"@type":"ReadAction","target":[["http:\/\/www.allclosuresin.com\/pt\/galeria\/"]]}]},{"@type":"BreadcrumbList","@id":"http:\/\/www.allclosuresin.com\/pt\/galeria\/#breadcrumb","itemListElement":[{"@type":"ListItem","position":1,"name":"In\u00edcio","item":"http:\/\/www.allclosuresin.com\/pt\/"},{"@type":"ListItem","position":2,"name":"Galeria"}]},{"@type":"WebSite","@id":"http:\/\/www.allclosuresin.com\/pt\/#website","url":"http:\/\/www.allclosuresin.com\/pt\/","name":"ALL CLOSURES IN","description":"UMA ROLHA DE CONFIAN\u00c7A - Tudo o que tem valor deve ser protegido.","publisher":{"@id":"http:\/\/www.allclosuresin.com\/pt\/#organization"},"potentialAction":[{"@type":"SearchAction","target":{"@type":"EntryPoint","urlTemplate":"http:\/\/www.allclosuresin.com\/pt\/?s={search_term_string}"},"query-input":"required name=search_term_string"}],"inLanguage":"pt-PT"},{"@type":"Organization","@id":"http:\/\/www.allclosuresin.com\/pt\/#organization","name":"All Closures In","url":"http:\/\/www.allclosuresin.com\/pt\/","logo":{"@type":"ImageObject","inLanguage":"pt-PT","@id":"http:\/\/www.allclosuresin.com\/pt\/#\/schema\/logo\/image\/","url":"http:\/\/www.allclosuresin.com\/wp-content\/uploads\/2016\/11\/logo_grande.png","contentUrl":"http:\/\/www.allclosuresin.com\/wp-content\/uploads\/2016\/11\/logo_grande.png","width":413,"height":292,"caption":"All Closures In"},"image":{"@id":"http:\/\/www.allclosuresin.com\/pt\/#\/schema\/logo\/image\/"}}]}},"_links":{"self":[{"href":"http:\/\/www.allclosuresin.com\/pt\/wp-json\/wp\/v2\/pages\/4188"}],"collection":[{"href":"http:\/\/www.allclosuresin.com\/pt\/wp-json\/wp\/v2\/pages"}],"about":[{"href":"http:\/\/www.allclosuresin.com\/pt\/wp-json\/wp\/v2\/types\/page"}],"author":[{"embeddable":true,"href":"http:\/\/www.allclosuresin.com\/pt\/wp-json\/wp\/v2\/users\/1"}],"replies":[{"embeddable":true,"href":"http:\/\/www.allclosuresin.com\/pt\/wp-json\/wp\/v2\/comments?post=4188"}],"version-history":[{"count":5,"href":"http:\/\/www.allclosuresin.com\/pt\/wp-json\/wp\/v2\/pages\/4188\/revisions"}],"predecessor-version":[{"id":4553,"href":"http:\/\/www.allclosuresin.com\/pt\/wp-json\/wp\/v2\/pages\/4188\/revisions\/4553"}],"wp:attachment":[{"href":"http:\/\/www.allclosuresin.com\/pt\/wp-json\/wp\/v2\/media?parent=4188"}],"curies":[{"name":"wp","href":"https:\/\/api.w.org\/{rel}","templated":true}]}}